{"id":3755853,"date":"2026-03-11T00:22:13","date_gmt":"2026-03-10T23:22:13","guid":{"rendered":"https:\/\/streetmarkets.fr\/app\/produit\/carre-dete-764-matcha\/"},"modified":"2026-05-13T01:19:32","modified_gmt":"2026-05-12T23:19:32","slug":"carre-dete-764-matcha","status":"publish","type":"product","link":"https:\/\/streetmarkets.fr\/app\/produit\/carre-dete-764-matcha\/","title":{"rendered":"Carr\u00e9 d&#8217;\u00c9t\u00e9 764 Matcha"},"content":{"rendered":"<p><a title=\"Collection Moismont\" href=\"\/collections\/moismont\"><strong>Collection Moismont<\/strong><\/a><\/p>\n<p><span>Le foulard n\u00b0764 s\u2019inspire des fleurs indiennes pour r\u00e9v\u00e9ler un imprim\u00e9 paisley d\u00e9licat et des couleurs vives qui \u00e9voquent l\u2019exotisme et l\u2019\u00e9l\u00e9gance estivale. Confectionn\u00e9 en coton l\u00e9ger, ce carr\u00e9 65 x 65 cm devient un accessoire pr\u00e9cieux, \u00e0 nouer autour du cou ou dans les cheveux, pour apporter \u00e0 vos silhouettes une touche graphique, fra\u00eeche et lumineuse. Doux au toucher et facile \u00e0 porter, il capture toute la l\u00e9g\u00e8ret\u00e9 et la vivacit\u00e9 d\u2019un \u00e9t\u00e9 en fleurs.<\/span><\/p>\n<ul>\n<li>\n<span>Dimensions : 65<\/span><span> x 65 cm<\/span>\n<\/li>\n<li><span>Composition : 100% coton<\/span><\/li>\n<li><span>Dessin\u00e9 en France<br \/><\/span><\/li>\n<li>\n<span>Fabriqu\u00e9 de mani\u00e8re artisanale en Inde<\/span><span><br \/><\/span>\n<\/li>\n<li><span>Le foulard peut comporter quelques irr\u00e9gularit\u00e9s qui font tout le charme de sa conception artisanale.<\/span><\/li>\n<\/ul>\n<p><span> <em>Le coton est une fibre naturelle qui n\u00e9cessite un entretien simple. Pour pr\u00e9server votre foulard, lavez-le \u00e0 30\u00b0C maximum avec des couleurs similaires. Blanchiment d\u00e9conseill\u00e9. S\u00e9chage \u00e0 l\u2019air libre et repassage doux max 110\u00b0.<\/em><\/span><\/p>\n","protected":false},"excerpt":{"rendered":"<p>Collection Moismont Le foulard n\u00b0764 s\u2019inspire des fleurs indiennes pour r\u00e9v\u00e9ler un imprim\u00e9 paisley d\u00e9licat et des couleurs vives qui \u00e9voquent l\u2019exotisme et l\u2019\u00e9l\u00e9gance estivale. Confectionn\u00e9 en coton l\u00e9ger, ce carr\u00e9 65 x 65 cm devient un accessoire pr\u00e9cieux, \u00e0 nouer autour du cou ou dans les cheveux, pour apporter \u00e0 vos silhouettes une touche [&hellip;]<\/p>\n","protected":false},"featured_media":3755854,"comment_status":"open","ping_status":"closed","template":"","meta":[],"product_brand":[],"product_cat":[],"product_tag":[],"acf":[],"_links":{"self":[{"href":"https:\/\/streetmarkets.fr\/app\/wp-json\/wp\/v2\/product\/3755853"}],"collection":[{"href":"https:\/\/streetmarkets.fr\/app\/wp-json\/wp\/v2\/product"}],"about":[{"href":"https:\/\/streetmarkets.fr\/app\/wp-json\/wp\/v2\/types\/product"}],"replies":[{"embeddable":true,"href":"https:\/\/streetmarkets.fr\/app\/wp-json\/wp\/v2\/comments?post=3755853"}],"wp:featuredmedia":[{"embeddable":true,"href":"https:\/\/streetmarkets.fr\/app\/wp-json\/wp\/v2\/media\/3755854"}],"wp:attachment":[{"href":"https:\/\/streetmarkets.fr\/app\/wp-json\/wp\/v2\/media?parent=3755853"}],"wp:term":[{"taxonomy":"product_brand","embeddable":true,"href":"https:\/\/streetmarkets.fr\/app\/wp-json\/wp\/v2\/product_brand?post=3755853"},{"taxonomy":"product_cat","embeddable":true,"href":"https:\/\/streetmarkets.fr\/app\/wp-json\/wp\/v2\/product_cat?post=3755853"},{"taxonomy":"product_tag","embeddable":true,"href":"https:\/\/streetmarkets.fr\/app\/wp-json\/wp\/v2\/product_tag?post=3755853"}],"curies":[{"name":"wp","href":"https:\/\/api.w.org\/{rel}","templated":true}]}}