{"id":3755803,"date":"2026-03-10T07:40:06","date_gmt":"2026-03-10T06:40:06","guid":{"rendered":"https:\/\/streetmarkets.fr\/app\/produit\/collier-helios-camel-sigal\/"},"modified":"2026-05-10T08:39:38","modified_gmt":"2026-05-10T06:39:38","slug":"collier-helios-camel-sigal","status":"publish","type":"product","link":"https:\/\/streetmarkets.fr\/app\/produit\/collier-helios-camel-sigal\/","title":{"rendered":"Collier Helios camel &#8211; Sigal"},"content":{"rendered":"<p><span>Collier r\u00e9glable compos\u00e9 de perles en bois, dor\u00e9es et d&#8217;oxydes de zirconium sur une monture structur\u00e9e.<\/span><\/p>\n<p>Composition :<span><\/span> Laiton plaqu\u00e9 or 24 carats, oxyde de zirconium, perles en bois camel<span><\/span><\/p>\n<p>Dimensions : longueur : 44,5 cm + 5,5 cm de chaine de r\u00e9glage\u00a0<span><\/span><\/p>\n<p>Fabriqu\u00e9 en France<\/p>\n","protected":false},"excerpt":{"rendered":"<p>Collier r\u00e9glable compos\u00e9 de perles en bois, dor\u00e9es et d&#8217;oxydes de zirconium sur une monture structur\u00e9e. Composition : Laiton plaqu\u00e9 or 24 carats, oxyde de zirconium, perles en bois camel Dimensions : longueur : 44,5 cm + 5,5 cm de chaine de r\u00e9glage\u00a0 Fabriqu\u00e9 en France<\/p>\n","protected":false},"featured_media":3755804,"comment_status":"open","ping_status":"closed","template":"","meta":[],"product_brand":[],"product_cat":[],"product_tag":[],"acf":[],"_links":{"self":[{"href":"https:\/\/streetmarkets.fr\/app\/wp-json\/wp\/v2\/product\/3755803"}],"collection":[{"href":"https:\/\/streetmarkets.fr\/app\/wp-json\/wp\/v2\/product"}],"about":[{"href":"https:\/\/streetmarkets.fr\/app\/wp-json\/wp\/v2\/types\/product"}],"replies":[{"embeddable":true,"href":"https:\/\/streetmarkets.fr\/app\/wp-json\/wp\/v2\/comments?post=3755803"}],"wp:featuredmedia":[{"embeddable":true,"href":"https:\/\/streetmarkets.fr\/app\/wp-json\/wp\/v2\/media\/3755804"}],"wp:attachment":[{"href":"https:\/\/streetmarkets.fr\/app\/wp-json\/wp\/v2\/media?parent=3755803"}],"wp:term":[{"taxonomy":"product_brand","embeddable":true,"href":"https:\/\/streetmarkets.fr\/app\/wp-json\/wp\/v2\/product_brand?post=3755803"},{"taxonomy":"product_cat","embeddable":true,"href":"https:\/\/streetmarkets.fr\/app\/wp-json\/wp\/v2\/product_cat?post=3755803"},{"taxonomy":"product_tag","embeddable":true,"href":"https:\/\/streetmarkets.fr\/app\/wp-json\/wp\/v2\/product_tag?post=3755803"}],"curies":[{"name":"wp","href":"https:\/\/api.w.org\/{rel}","templated":true}]}}