{"id":3755774,"date":"2026-03-10T01:45:48","date_gmt":"2026-03-10T00:45:48","guid":{"rendered":"https:\/\/streetmarkets.fr\/app\/produit\/diffuseur-ambre-gris-00p-u-divers\/"},"modified":"2026-05-12T02:46:25","modified_gmt":"2026-05-12T00:46:25","slug":"diffuseur-ambre-gris-00p-u-divers","status":"publish","type":"product","link":"https:\/\/streetmarkets.fr\/app\/produit\/diffuseur-ambre-gris-00p-u-divers\/","title":{"rendered":"Diffuseur ambre gris (00P \/ U \/ DIVERS)"},"content":{"rendered":"<p>Notre diffuseur parfum\u00e9 m\u00e9lange des notes de cardamome, de bois de santal, de clou de girofle et de cuir. Il \u00e9voque une atmosph\u00e8re chaleureuse, bois\u00e9e et subtile.<\/p>\n<ul>\n<li>Cr\u00e9\u00e9 exclusivement pour Bellerose en 2012.<\/li>\n<li>Senteur naturel, unique et discr\u00e8tement envo\u00fbtante.<\/li>\n<\/ul>\n","protected":false},"excerpt":{"rendered":"<p>Notre diffuseur parfum\u00e9 m\u00e9lange des notes de cardamome, de bois de santal, de clou de girofle et de cuir. Il \u00e9voque une atmosph\u00e8re chaleureuse, bois\u00e9e et subtile. Cr\u00e9\u00e9 exclusivement pour Bellerose en 2012. Senteur naturel, unique et discr\u00e8tement envo\u00fbtante.<\/p>\n","protected":false},"featured_media":4124287,"comment_status":"open","ping_status":"closed","template":"","meta":[],"product_brand":[2529],"product_cat":[],"product_tag":[],"acf":[],"_links":{"self":[{"href":"https:\/\/streetmarkets.fr\/app\/wp-json\/wp\/v2\/product\/3755774"}],"collection":[{"href":"https:\/\/streetmarkets.fr\/app\/wp-json\/wp\/v2\/product"}],"about":[{"href":"https:\/\/streetmarkets.fr\/app\/wp-json\/wp\/v2\/types\/product"}],"replies":[{"embeddable":true,"href":"https:\/\/streetmarkets.fr\/app\/wp-json\/wp\/v2\/comments?post=3755774"}],"wp:featuredmedia":[{"embeddable":true,"href":"https:\/\/streetmarkets.fr\/app\/wp-json\/wp\/v2\/media\/4124287"}],"wp:attachment":[{"href":"https:\/\/streetmarkets.fr\/app\/wp-json\/wp\/v2\/media?parent=3755774"}],"wp:term":[{"taxonomy":"product_brand","embeddable":true,"href":"https:\/\/streetmarkets.fr\/app\/wp-json\/wp\/v2\/product_brand?post=3755774"},{"taxonomy":"product_cat","embeddable":true,"href":"https:\/\/streetmarkets.fr\/app\/wp-json\/wp\/v2\/product_cat?post=3755774"},{"taxonomy":"product_tag","embeddable":true,"href":"https:\/\/streetmarkets.fr\/app\/wp-json\/wp\/v2\/product_tag?post=3755774"}],"curies":[{"name":"wp","href":"https:\/\/api.w.org\/{rel}","templated":true}]}}