{"id":3755767,"date":"2026-03-10T01:45:47","date_gmt":"2026-03-10T00:45:47","guid":{"rendered":"https:\/\/streetmarkets.fr\/app\/produit\/parfum-dinterieur-ambre-gris-00p-u-divers\/"},"modified":"2026-05-12T02:46:25","modified_gmt":"2026-05-12T00:46:25","slug":"parfum-dinterieur-ambre-gris-00p-u-divers","status":"publish","type":"product","link":"https:\/\/streetmarkets.fr\/app\/produit\/parfum-dinterieur-ambre-gris-00p-u-divers\/","title":{"rendered":"Parfum d&#8217;interieur ambre gris (00P \/ U \/ DIVERS)"},"content":{"rendered":"<p>Notre parfum d\u2019int\u00e9rieur signature m\u00e9lange des notes de cardamome, de bois de santal, de clou de girofle et de cuir. Il \u00e9voque une atmosph\u00e8re chaleureuse, bois\u00e9e et subtile.<\/p>\n<ul>\n<li>Cr\u00e9\u00e9 exclusivement pour Bellerose en 2012.<\/li>\n<li>Il est devenu le favori de ceux qui recherchent une senteur naturelle, unique et discr\u00e8tement envo\u00fbtante.<\/li>\n<\/ul>\n","protected":false},"excerpt":{"rendered":"<p>Notre parfum d\u2019int\u00e9rieur signature m\u00e9lange des notes de cardamome, de bois de santal, de clou de girofle et de cuir. Il \u00e9voque une atmosph\u00e8re chaleureuse, bois\u00e9e et subtile. Cr\u00e9\u00e9 exclusivement pour Bellerose en 2012. Il est devenu le favori de ceux qui recherchent une senteur naturelle, unique et discr\u00e8tement envo\u00fbtante.<\/p>\n","protected":false},"featured_media":4124282,"comment_status":"open","ping_status":"closed","template":"","meta":[],"product_brand":[2529],"product_cat":[],"product_tag":[],"acf":[],"_links":{"self":[{"href":"https:\/\/streetmarkets.fr\/app\/wp-json\/wp\/v2\/product\/3755767"}],"collection":[{"href":"https:\/\/streetmarkets.fr\/app\/wp-json\/wp\/v2\/product"}],"about":[{"href":"https:\/\/streetmarkets.fr\/app\/wp-json\/wp\/v2\/types\/product"}],"replies":[{"embeddable":true,"href":"https:\/\/streetmarkets.fr\/app\/wp-json\/wp\/v2\/comments?post=3755767"}],"wp:featuredmedia":[{"embeddable":true,"href":"https:\/\/streetmarkets.fr\/app\/wp-json\/wp\/v2\/media\/4124282"}],"wp:attachment":[{"href":"https:\/\/streetmarkets.fr\/app\/wp-json\/wp\/v2\/media?parent=3755767"}],"wp:term":[{"taxonomy":"product_brand","embeddable":true,"href":"https:\/\/streetmarkets.fr\/app\/wp-json\/wp\/v2\/product_brand?post=3755767"},{"taxonomy":"product_cat","embeddable":true,"href":"https:\/\/streetmarkets.fr\/app\/wp-json\/wp\/v2\/product_cat?post=3755767"},{"taxonomy":"product_tag","embeddable":true,"href":"https:\/\/streetmarkets.fr\/app\/wp-json\/wp\/v2\/product_tag?post=3755767"}],"curies":[{"name":"wp","href":"https:\/\/api.w.org\/{rel}","templated":true}]}}