{"id":3755717,"date":"2026-03-10T01:45:35","date_gmt":"2026-03-10T00:45:35","guid":{"rendered":"https:\/\/streetmarkets.fr\/app\/produit\/handball-spezial-pour-femmes-261-w-light-rose\/"},"modified":"2026-05-07T02:45:34","modified_gmt":"2026-05-07T00:45:34","slug":"handball-spezial-pour-femmes-261-w-light-rose","status":"publish","type":"product","link":"https:\/\/streetmarkets.fr\/app\/produit\/handball-spezial-pour-femmes-261-w-light-rose\/","title":{"rendered":"Handball Spezial pour Femme (261 \/ W \/ LIGHT ROSE)"},"content":{"rendered":"<p>Les sneakers h\u00e9ritage Adidas Handball Spezial sont dot\u00e9es d&#8217;une tige r\u00e9sistante en cuir et en su\u00e8de, d&#8217;une doublure synth\u00e9tique et d&#8217;une semelle ext\u00e9rieure en gomme.<\/p>\n<ul>\n<li>Taille normalement <\/li>\n<li>Style\u00a0: IH1505<\/li>\n<li>Couleur\u00a0: Rose Poudr\u00e9 \/ Orange Fonc\u00e9 \/ Blanc Cass\u00e9<\/li>\n<\/ul>\n","protected":false},"excerpt":{"rendered":"<p>Les sneakers h\u00e9ritage Adidas Handball Spezial sont dot\u00e9es d&#8217;une tige r\u00e9sistante en cuir et en su\u00e8de, d&#8217;une doublure synth\u00e9tique et d&#8217;une semelle ext\u00e9rieure en gomme. Taille normalement Style\u00a0: IH1505 Couleur\u00a0: Rose Poudr\u00e9 \/ Orange Fonc\u00e9 \/ Blanc Cass\u00e9<\/p>\n","protected":false},"featured_media":4096970,"comment_status":"open","ping_status":"closed","template":"","meta":[],"product_brand":[2530],"product_cat":[],"product_tag":[],"acf":[],"_links":{"self":[{"href":"https:\/\/streetmarkets.fr\/app\/wp-json\/wp\/v2\/product\/3755717"}],"collection":[{"href":"https:\/\/streetmarkets.fr\/app\/wp-json\/wp\/v2\/product"}],"about":[{"href":"https:\/\/streetmarkets.fr\/app\/wp-json\/wp\/v2\/types\/product"}],"replies":[{"embeddable":true,"href":"https:\/\/streetmarkets.fr\/app\/wp-json\/wp\/v2\/comments?post=3755717"}],"wp:featuredmedia":[{"embeddable":true,"href":"https:\/\/streetmarkets.fr\/app\/wp-json\/wp\/v2\/media\/4096970"}],"wp:attachment":[{"href":"https:\/\/streetmarkets.fr\/app\/wp-json\/wp\/v2\/media?parent=3755717"}],"wp:term":[{"taxonomy":"product_brand","embeddable":true,"href":"https:\/\/streetmarkets.fr\/app\/wp-json\/wp\/v2\/product_brand?post=3755717"},{"taxonomy":"product_cat","embeddable":true,"href":"https:\/\/streetmarkets.fr\/app\/wp-json\/wp\/v2\/product_cat?post=3755717"},{"taxonomy":"product_tag","embeddable":true,"href":"https:\/\/streetmarkets.fr\/app\/wp-json\/wp\/v2\/product_tag?post=3755717"}],"curies":[{"name":"wp","href":"https:\/\/api.w.org\/{rel}","templated":true}]}}