{"id":3750705,"date":"2026-03-10T00:40:21","date_gmt":"2026-03-09T23:40:21","guid":{"rendered":"https:\/\/streetmarkets.fr\/app\/produit\/pic-a-cheveux-sucette-coeur-coucou-suzette\/"},"modified":"2026-05-02T01:40:46","modified_gmt":"2026-05-01T23:40:46","slug":"pic-a-cheveux-sucette-coeur-coucou-suzette","status":"publish","type":"product","link":"https:\/\/streetmarkets.fr\/app\/produit\/pic-a-cheveux-sucette-coeur-coucou-suzette\/","title":{"rendered":"Pic \u00e0 cheveux Sucette Coeur &#8211; Coucou Suzette"},"content":{"rendered":"<p data-rte-preserve-empty=\"true\">Craquez pour le pic \u00e0 cheveux Sucette C\u0153ur de COUCOU SUZETTE !<\/p>\n<p data-rte-preserve-empty=\"true\">Un accessoire \u00e0 la fois ludique et pratique. <\/p>\n<p data-rte-preserve-empty=\"true\">Inspir\u00e9 des c\u00e9l\u00e8bres sucettes en forme de c\u0153ur qui faisaient r\u00eaver \u00e0 la boulangerie pendant l\u2019enfance, ce pic \u00e0 cheveux apporte une touche gourmande et nostalgique \u00e0 vos coiffures. <\/p>\n<p data-rte-preserve-empty=\"true\">Confectionn\u00e9 en ac\u00e9tate de cellulose, il est \u00e0 la fois l\u00e9ger, r\u00e9sistant et agr\u00e9able \u00e0 porter au quotidien. Gliss\u00e9 dans un sac \u00e0 main, il se d\u00e9gaine facilement pour attacher les cheveux avec style en un instant. <\/p>\n<p data-rte-preserve-empty=\"true\">Chaque pi\u00e8ce \u00e9tant r\u00e9alis\u00e9e dans un morceau d\u2019ac\u00e9tate unique, de l\u00e9g\u00e8res variations de couleur peuvent appara\u00eetre, rendant chaque cr\u00e9ation singuli\u00e8re. <\/p>\n<p data-rte-preserve-empty=\"true\">Un accessoire original et plein de charme sign\u00e9 COUCOU SUZETTE, s\u00e9lectionn\u00e9 par Twins Concept Store.<\/p>\n<p data-rte-preserve-empty=\"true\"><strong>Caract\u00e9ristiques principales :<\/strong><\/p>\n<ul data-rte-list=\"default\">\n<li>\n<p data-rte-preserve-empty=\"true\">Composition : ac\u00e9tate de cellulose<\/p>\n<\/li>\n<li>\n<p data-rte-preserve-empty=\"true\">Longueur : 17 cm<\/p>\n<\/li>\n<li>\n<p data-rte-preserve-empty=\"true\">Largeur : 4,4 cm<\/p>\n<\/li>\n<li>\n<p data-rte-preserve-empty=\"true\">Design sucette en forme de c\u0153ur<\/p>\n<\/li>\n<li>\n<p data-rte-preserve-empty=\"true\">Chaque pi\u00e8ce est unique (variations possibles de couleur)<\/p>\n<\/li>\n<li>\n<p data-rte-preserve-empty=\"true\">Fabrication : Chine, dans une usine audit\u00e9e<\/p>\n<\/li>\n<\/ul>\n","protected":false},"excerpt":{"rendered":"<p>Craquez pour le pic \u00e0 cheveux Sucette C\u0153ur de COUCOU SUZETTE ! Un accessoire \u00e0 la fois ludique et pratique. Inspir\u00e9 des c\u00e9l\u00e8bres sucettes en forme de c\u0153ur qui faisaient r\u00eaver \u00e0 la boulangerie pendant l\u2019enfance, ce pic \u00e0 cheveux apporte une touche gourmande et nostalgique \u00e0 vos coiffures. Confectionn\u00e9 en ac\u00e9tate de cellulose, il [&hellip;]<\/p>\n","protected":false},"featured_media":3750706,"comment_status":"open","ping_status":"closed","template":"","meta":[],"product_brand":[],"product_cat":[],"product_tag":[],"acf":[],"_links":{"self":[{"href":"https:\/\/streetmarkets.fr\/app\/wp-json\/wp\/v2\/product\/3750705"}],"collection":[{"href":"https:\/\/streetmarkets.fr\/app\/wp-json\/wp\/v2\/product"}],"about":[{"href":"https:\/\/streetmarkets.fr\/app\/wp-json\/wp\/v2\/types\/product"}],"replies":[{"embeddable":true,"href":"https:\/\/streetmarkets.fr\/app\/wp-json\/wp\/v2\/comments?post=3750705"}],"wp:featuredmedia":[{"embeddable":true,"href":"https:\/\/streetmarkets.fr\/app\/wp-json\/wp\/v2\/media\/3750706"}],"wp:attachment":[{"href":"https:\/\/streetmarkets.fr\/app\/wp-json\/wp\/v2\/media?parent=3750705"}],"wp:term":[{"taxonomy":"product_brand","embeddable":true,"href":"https:\/\/streetmarkets.fr\/app\/wp-json\/wp\/v2\/product_brand?post=3750705"},{"taxonomy":"product_cat","embeddable":true,"href":"https:\/\/streetmarkets.fr\/app\/wp-json\/wp\/v2\/product_cat?post=3750705"},{"taxonomy":"product_tag","embeddable":true,"href":"https:\/\/streetmarkets.fr\/app\/wp-json\/wp\/v2\/product_tag?post=3750705"}],"curies":[{"name":"wp","href":"https:\/\/api.w.org\/{rel}","templated":true}]}}