{"id":3750533,"date":"2026-03-09T02:33:53","date_gmt":"2026-03-09T01:33:53","guid":{"rendered":"https:\/\/streetmarkets.fr\/app\/produit\/jf-rey-r002\/"},"modified":"2026-05-11T03:33:55","modified_gmt":"2026-05-11T01:33:55","slug":"jf-rey-r002","status":"publish","type":"product","link":"https:\/\/streetmarkets.fr\/app\/produit\/jf-rey-r002\/","title":{"rendered":"JF REY &#8211; R002"},"content":{"rendered":"<p>D\u00e9couvrez cette petite monture rectangulaire dor\u00e9e sign\u00e9e Jean Fran\u00e7ois Rey, un v\u00e9ritable incontournable des ann\u00e9es 90. Ses branches r\u00e9tractables offrent praticit\u00e9 et style r\u00e9tro-chic. \u00c9quip\u00e9es de verres solaires bleus, cette monture allie \u00e9l\u00e9gance vintage et fonctionnalit\u00e9 moderne.<\/p>\n<div id=\"accordion\">\n<div style=\"border-top: 1px solid #d3d3d3;border-left: none;border-right: none;border-bottom: 1px solid #d3d3d3\" class=\"card\">\n<button data-target=\"#collapseOne\" data-toggle=\"collapse\" class=\"card-header collapsed card-link\" style=\"color: black;background-color: initial;box-shadow: none;font-size: 20px;text-transform: uppercase;border: none\"> <b style=\"font-family: Oswald;font-size: 15px;font-style: normal;font-variant: normal;font-weight: 400;line-height: 18.2px;text-align: justify;color: #766456;letter-spacing: 1px\" class=\"header-title float-left\"> Description d\u00e9taill\u00e9e <\/b> <i style=\"position: absolute;right: 10px;color: #766456\" class=\"fas fa-angle-right float-right\"><\/i> <\/button><\/p>\n<div class=\"collapse\" id=\"collapseOne\">\n<div class=\"card-body\">\n<p style=\"margin-bottom: -3px\">\u00a0<\/p>\n<p style=\"margin-bottom: -3px\"><b>Marque : <\/b>JF Rey<\/p>\n<p style=\"margin-bottom: -3px\"><b>Ann\u00e9e : <\/b>90<\/p>\n<p style=\"margin-bottom: -3px\"><b>Forme : <\/b>Rectangle<\/p>\n<p style=\"margin-bottom: -3px\"><b>Couleur :<\/b> Dor\u00e9<\/p>\n<p style=\"margin-bottom: -3px\"><b>Mat\u00e9riaux :<\/b> M\u00e9tal<\/p>\n<p style=\"margin-bottom: -3px\"><b>Verres :<\/b> Bleu<\/p>\n<p style=\"margin-bottom: -15px\"><b>Fabrication : <\/b>\u00a0France<\/p>\n<p><\/p>\n<p style=\"margin-bottom: -5px\"><b>Etat : <\/b> Neuf, jamais port\u00e9<\/p>\n<p><\/p>\n<p style=\"margin-bottom: -5px;font-style: italic\">Toutes nos lunettes passent entre les mains de nos opticiens, qui r\u00e9habilitent et ajustent les montures pour un confort optimal.<\/p>\n<\/div>\n<\/div>\n<\/div>\n<div style=\"border: none;border-bottom: 1px solid #d3d3d3\" class=\"card\">\n<button data-target=\"#collapseTwo\" data-toggle=\"collapse\" class=\"card-header collapsed card-link\" style=\"color: black;background-color: initial;box-shadow: none;font-size: 20px;text-transform: uppercase;border: none\"> <b style=\"font-family: Oswald;font-size: 15px;font-style: normal;font-variant: normal;font-weight: 400;line-height: 18.2px;text-align: justify;color: #766456;letter-spacing: 1px\" class=\"header-title float-left\"> Guide des tailles<\/b> <i style=\"position: absolute;right: 10px;color: #766456\" class=\"fas fa-angle-right float-right\"><\/i> <\/button><\/p>\n<div class=\"collapse\" id=\"collapseTwo\">\n<div class=\"card-body\">\n<img decoding=\"async\" border=\"0\" src=\"https:\/\/cdn.shopify.com\/s\/files\/1\/0602\/6009\/0089\/files\/mesurerectanglePNG.png?v=1636987570\"> <\/p>\n<p class=\"guide_des_tailles\"><b>A <\/b>\u00a0&#8211; Face : 120 mm <br \/><b>B <\/b>\u00a0&#8211; Pont\/Nez : 0 mm <br \/><b>C <\/b>\u00a0&#8211; Calibre : 25 mm<\/p>\n<p class=\"guide_des_tailles\">\u00a0<\/p>\n<\/div>\n<\/div>\n<\/div>\n<div style=\"border: none;border-bottom: 1px solid #d3d3d3\" class=\"card\">\n<button data-target=\"#collapseThree\" data-toggle=\"collapse\" class=\"card-header collapsed card-link\" style=\"color: black;background-color: initial;box-shadow: none;font-size: 20px;text-transform: uppercase;border: none\"> <b style=\"font-family: Oswald;font-size: 15px;font-style: normal;font-variant: normal;font-weight: 400;line-height: 18.2px;text-align: justify;color: #766456;letter-spacing: 1px\" class=\"header-title float-left\"> Entretien <\/b> <i style=\"position: absolute;right: 10px;color: #766456\" class=\"fas fa-angle-right float-right\"><\/i> <\/button><\/p>\n<div class=\"collapse\" id=\"collapseThree\">\n<div class=\"card-body\">\n<p class=\"entretiens\">&#8211; Nettoyez vos lunettes avec de l&#8217;eau froide (jamais chaude) et du savon liquide et essuyez les avec une microfibre.<br \/>&#8211; Rangez vos lunettes dans leur \u00e9tui et ne jamais les poser sur les verres.<\/p>\n<p class=\"derniers_entretiens\">&#8211; Ne laissez jamais vos lunettes pr\u00e8s d&#8217;une source de chaleur<\/p>\n<\/div>\n<\/div>\n<\/div>\n<\/div>\n<p style=\"font-style: italic;margin-top: 10px\">Chaque paire est livr\u00e9e dans son \u00e9tui \u00e0 lunettes Seconde Vue<\/p>\n","protected":false},"excerpt":{"rendered":"<p>D\u00e9couvrez cette petite monture rectangulaire dor\u00e9e sign\u00e9e Jean Fran\u00e7ois Rey, un v\u00e9ritable incontournable des ann\u00e9es 90. Ses branches r\u00e9tractables offrent praticit\u00e9 et style r\u00e9tro-chic. \u00c9quip\u00e9es de verres solaires bleus, cette monture allie \u00e9l\u00e9gance vintage et fonctionnalit\u00e9 moderne. Description d\u00e9taill\u00e9e \u00a0 Marque : JF Rey Ann\u00e9e : 90 Forme : Rectangle Couleur : Dor\u00e9 Mat\u00e9riaux : [&hellip;]<\/p>\n","protected":false},"featured_media":3750534,"comment_status":"open","ping_status":"closed","template":"","meta":[],"product_brand":[],"product_cat":[],"product_tag":[],"acf":[],"_links":{"self":[{"href":"https:\/\/streetmarkets.fr\/app\/wp-json\/wp\/v2\/product\/3750533"}],"collection":[{"href":"https:\/\/streetmarkets.fr\/app\/wp-json\/wp\/v2\/product"}],"about":[{"href":"https:\/\/streetmarkets.fr\/app\/wp-json\/wp\/v2\/types\/product"}],"replies":[{"embeddable":true,"href":"https:\/\/streetmarkets.fr\/app\/wp-json\/wp\/v2\/comments?post=3750533"}],"wp:featuredmedia":[{"embeddable":true,"href":"https:\/\/streetmarkets.fr\/app\/wp-json\/wp\/v2\/media\/3750534"}],"wp:attachment":[{"href":"https:\/\/streetmarkets.fr\/app\/wp-json\/wp\/v2\/media?parent=3750533"}],"wp:term":[{"taxonomy":"product_brand","embeddable":true,"href":"https:\/\/streetmarkets.fr\/app\/wp-json\/wp\/v2\/product_brand?post=3750533"},{"taxonomy":"product_cat","embeddable":true,"href":"https:\/\/streetmarkets.fr\/app\/wp-json\/wp\/v2\/product_cat?post=3750533"},{"taxonomy":"product_tag","embeddable":true,"href":"https:\/\/streetmarkets.fr\/app\/wp-json\/wp\/v2\/product_tag?post=3750533"}],"curies":[{"name":"wp","href":"https:\/\/api.w.org\/{rel}","templated":true}]}}