{"id":3745638,"date":"2026-03-09T01:01:33","date_gmt":"2026-03-09T00:01:33","guid":{"rendered":"https:\/\/streetmarkets.fr\/app\/produit\/mhl-uniform-dress-cotton-poplin-umber\/"},"modified":"2026-05-13T02:05:31","modified_gmt":"2026-05-13T00:05:31","slug":"mhl-uniform-dress-cotton-poplin-umber","status":"publish","type":"product","link":"https:\/\/streetmarkets.fr\/app\/produit\/mhl-uniform-dress-cotton-poplin-umber\/","title":{"rendered":"MHL UNIFORM DRESS Cotton Poplin Umber"},"content":{"rendered":"<p><b>Cr\u00e9ateur :<\/b> MHL, by Margareth howell<\/p>\n<p><b>R\u00e9alisation : <\/b><span class=\"Y2IQFc\" lang=\"fr\">La robe d&rsquo;uniforme MHL. pr\u00e9sente une coupe classique et une jupe l\u00e9g\u00e8rement \u00e9vas\u00e9e arrivant au genou. Inspir\u00e9e de la silhouette pratique d&rsquo;un gilet de travail, elle est confectionn\u00e9e en toile de coton noir indigo l\u00e9ger, au toucher sec. La ceinture, orn\u00e9e de surpiq\u00fbres, est dot\u00e9e de passants de ceinture irr\u00e9guliers et de pattes de serrage \u00e0 boutons. La robe poss\u00e8de des poches en biais avec poches \u00e0 ticket dissimul\u00e9es et une poche passepoil\u00e9e boutonn\u00e9e au dos. <\/span><\/p>\n<p><span class=\"Y2IQFc\" lang=\"fr\">Coupe classique, longueur genou, boutons en corozo, 100 % coton, c<\/span>oupe droite et carr\u00e9e<\/p>\n<p>Code produit : WHDR0515S26KENBLK<\/p>\n<p><em><span class=\"Y2IQFc\" lang=\"en\"><strong>Details :<\/strong> The MHL uniform dress features a classic cut and a slightly flared skirt that falls to the knee. Inspired by the practical silhouette of a work vest, it is made from lightweight, dry-feel indigo black cotton canvas. The waistband, adorned with topstitching, has irregular belt loops and buttoned tabs. The dress has slanted pockets with concealed ticket pockets and a buttoned welt pocket at the back. Classic fit, knee length, corozo buttons, 100% cotton, straight and boxy cut<\/span><\/em><\/p>\n","protected":false},"excerpt":{"rendered":"<p>Cr\u00e9ateur : MHL, by Margareth howell R\u00e9alisation : La robe d&rsquo;uniforme MHL. pr\u00e9sente une coupe classique et une jupe l\u00e9g\u00e8rement \u00e9vas\u00e9e arrivant au genou. Inspir\u00e9e de la silhouette pratique d&rsquo;un gilet de travail, elle est confectionn\u00e9e en toile de coton noir indigo l\u00e9ger, au toucher sec. La ceinture, orn\u00e9e de surpiq\u00fbres, est dot\u00e9e de passants [&hellip;]<\/p>\n","protected":false},"featured_media":3745639,"comment_status":"open","ping_status":"closed","template":"","meta":[],"product_brand":[],"product_cat":[],"product_tag":[],"acf":[],"_links":{"self":[{"href":"https:\/\/streetmarkets.fr\/app\/wp-json\/wp\/v2\/product\/3745638"}],"collection":[{"href":"https:\/\/streetmarkets.fr\/app\/wp-json\/wp\/v2\/product"}],"about":[{"href":"https:\/\/streetmarkets.fr\/app\/wp-json\/wp\/v2\/types\/product"}],"replies":[{"embeddable":true,"href":"https:\/\/streetmarkets.fr\/app\/wp-json\/wp\/v2\/comments?post=3745638"}],"wp:featuredmedia":[{"embeddable":true,"href":"https:\/\/streetmarkets.fr\/app\/wp-json\/wp\/v2\/media\/3745639"}],"wp:attachment":[{"href":"https:\/\/streetmarkets.fr\/app\/wp-json\/wp\/v2\/media?parent=3745638"}],"wp:term":[{"taxonomy":"product_brand","embeddable":true,"href":"https:\/\/streetmarkets.fr\/app\/wp-json\/wp\/v2\/product_brand?post=3745638"},{"taxonomy":"product_cat","embeddable":true,"href":"https:\/\/streetmarkets.fr\/app\/wp-json\/wp\/v2\/product_cat?post=3745638"},{"taxonomy":"product_tag","embeddable":true,"href":"https:\/\/streetmarkets.fr\/app\/wp-json\/wp\/v2\/product_tag?post=3745638"}],"curies":[{"name":"wp","href":"https:\/\/api.w.org\/{rel}","templated":true}]}}