{"id":3745606,"date":"2026-03-09T00:56:54","date_gmt":"2026-03-08T23:56:54","guid":{"rendered":"https:\/\/streetmarkets.fr\/app\/produit\/reproduction-of-found-1700l-black\/"},"modified":"2026-05-06T02:00:26","modified_gmt":"2026-05-06T00:00:26","slug":"reproduction-of-found-1700l-black","status":"publish","type":"product","link":"https:\/\/streetmarkets.fr\/app\/produit\/reproduction-of-found-1700l-black\/","title":{"rendered":"REPRODUCTION OF FOUND 1700L Black"},"content":{"rendered":"<p><b>Cr\u00e9ateur :<\/b> Reproduction Of Found, Japan ( Fabriqu\u00e9 en Slovaquie )<\/p>\n<p><b>R\u00e9alisation : <\/b>Tige en cuir Nappa lisse et daim<\/p>\n<p>Doublure int\u00e9rieure en cuir<\/p>\n<p>Semelle Serena vulcanis\u00e9e et cousue<\/p>\n<p>Semelle int\u00e9rieure de confort amovible<\/p>\n<p>Reproduction of Found r\u00e9interpr\u00e8te le mod\u00e8le embl\u00e9matique German Army Trainer (GAT) des ann\u00e9es 1970<\/p>\n<p>&nbsp;<\/p>\n","protected":false},"excerpt":{"rendered":"<p>Cr\u00e9ateur : Reproduction Of Found, Japan ( Fabriqu\u00e9 en Slovaquie ) R\u00e9alisation : Tige en cuir Nappa lisse et daim Doublure int\u00e9rieure en cuir Semelle Serena vulcanis\u00e9e et cousue Semelle int\u00e9rieure de confort amovible Reproduction of Found r\u00e9interpr\u00e8te le mod\u00e8le embl\u00e9matique German Army Trainer (GAT) des ann\u00e9es 1970 &nbsp;<\/p>\n","protected":false},"featured_media":3745607,"comment_status":"open","ping_status":"closed","template":"","meta":[],"product_brand":[],"product_cat":[],"product_tag":[],"acf":[],"_links":{"self":[{"href":"https:\/\/streetmarkets.fr\/app\/wp-json\/wp\/v2\/product\/3745606"}],"collection":[{"href":"https:\/\/streetmarkets.fr\/app\/wp-json\/wp\/v2\/product"}],"about":[{"href":"https:\/\/streetmarkets.fr\/app\/wp-json\/wp\/v2\/types\/product"}],"replies":[{"embeddable":true,"href":"https:\/\/streetmarkets.fr\/app\/wp-json\/wp\/v2\/comments?post=3745606"}],"wp:featuredmedia":[{"embeddable":true,"href":"https:\/\/streetmarkets.fr\/app\/wp-json\/wp\/v2\/media\/3745607"}],"wp:attachment":[{"href":"https:\/\/streetmarkets.fr\/app\/wp-json\/wp\/v2\/media?parent=3745606"}],"wp:term":[{"taxonomy":"product_brand","embeddable":true,"href":"https:\/\/streetmarkets.fr\/app\/wp-json\/wp\/v2\/product_brand?post=3745606"},{"taxonomy":"product_cat","embeddable":true,"href":"https:\/\/streetmarkets.fr\/app\/wp-json\/wp\/v2\/product_cat?post=3745606"},{"taxonomy":"product_tag","embeddable":true,"href":"https:\/\/streetmarkets.fr\/app\/wp-json\/wp\/v2\/product_tag?post=3745606"}],"curies":[{"name":"wp","href":"https:\/\/api.w.org\/{rel}","templated":true}]}}