{"id":3743974,"date":"2026-03-08T06:37:11","date_gmt":"2026-03-08T05:37:11","guid":{"rendered":"https:\/\/streetmarkets.fr\/app\/produit\/veste-chanel-noire-les-planetes\/"},"modified":"2026-05-12T07:34:25","modified_gmt":"2026-05-12T05:34:25","slug":"veste-chanel-noire-les-planetes","status":"publish","type":"product","link":"https:\/\/streetmarkets.fr\/app\/produit\/veste-chanel-noire-les-planetes\/","title":{"rendered":"Veste Chanel noire &#8220;Les plan\u00e8tes&#8221;"},"content":{"rendered":"<p>Cette veste longue Chanel issue de la collection Automne-Hiver 2013\/2014 est r\u00e9alis\u00e9e dans un tweed noir textur\u00e9 aux reflets subtils. Dot\u00e9e d\u2019une fermeture zipp\u00e9e et de boutons embl\u00e9matiques grav\u00e9s de motifs plan\u00e9taires, elle incarne l\u2019esth\u00e9tique singuli\u00e8re de la maison pour cette saison. Con\u00e7ue en taille 36, elle pr\u00e9sente une coupe droite l\u00e9g\u00e8rement ample, adapt\u00e9e aux silhouettes contemporaines. Le tissu, m\u00ealant polyamide, laine et polyester, lui conf\u00e8re structure et souplesse. L\u2019ensemble est en tr\u00e8s bon \u00e9tat, conservant son aspect original sans alt\u00e9ration visible.<\/p>\n<div class=\"flex flex-col text-sm\">\n<article class=\"text-token-text-primary w-full focus:outline-none [--shadow-height:45px] has-data-writing-block:pointer-events-none has-data-writing-block:-mt-(--shadow-height) has-data-writing-block:pt-(--shadow-height) [&amp;:has([data-writing-block])&gt;*]:pointer-events-auto scroll-mt-[calc(var(--header-height)+min(200px,max(70px,20svh)))]\" dir=\"auto\" data-turn-id=\"request-WEB:656a95fb-d8f0-42fd-b6f1-d2d73d67267a-4\" data-testid=\"conversation-turn-6\" data-scroll-anchor=\"true\" data-turn=\"assistant\">\n<div class=\"text-base my-auto mx-auto pb-10 [--thread-content-margin:--spacing(4)] @w-sm\/main:[--thread-content-margin:--spacing(6)] @w-lg\/main:[--thread-content-margin:--spacing(16)] px-(--thread-content-margin)\">\n<div class=\"[--thread-content-max-width:40rem] @w-lg\/main:[--thread-content-max-width:48rem] mx-auto max-w-(--thread-content-max-width) flex-1 group\/turn-messages focus-visible:outline-hidden relative flex w-full min-w-0 flex-col agent-turn\">\n<div class=\"flex max-w-full flex-col grow\">\n<div class=\"min-h-8 text-message relative flex w-full flex-col items-end gap-2 text-start break-words whitespace-normal [.text-message+&amp;]:mt-1\" dir=\"auto\" data-message-author-role=\"assistant\" data-message-id=\"e7611906-66dd-4138-bd27-60f41a637269\" data-message-model-slug=\"gpt-4o\">\n<div class=\"flex w-full flex-col gap-1 empty:hidden first:pt-[1px]\">\n<div class=\"markdown prose dark:prose-invert w-full wrap-break-word light markdown-new-styling\">\n<p data-start=\"594\" data-end=\"1161\"><strong data-start=\"594\" data-end=\"620\">Historique du Mod\u00e8le :<\/strong><br data-start=\"620\" data-end=\"623\" \/>La collection Automne-Hiver 2013\/14 de Chanel, imagin\u00e9e par Karl Lagerfeld, est marqu\u00e9e par une inspiration cosmique, avec l\u2019univers et les plan\u00e8tes comme toile de fond. Ce th\u00e8me se retrouve dans les d\u00e9tails de certaines pi\u00e8ces, notamment dans les boutons m\u00e9talliques grav\u00e9s d\u2019astres et de symboles c\u00e9lestes. Cette veste s\u2019inscrit pleinement dans cette esth\u00e9tique, \u00e0 la crois\u00e9e entre classicisme Chanel et vision futuriste. Elle t\u00e9moigne du travail de r\u00e9interpr\u00e9tation de l\u2019iconique veste en tweed par le directeur artistique de l\u2019\u00e9poque.<\/p>\n<p data-start=\"1163\" data-end=\"1685\"><strong data-start=\"1163\" data-end=\"1187\">D\u00e9tails Ext\u00e9rieurs :<\/strong><br data-start=\"1187\" data-end=\"1190\" \/>Le tweed noir est compos\u00e9 \u00e0 55 % de polyamide, 37 % de laine vierge et 8 % de polyester. Sa texture dense et brillante cr\u00e9e un effet visuel satin\u00e9 tout en restant sobre. La veste est longue, dot\u00e9e d\u2019un col montant et de manches longues termin\u00e9es par deux boutons sph\u00e9riques noirs grav\u00e9s de motifs plan\u00e9taires. Deux poches plaqu\u00e9es \u00e0 rabat viennent compl\u00e9ter sa silhouette. L\u2019ourlet, les poignets et le col sont discr\u00e8tement effrang\u00e9s, apportant une finition l\u00e9g\u00e8rement brute au design structur\u00e9.<\/p>\n<p data-start=\"1687\" data-end=\"2054\"><strong data-start=\"1687\" data-end=\"1711\">D\u00e9tails Int\u00e9rieurs :<\/strong><br data-start=\"1711\" data-end=\"1714\" \/>L\u2019int\u00e9rieur est doubl\u00e9 de soie noire (100 %), douce et fluide, orn\u00e9e de motifs cam\u00e9lias et logos entrelac\u00e9s en ton sur ton, caract\u00e9ristiques des pi\u00e8ces Chanel. La doublure garantit un confort optimal tout en assurant la tenue de la coupe. Les finitions internes t\u00e9moignent d\u2019un haut niveau de fabrication, fid\u00e8le aux standards de la maison.<\/p>\n<p data-start=\"2056\" data-end=\"2347\"><strong data-start=\"2056\" data-end=\"2077\">\u00c9tat du Produit :<\/strong><br data-start=\"2077\" data-end=\"2080\" \/>La veste est en tr\u00e8s bon \u00e9tat. Le tweed conserve toute sa texture et ses effets visuels. Aucun fil tir\u00e9, aucune d\u00e9coloration ou tache ne sont \u00e0 signaler. Les boutons sont complets et bien fix\u00e9s, la fermeture zipp\u00e9e fonctionne parfaitement. Les coutures sont intactes.<\/p>\n<p data-start=\"2349\" data-end=\"2666\"><strong data-start=\"2349\" data-end=\"2375\">Conseils d\u2019Entretien :<\/strong><br data-start=\"2375\" data-end=\"2378\" \/>Il est conseill\u00e9 de faire nettoyer la veste \u00e0 sec chez un professionnel, notamment en raison de la composition d\u00e9licate du tweed et de la doublure en soie. Le rangement sur un cintre large, dans une housse en tissu respirant, permettra de pr\u00e9server la forme et la mati\u00e8re au fil du temps.<\/p>\n<p data-start=\"2668\" data-end=\"3110\" data-is-last-node=\"\" data-is-only-node=\"\"><strong data-start=\"2668\" data-end=\"2701\">Pourquoi Choisir ce Produit :<\/strong><br data-start=\"2701\" data-end=\"2704\" \/>Cette veste Chanel \u00ab Les plan\u00e8tes \u00bb est une pi\u00e8ce de collection issue d&#8217;une saison marquante, incarnant l\u2019alliance entre inspiration artistique et tradition couture. Son style \u00e0 la fois minimaliste et symbolique, enrichi de d\u00e9tails cosmiques, en fait un mod\u00e8le rare et recherch\u00e9 par les amateurs de vintage Chanel. Sa coupe intemporelle et ses mat\u00e9riaux nobles en font un investissement durable et \u00e9l\u00e9gant.<\/p>\n<\/div>\n<\/div>\n<\/div>\n<\/div>\n<div class=\"z-0 flex min-h-[46px] justify-start\"><\/div>\n<div class=\"mt-3 w-full empty:hidden\">\n<div class=\"text-center\"><\/div>\n<\/div>\n<\/div>\n<\/div>\n<\/article>\n<\/div>\n<div class=\"pointer-events-none h-px w-px absolute bottom-0\" aria-hidden=\"true\" data-edge=\"true\"><\/div>\n","protected":false},"excerpt":{"rendered":"<p>Cette veste longue Chanel issue de la collection Automne-Hiver 2013\/2014 est r\u00e9alis\u00e9e dans un tweed noir textur\u00e9 aux reflets subtils. Dot\u00e9e d\u2019une fermeture zipp\u00e9e et de boutons embl\u00e9matiques grav\u00e9s de motifs plan\u00e9taires, elle incarne l\u2019esth\u00e9tique singuli\u00e8re de la maison pour cette saison. Con\u00e7ue en taille 36, elle pr\u00e9sente une coupe droite l\u00e9g\u00e8rement ample, adapt\u00e9e aux [&hellip;]<\/p>\n","protected":false},"featured_media":3743975,"comment_status":"open","ping_status":"closed","template":"","meta":[],"product_brand":[],"product_cat":[],"product_tag":[],"acf":[],"_links":{"self":[{"href":"https:\/\/streetmarkets.fr\/app\/wp-json\/wp\/v2\/product\/3743974"}],"collection":[{"href":"https:\/\/streetmarkets.fr\/app\/wp-json\/wp\/v2\/product"}],"about":[{"href":"https:\/\/streetmarkets.fr\/app\/wp-json\/wp\/v2\/types\/product"}],"replies":[{"embeddable":true,"href":"https:\/\/streetmarkets.fr\/app\/wp-json\/wp\/v2\/comments?post=3743974"}],"wp:featuredmedia":[{"embeddable":true,"href":"https:\/\/streetmarkets.fr\/app\/wp-json\/wp\/v2\/media\/3743975"}],"wp:attachment":[{"href":"https:\/\/streetmarkets.fr\/app\/wp-json\/wp\/v2\/media?parent=3743974"}],"wp:term":[{"taxonomy":"product_brand","embeddable":true,"href":"https:\/\/streetmarkets.fr\/app\/wp-json\/wp\/v2\/product_brand?post=3743974"},{"taxonomy":"product_cat","embeddable":true,"href":"https:\/\/streetmarkets.fr\/app\/wp-json\/wp\/v2\/product_cat?post=3743974"},{"taxonomy":"product_tag","embeddable":true,"href":"https:\/\/streetmarkets.fr\/app\/wp-json\/wp\/v2\/product_tag?post=3743974"}],"curies":[{"name":"wp","href":"https:\/\/api.w.org\/{rel}","templated":true}]}}