{"id":3743909,"date":"2026-03-08T06:37:09","date_gmt":"2026-03-08T05:37:09","guid":{"rendered":"https:\/\/streetmarkets.fr\/app\/produit\/tribales-dior-perles-et-metal-mat\/"},"modified":"2026-05-12T07:34:16","modified_gmt":"2026-05-12T05:34:16","slug":"tribales-dior-perles-et-metal-mat","status":"publish","type":"product","link":"https:\/\/streetmarkets.fr\/app\/produit\/tribales-dior-perles-et-metal-mat\/","title":{"rendered":"Tribales Dior perles et m\u00e9tal mat"},"content":{"rendered":"<p>Cette paire de boucles d\u2019oreilles Dior Tribales est r\u00e9alis\u00e9e en m\u00e9tal dor\u00e9 mat et orn\u00e9e de perles synth\u00e9tiques. Chaque boucle pr\u00e9sente un design asym\u00e9trique signature : une perle lisse \u00e0 l\u2019avant de l\u2019oreille, tandis qu\u2019un ornement plus volumineux et ouvrag\u00e9 habille l\u2019arri\u00e8re du lobe. La sph\u00e8re arri\u00e8re est travaill\u00e9e en dentelle de m\u00e9tal au fini sabl\u00e9, enrichie de petites perles blanches et de strass g\u00e9om\u00e9triques argent\u00e9s incrust\u00e9s. En tr\u00e8s bon \u00e9tat, ces boucles conservent leur \u00e9clat d\u2019origine et leur structure parfaitement intacte. Elles seront livr\u00e9es dans la boite d&#8217;origine ainsi qu&#8217;un dustbag Dior.<\/p>\n<div class=\"flex flex-col text-sm\">\n<article class=\"text-token-text-primary w-full focus:outline-none [--shadow-height:45px] has-data-writing-block:pointer-events-none has-data-writing-block:-mt-(--shadow-height) has-data-writing-block:pt-(--shadow-height) [&amp;:has([data-writing-block])&gt;*]:pointer-events-auto scroll-mt-[calc(var(--header-height)+min(200px,max(70px,20svh)))]\" dir=\"auto\" data-turn-id=\"request-WEB:8e5d8955-774d-4c41-9e48-b0b7e8e91e0b-12\" data-testid=\"conversation-turn-10\" data-scroll-anchor=\"true\" data-turn=\"assistant\">\n<div class=\"text-base my-auto mx-auto pb-10 [--thread-content-margin:--spacing(4)] @w-sm\/main:[--thread-content-margin:--spacing(6)] @w-lg\/main:[--thread-content-margin:--spacing(16)] px-(--thread-content-margin)\">\n<div class=\"[--thread-content-max-width:40rem] @w-lg\/main:[--thread-content-max-width:48rem] mx-auto max-w-(--thread-content-max-width) flex-1 group\/turn-messages focus-visible:outline-hidden relative flex w-full min-w-0 flex-col agent-turn\">\n<div class=\"flex max-w-full flex-col grow\">\n<div class=\"min-h-8 text-message relative flex w-full flex-col items-end gap-2 text-start break-words whitespace-normal [.text-message+&amp;]:mt-1\" dir=\"auto\" data-message-author-role=\"assistant\" data-message-id=\"cd01284a-4591-436f-be2a-c4d4ce8673b4\" data-message-model-slug=\"gpt-4o\">\n<div class=\"flex w-full flex-col gap-1 empty:hidden first:pt-[1px]\">\n<div class=\"markdown prose dark:prose-invert w-full wrap-break-word light markdown-new-styling\">\n<p data-start=\"559\" data-end=\"1113\"><strong data-start=\"559\" data-end=\"585\">Historique du Mod\u00e8le :<\/strong><br data-start=\"585\" data-end=\"588\" \/>Les boucles Tribales ont \u00e9t\u00e9 introduites par Dior en 2013 sous la direction de Raf Simons. Leur silhouette invers\u00e9e, o\u00f9 la perle la plus imposante se porte derri\u00e8re l\u2019oreille, a r\u00e9volutionn\u00e9 l\u2019esth\u00e9tique des bijoux contemporains. Inspir\u00e9es \u00e0 la fois de l\u2019art tribal et des codes classiques de la maison Dior, ces boucles se sont rapidement impos\u00e9es comme un accessoire phare et reconnaissable entre tous. Les nombreuses variations de mat\u00e9riaux et de motifs t\u00e9moignent de leur succ\u00e8s durable dans les collections de la maison.<\/p>\n<p data-start=\"1115\" data-end=\"1632\"><strong data-start=\"1115\" data-end=\"1139\">D\u00e9tails Ext\u00e9rieurs :<\/strong><br data-start=\"1139\" data-end=\"1142\" \/>Les boucles sont compos\u00e9es de deux parties : une perle avant lisse, de couleur cr\u00e8me, et une sph\u00e8re arri\u00e8re plus large, en m\u00e9tal dor\u00e9 mat au motif ajour\u00e9 complexe, presque architectural. Cette surface textur\u00e9e est ponctu\u00e9e de perles synth\u00e9tiques en relief et de strass carr\u00e9s taill\u00e9s fa\u00e7on miroir, apportant un jeu subtil de reflets. Le syst\u00e8me de fixation est \u00e0 tige avec poussoir int\u00e9gr\u00e9 dans la perle arri\u00e8re. La mention &#8220;Dior&#8221; est grav\u00e9e sur le cercle en m\u00e9tal reliant les deux parties.<\/p>\n<p data-start=\"1634\" data-end=\"1997\"><strong data-start=\"1634\" data-end=\"1658\">D\u00e9tails Int\u00e9rieurs :<\/strong><br data-start=\"1658\" data-end=\"1661\" \/>Les \u00e9l\u00e9ments m\u00e9talliques int\u00e9rieurs ne pr\u00e9sentent aucun d\u00e9faut structurel ni d\u00e9formation. La fixation est solide et permet un port stable et confortable. Les perles sont bien fix\u00e9es, sans jeu ni traces de colle apparente. L\u2019int\u00e9rieur de la sph\u00e8re arri\u00e8re est creux, assurant un poids mod\u00e9r\u00e9 et un bon \u00e9quilibre de la boucle sur le lobe.<\/p>\n<p data-start=\"1999\" data-end=\"2290\"><strong data-start=\"1999\" data-end=\"2020\">\u00c9tat du Produit :<\/strong><br data-start=\"2020\" data-end=\"2023\" \/>En tr\u00e8s bon \u00e9tat, ces boucles ne pr\u00e9sentent ni rayures profondes, ni \u00e9clats sur les perles ou les strass. La dorure mate est uniforme, sans ternissement. Les syst\u00e8mes de fixation sont fonctionnels et bien ajust\u00e9s. L\u2019ensemble a \u00e9t\u00e9 soigneusement conserv\u00e9 et peu port\u00e9.<\/p>\n<p data-start=\"2292\" data-end=\"2618\"><strong data-start=\"2292\" data-end=\"2318\">Conseils d\u2019Entretien :<\/strong><br data-start=\"2318\" data-end=\"2321\" \/>Conserver les boucles dans leur bo\u00eete ou une pochette en tissu pour \u00e9viter les chocs et le frottement avec d&#8217;autres bijoux. Nettoyer d\u00e9licatement avec un chiffon doux non abrasif. \u00c9viter tout contact avec l\u2019eau, les parfums ou produits cosm\u00e9tiques, qui peuvent alt\u00e9rer le m\u00e9tal dor\u00e9 et les perles.<\/p>\n<p data-start=\"2620\" data-end=\"3125\" data-is-last-node=\"\" data-is-only-node=\"\"><strong data-start=\"2620\" data-end=\"2653\">Pourquoi Choisir ce Produit :<\/strong><br data-start=\"2653\" data-end=\"2656\" \/>Ces Dior Tribales offrent un \u00e9quilibre parfait entre innovation stylistique et raffinement classique. Leur design invers\u00e9 embl\u00e9matique en fait un bijou imm\u00e9diatement reconnaissable, tandis que le travail du m\u00e9tal et les d\u00e9tails perl\u00e9s rappellent l\u2019h\u00e9ritage ornemental de la maison. En tr\u00e8s bon \u00e9tat, cette paire constitue un accessoire sophistiqu\u00e9 pour les amateurs de bijoux de cr\u00e9ateurs contemporains, tout en \u00e9tant une pi\u00e8ce marquante du design Dior des ann\u00e9es 2010.<\/p>\n<\/div>\n<\/div>\n<\/div>\n<\/div>\n<div class=\"z-0 flex min-h-[46px] justify-start\"><\/div>\n<div class=\"mt-3 w-full empty:hidden\">\n<div class=\"text-center\"><\/div>\n<\/div>\n<\/div>\n<\/div>\n<\/article>\n<\/div>\n<div class=\"pointer-events-none h-px w-px absolute bottom-0\" aria-hidden=\"true\" data-edge=\"true\"><\/div>\n","protected":false},"excerpt":{"rendered":"<p>Cette paire de boucles d\u2019oreilles Dior Tribales est r\u00e9alis\u00e9e en m\u00e9tal dor\u00e9 mat et orn\u00e9e de perles synth\u00e9tiques. Chaque boucle pr\u00e9sente un design asym\u00e9trique signature : une perle lisse \u00e0 l\u2019avant de l\u2019oreille, tandis qu\u2019un ornement plus volumineux et ouvrag\u00e9 habille l\u2019arri\u00e8re du lobe. La sph\u00e8re arri\u00e8re est travaill\u00e9e en dentelle de m\u00e9tal au fini [&hellip;]<\/p>\n","protected":false},"featured_media":3743910,"comment_status":"open","ping_status":"closed","template":"","meta":[],"product_brand":[],"product_cat":[],"product_tag":[],"acf":[],"_links":{"self":[{"href":"https:\/\/streetmarkets.fr\/app\/wp-json\/wp\/v2\/product\/3743909"}],"collection":[{"href":"https:\/\/streetmarkets.fr\/app\/wp-json\/wp\/v2\/product"}],"about":[{"href":"https:\/\/streetmarkets.fr\/app\/wp-json\/wp\/v2\/types\/product"}],"replies":[{"embeddable":true,"href":"https:\/\/streetmarkets.fr\/app\/wp-json\/wp\/v2\/comments?post=3743909"}],"wp:featuredmedia":[{"embeddable":true,"href":"https:\/\/streetmarkets.fr\/app\/wp-json\/wp\/v2\/media\/3743910"}],"wp:attachment":[{"href":"https:\/\/streetmarkets.fr\/app\/wp-json\/wp\/v2\/media?parent=3743909"}],"wp:term":[{"taxonomy":"product_brand","embeddable":true,"href":"https:\/\/streetmarkets.fr\/app\/wp-json\/wp\/v2\/product_brand?post=3743909"},{"taxonomy":"product_cat","embeddable":true,"href":"https:\/\/streetmarkets.fr\/app\/wp-json\/wp\/v2\/product_cat?post=3743909"},{"taxonomy":"product_tag","embeddable":true,"href":"https:\/\/streetmarkets.fr\/app\/wp-json\/wp\/v2\/product_tag?post=3743909"}],"curies":[{"name":"wp","href":"https:\/\/api.w.org\/{rel}","templated":true}]}}