{"id":3743793,"date":"2026-03-08T06:36:51","date_gmt":"2026-03-08T05:36:51","guid":{"rendered":"https:\/\/streetmarkets.fr\/app\/produit\/sac-fendi-bandouliere-monogram\/"},"modified":"2026-05-08T07:34:04","modified_gmt":"2026-05-08T05:34:04","slug":"sac-fendi-bandouliere-monogram","status":"publish","type":"product","link":"https:\/\/streetmarkets.fr\/app\/produit\/sac-fendi-bandouliere-monogram\/","title":{"rendered":"Sac Fendi bandouli\u00e8re Monogram"},"content":{"rendered":"<p>Ce sac bandouli\u00e8re Fendi est r\u00e9alis\u00e9 en toile \u00e0 motif monogramme FF dans des tons brun et noir, signature embl\u00e9matique de la maison italienne. De format souple et fonctionnel, il se porte \u00e0 l\u2019\u00e9paule gr\u00e2ce \u00e0 sa large bandouli\u00e8re en toile noire. En tr\u00e8s bon \u00e9tat g\u00e9n\u00e9ral, la toile ne pr\u00e9sente aucun accroc, et l\u2019ensemble conserve une belle tenue. La bijouterie en finition ruth\u00e9nium, grav\u00e9e Fendi, est \u00e9galement bien pr\u00e9serv\u00e9e, tout comme les finitions en cuir noir qui renforcent les angles et les attaches.<\/p>\n<div class=\"flex flex-col text-sm\">\n<article class=\"text-token-text-primary w-full focus:outline-none [--shadow-height:45px] has-data-writing-block:pointer-events-none has-data-writing-block:-mt-(--shadow-height) has-data-writing-block:pt-(--shadow-height) [&amp;:has([data-writing-block])&gt;*]:pointer-events-auto scroll-mt-[calc(var(--header-height)+min(200px,max(70px,20svh)))]\" dir=\"auto\" data-turn-id=\"request-6970a559-fbbc-8325-b94d-a5df564f1843-1\" data-testid=\"conversation-turn-56\" data-scroll-anchor=\"true\" data-turn=\"assistant\">\n<div class=\"text-base my-auto mx-auto pb-10 [--thread-content-margin:--spacing(4)] @w-sm\/main:[--thread-content-margin:--spacing(6)] @w-lg\/main:[--thread-content-margin:--spacing(16)] px-(--thread-content-margin)\">\n<div class=\"[--thread-content-max-width:40rem] @w-lg\/main:[--thread-content-max-width:48rem] mx-auto max-w-(--thread-content-max-width) flex-1 group\/turn-messages focus-visible:outline-hidden relative flex w-full min-w-0 flex-col agent-turn\">\n<div class=\"flex max-w-full flex-col grow\">\n<div class=\"min-h-8 text-message relative flex w-full flex-col items-end gap-2 text-start break-words whitespace-normal [.text-message+&amp;]:mt-1\" dir=\"auto\" data-message-author-role=\"assistant\" data-message-id=\"1ca81980-187f-4109-8ddc-115add44fba6\" data-message-model-slug=\"gpt-4o\">\n<div class=\"flex w-full flex-col gap-1 empty:hidden first:pt-[1px]\">\n<div class=\"markdown prose dark:prose-invert w-full break-words light markdown-new-styling\">\n<p data-start=\"679\" data-end=\"1133\"><strong data-start=\"679\" data-end=\"705\">Historique du Mod\u00e8le :<\/strong><br data-start=\"705\" data-end=\"708\" \/>Le motif FF, \u00e9galement appel\u00e9 \u00ab Zucca \u00bb, a \u00e9t\u00e9 cr\u00e9\u00e9 en 1965 par Karl Lagerfeld lors de son arriv\u00e9e chez Fendi. D\u2019abord utilis\u00e9 en doublure, il devient rapidement un \u00e9l\u00e9ment central de l\u2019identit\u00e9 visuelle de la maison. Ce type de sac, typique des collections des ann\u00e9es 1990 et 2000, refl\u00e8te une esth\u00e9tique utilitaire, urbaine et luxueuse, \u00e0 l\u2019image de la p\u00e9riode o\u00f9 le logo s\u2019affiche comme un \u00e9l\u00e9ment \u00e0 part enti\u00e8re du style.<\/p>\n<p data-start=\"1135\" data-end=\"1600\"><strong data-start=\"1135\" data-end=\"1159\">D\u00e9tails Ext\u00e9rieurs :<\/strong><br data-start=\"1159\" data-end=\"1162\" \/>La toile \u00e9paisse est souple mais r\u00e9sistante, avec un imprim\u00e9 FF bien net et r\u00e9gulier. Aucune trace d\u2019accroc ou de d\u00e9coloration n\u2019est \u00e0 signaler. Les finitions en cuir noir, plac\u00e9es aux extr\u00e9mit\u00e9s et au niveau des fixations de sangle, sont en bon \u00e9tat. La bandouli\u00e8re en toile \u00e9paisse permet un port\u00e9 \u00e9paule confortable. La bijouterie en m\u00e9tal ruth\u00e9nium, pr\u00e9sente sur les attaches et crochets, est propre, sans oxydation, et fonctionnelle.<\/p>\n<p data-start=\"1602\" data-end=\"1944\"><strong data-start=\"1602\" data-end=\"1626\">D\u00e9tails Int\u00e9rieurs :<\/strong><br data-start=\"1626\" data-end=\"1629\" \/>L\u2019int\u00e9rieur est enti\u00e8rement doubl\u00e9 de textile noir, propre et sans usure notable. Une poche zipp\u00e9e int\u00e9rieure permet un rangement s\u00e9curis\u00e9. On y retrouve une \u00e9tiquette en cuir noir estampill\u00e9e \u00ab Fendi \u2013 Made in Italy \u00bb ainsi que le marquage du num\u00e9ro de s\u00e9rie. La fermeture zipp\u00e9e principale fonctionne sans accroc.<\/p>\n<p data-start=\"1946\" data-end=\"2285\"><strong data-start=\"1946\" data-end=\"1967\">\u00c9tat du Produit :<\/strong><br data-start=\"1967\" data-end=\"1970\" \/>Ce sac est en tr\u00e8s bon \u00e9tat g\u00e9n\u00e9ral. La toile est nette, les coins bien conserv\u00e9s, et la structure du sac reste souple mais stable. La bandouli\u00e8re est en bon \u00e9tat, sans affaissement ni fragilit\u00e9, et la bijouterie en finition ruth\u00e9nium pr\u00e9sente uniquement de l\u00e9g\u00e8res micro-traces, compatibles avec un usage ponctuel.<\/p>\n<p data-start=\"2287\" data-end=\"2617\"><strong data-start=\"2287\" data-end=\"2313\">Conseils d\u2019Entretien :<\/strong><br data-start=\"2313\" data-end=\"2316\" \/>\u00c9viter le contact prolong\u00e9 avec l\u2019humidit\u00e9 ou les surfaces rugueuses. Nettoyer la toile avec un chiffon doux \u00e0 sec. Le cuir peut \u00eatre nourri occasionnellement avec un soin sp\u00e9cifique. Conserver le sac \u00e0 l\u2019abri de la lumi\u00e8re directe dans une housse de rangement pour pr\u00e9server les couleurs et la forme.<\/p>\n<p data-start=\"2619\" data-end=\"3061\" data-is-last-node=\"\" data-is-only-node=\"\"><strong data-start=\"2619\" data-end=\"2652\">Pourquoi Choisir ce Produit :<\/strong><br data-start=\"2652\" data-end=\"2655\" \/>Ce sac bandouli\u00e8re Fendi incarne parfaitement le style affirm\u00e9 des ann\u00e9es 1990\/2000, avec son monogramme graphique et sa construction pratique. Polyvalent, il convient aussi bien pour un usage quotidien que pour un look vintage marqu\u00e9. Son excellent \u00e9tat et la finition en ruth\u00e9nium lui conf\u00e8rent un aspect moderne et durable, id\u00e9al pour les amateurs de pi\u00e8ces embl\u00e9matiques discr\u00e8tes mais reconnaissables.<\/p>\n<\/div>\n<\/div>\n<\/div>\n<\/div>\n<div class=\"z-0 flex min-h-[46px] justify-start\"><\/div>\n<div class=\"mt-3 w-full empty:hidden\">\n<div class=\"text-center\"><\/div>\n<\/div>\n<\/div>\n<\/div>\n<\/article>\n<\/div>\n<div class=\"pointer-events-none h-px w-px absolute bottom-0\" aria-hidden=\"true\" data-edge=\"true\"><\/div>\n","protected":false},"excerpt":{"rendered":"<p>Ce sac bandouli\u00e8re Fendi est r\u00e9alis\u00e9 en toile \u00e0 motif monogramme FF dans des tons brun et noir, signature embl\u00e9matique de la maison italienne. De format souple et fonctionnel, il se porte \u00e0 l\u2019\u00e9paule gr\u00e2ce \u00e0 sa large bandouli\u00e8re en toile noire. En tr\u00e8s bon \u00e9tat g\u00e9n\u00e9ral, la toile ne pr\u00e9sente aucun accroc, et l\u2019ensemble [&hellip;]<\/p>\n","protected":false},"featured_media":3743794,"comment_status":"open","ping_status":"closed","template":"","meta":[],"product_brand":[],"product_cat":[],"product_tag":[],"acf":[],"_links":{"self":[{"href":"https:\/\/streetmarkets.fr\/app\/wp-json\/wp\/v2\/product\/3743793"}],"collection":[{"href":"https:\/\/streetmarkets.fr\/app\/wp-json\/wp\/v2\/product"}],"about":[{"href":"https:\/\/streetmarkets.fr\/app\/wp-json\/wp\/v2\/types\/product"}],"replies":[{"embeddable":true,"href":"https:\/\/streetmarkets.fr\/app\/wp-json\/wp\/v2\/comments?post=3743793"}],"wp:featuredmedia":[{"embeddable":true,"href":"https:\/\/streetmarkets.fr\/app\/wp-json\/wp\/v2\/media\/3743794"}],"wp:attachment":[{"href":"https:\/\/streetmarkets.fr\/app\/wp-json\/wp\/v2\/media?parent=3743793"}],"wp:term":[{"taxonomy":"product_brand","embeddable":true,"href":"https:\/\/streetmarkets.fr\/app\/wp-json\/wp\/v2\/product_brand?post=3743793"},{"taxonomy":"product_cat","embeddable":true,"href":"https:\/\/streetmarkets.fr\/app\/wp-json\/wp\/v2\/product_cat?post=3743793"},{"taxonomy":"product_tag","embeddable":true,"href":"https:\/\/streetmarkets.fr\/app\/wp-json\/wp\/v2\/product_tag?post=3743793"}],"curies":[{"name":"wp","href":"https:\/\/api.w.org\/{rel}","templated":true}]}}