{"id":3743644,"date":"2026-03-08T06:36:31","date_gmt":"2026-03-08T05:36:31","guid":{"rendered":"https:\/\/streetmarkets.fr\/app\/produit\/sac-papillon-monogram-louis-vuitton\/"},"modified":"2026-05-10T07:34:21","modified_gmt":"2026-05-10T05:34:21","slug":"sac-papillon-monogram-louis-vuitton","status":"publish","type":"product","link":"https:\/\/streetmarkets.fr\/app\/produit\/sac-papillon-monogram-louis-vuitton\/","title":{"rendered":"Sac Papillon Monogram Louis Vuitton"},"content":{"rendered":"<p>Ce sac Louis Vuitton Papillon en toile Monogram date des ann\u00e9es 1990 et arbore la silhouette cylindrique embl\u00e9matique du mod\u00e8le. Confectionn\u00e9 en toile enduite marron \u00e0 motif Monogram LV et orn\u00e9 de garnitures en cuir naturel brun, il se porte \u00e0 la main ou \u00e0 l\u2019\u00e9paule gr\u00e2ce \u00e0 ses deux anses souples. Le mod\u00e8le pr\u00e9sente un int\u00e9rieur spacieux, accessible par une fermeture \u00e9clair en laiton dor\u00e9 grav\u00e9e Louis Vuitton. Ce sac vintage est en tr\u00e8s bon \u00e9tat structurel.<\/p>\n<div class=\"flex flex-col text-sm\">\n<article class=\"text-token-text-primary w-full focus:outline-none [--shadow-height:45px] has-data-writing-block:pointer-events-none has-data-writing-block:-mt-(--shadow-height) has-data-writing-block:pt-(--shadow-height) [&amp;:has([data-writing-block])&gt;*]:pointer-events-auto scroll-mt-[calc(var(--header-height)+min(200px,max(70px,20svh)))]\" dir=\"auto\" data-turn-id=\"request-WEB:13521bc5-0c8f-4a36-80c0-803f4e8b425b-2\" data-testid=\"conversation-turn-6\" data-scroll-anchor=\"true\" data-turn=\"assistant\">\n<div class=\"text-base my-auto mx-auto pb-10 [--thread-content-margin:--spacing(4)] @w-sm\/main:[--thread-content-margin:--spacing(6)] @w-lg\/main:[--thread-content-margin:--spacing(16)] px-(--thread-content-margin)\">\n<div class=\"[--thread-content-max-width:40rem] @w-lg\/main:[--thread-content-max-width:48rem] mx-auto max-w-(--thread-content-max-width) flex-1 group\/turn-messages focus-visible:outline-hidden relative flex w-full min-w-0 flex-col agent-turn\">\n<div class=\"flex max-w-full flex-col grow\">\n<div class=\"min-h-8 text-message relative flex w-full flex-col items-end gap-2 text-start break-words whitespace-normal [.text-message+&amp;]:mt-1\" dir=\"auto\" data-message-author-role=\"assistant\" data-message-id=\"80524c61-61e5-44e2-a93b-ee0c99ca474b\" data-message-model-slug=\"gpt-4o\">\n<div class=\"flex w-full flex-col gap-1 empty:hidden first:pt-[1px]\">\n<div class=\"markdown prose dark:prose-invert w-full break-words light markdown-new-styling\">\n<p data-start=\"563\" data-end=\"1118\"><strong data-start=\"563\" data-end=\"589\">Historique du Mod\u00e8le :<\/strong><br data-start=\"589\" data-end=\"592\" \/>Cr\u00e9\u00e9 en 1966, le sac Papillon est une cr\u00e9ation embl\u00e9matique de Louis Vuitton, reconnaissable par sa forme tubulaire inspir\u00e9e de la l\u00e9g\u00e8ret\u00e9 d\u2019un papillon. Il incarne une \u00e9poque o\u00f9 la maison introduisait des lignes plus souples et pratiques, tout en conservant l\u2019\u00e9l\u00e9gance de ses codes visuels. Dans les ann\u00e9es 1990, le mod\u00e8le conna\u00eet un regain de popularit\u00e9, port\u00e9 par la tendance des sacs compacts mais fonctionnels. Sa silhouette minimaliste et son design intemporel ont travers\u00e9 les d\u00e9cennies sans perdre de leur pertinence.<\/p>\n<p data-start=\"1120\" data-end=\"1651\"><strong data-start=\"1120\" data-end=\"1144\">D\u00e9tails Ext\u00e9rieurs :<\/strong><br data-start=\"1144\" data-end=\"1147\" \/>La toile Monogram est bien conserv\u00e9e, avec des motifs LV, fleurs et rosaces r\u00e9partis de mani\u00e8re sym\u00e9trique. La surface en toile pr\u00e9sente un grain dense, r\u00e9sistant \u00e0 l\u2019abrasion. Les anses et les finitions sont en cuir naturel brun, avec une couture contrastante beige typique des mod\u00e8les Louis Vuitton. La fermeture \u00e9clair en laiton dor\u00e9 est grav\u00e9e du logo de la maison. Les extr\u00e9mit\u00e9s circulaires du sac renforcent son allure structur\u00e9e, tout en offrant une belle continuit\u00e9 visuelle du motif monogramm\u00e9.<\/p>\n<p data-start=\"1653\" data-end=\"2054\"><strong data-start=\"1653\" data-end=\"1677\">D\u00e9tails Int\u00e9rieurs :<\/strong><br data-start=\"1677\" data-end=\"1680\" \/>L\u2019int\u00e9rieur est doubl\u00e9 d\u2019une toile enduite marron fonc\u00e9, sans poches ni compartiments, permettant une grande contenance malgr\u00e9 sa forme compacte. Le rev\u00eatement interne montre quelques marques d\u2019usure visibles, notamment au fond du sac, traces coh\u00e9rentes avec une utilisation r\u00e9guli\u00e8re. L\u2019espace int\u00e9rieur est enti\u00e8rement zipp\u00e9 pour assurer la s\u00e9curit\u00e9 des effets personnels.<\/p>\n<p data-start=\"2056\" data-end=\"2491\"><strong data-start=\"2056\" data-end=\"2077\">\u00c9tat du Produit :<\/strong><br data-start=\"2077\" data-end=\"2080\" \/>Ce sac pr\u00e9sente un tr\u00e8s bon \u00e9tat g\u00e9n\u00e9ral pour un mod\u00e8le vintage. La toile Monogram est intacte, sans fissure ni d\u00e9coloration majeure. Les anses en cuir montrent une patine naturelle. Le cuir sur les bords et les extr\u00e9mit\u00e9s reste souple. La fermeture fonctionne parfaitement. L\u2019int\u00e9rieur comporte des marques d\u2019usure, mais reste fonctionnel et propre.<\/p>\n<p data-start=\"2493\" data-end=\"2896\"><strong data-start=\"2493\" data-end=\"2519\">Conseils d\u2019Entretien :<\/strong><br data-start=\"2519\" data-end=\"2522\" \/>\u00c9viter l\u2019exposition prolong\u00e9e au soleil ou \u00e0 l\u2019humidit\u00e9 afin de pr\u00e9server l\u2019\u00e9clat de la toile Monogram et la souplesse du cuir. Nettoyer la toile avec un chiffon doux l\u00e9g\u00e8rement humide. Le cuir naturel peut \u00eatre nourri occasionnellement avec un soin sp\u00e9cifique pour \u00e9viter le dess\u00e8chement. Ranger le sac \u00e0 plat, \u00e0 l\u2019abri de la poussi\u00e8re, id\u00e9alement dans une housse en tissu.<\/p>\n<p data-start=\"2898\" data-end=\"3450\" data-is-last-node=\"\" data-is-only-node=\"\"><strong data-start=\"2898\" data-end=\"2931\">Pourquoi Choisir ce Produit :<\/strong><br data-start=\"2931\" data-end=\"2934\" \/>Le sac Papillon Monogram de Louis Vuitton est une pi\u00e8ce embl\u00e9matique du design utilitaire chic des ann\u00e9es 1990. Son format original et sa robustesse en font un excellent choix pour une utilisation quotidienne ou comme sac de collection. Facile \u00e0 assortir, identifiable entre tous gr\u00e2ce \u00e0 son motif Monogram, il combine praticit\u00e9, histoire et esth\u00e9tique avec \u00e9quilibre. Ce mod\u00e8le vintage est un t\u00e9moignage de l\u2019\u00e9l\u00e9gance fonctionnelle \u00e0 la fran\u00e7aise et un investissement durable dans l\u2019univers du luxe de seconde main.<\/p>\n<\/div>\n<\/div>\n<\/div>\n<\/div>\n<div class=\"z-0 flex min-h-[46px] justify-start\"><\/div>\n<div class=\"mt-3 w-full empty:hidden\">\n<div class=\"text-center\"><\/div>\n<\/div>\n<\/div>\n<\/div>\n<\/article>\n<\/div>\n<div class=\"pointer-events-none h-px w-px absolute bottom-0\" aria-hidden=\"true\" data-edge=\"true\"><\/div>\n","protected":false},"excerpt":{"rendered":"<p>Ce sac Louis Vuitton Papillon en toile Monogram date des ann\u00e9es 1990 et arbore la silhouette cylindrique embl\u00e9matique du mod\u00e8le. Confectionn\u00e9 en toile enduite marron \u00e0 motif Monogram LV et orn\u00e9 de garnitures en cuir naturel brun, il se porte \u00e0 la main ou \u00e0 l\u2019\u00e9paule gr\u00e2ce \u00e0 ses deux anses souples. Le mod\u00e8le pr\u00e9sente [&hellip;]<\/p>\n","protected":false},"featured_media":3743645,"comment_status":"open","ping_status":"closed","template":"","meta":[],"product_brand":[],"product_cat":[],"product_tag":[],"acf":[],"_links":{"self":[{"href":"https:\/\/streetmarkets.fr\/app\/wp-json\/wp\/v2\/product\/3743644"}],"collection":[{"href":"https:\/\/streetmarkets.fr\/app\/wp-json\/wp\/v2\/product"}],"about":[{"href":"https:\/\/streetmarkets.fr\/app\/wp-json\/wp\/v2\/types\/product"}],"replies":[{"embeddable":true,"href":"https:\/\/streetmarkets.fr\/app\/wp-json\/wp\/v2\/comments?post=3743644"}],"wp:featuredmedia":[{"embeddable":true,"href":"https:\/\/streetmarkets.fr\/app\/wp-json\/wp\/v2\/media\/3743645"}],"wp:attachment":[{"href":"https:\/\/streetmarkets.fr\/app\/wp-json\/wp\/v2\/media?parent=3743644"}],"wp:term":[{"taxonomy":"product_brand","embeddable":true,"href":"https:\/\/streetmarkets.fr\/app\/wp-json\/wp\/v2\/product_brand?post=3743644"},{"taxonomy":"product_cat","embeddable":true,"href":"https:\/\/streetmarkets.fr\/app\/wp-json\/wp\/v2\/product_cat?post=3743644"},{"taxonomy":"product_tag","embeddable":true,"href":"https:\/\/streetmarkets.fr\/app\/wp-json\/wp\/v2\/product_tag?post=3743644"}],"curies":[{"name":"wp","href":"https:\/\/api.w.org\/{rel}","templated":true}]}}