{"id":3743639,"date":"2026-03-08T06:36:30","date_gmt":"2026-03-08T05:36:30","guid":{"rendered":"https:\/\/streetmarkets.fr\/app\/produit\/clips-vintage-perles-chanel\/"},"modified":"2026-05-10T07:34:21","modified_gmt":"2026-05-10T05:34:21","slug":"clips-vintage-perles-chanel","status":"publish","type":"product","link":"https:\/\/streetmarkets.fr\/app\/produit\/clips-vintage-perles-chanel\/","title":{"rendered":"Clips vintage perles Chanel"},"content":{"rendered":"<p data-start=\"0\" data-end=\"509\">Ces boucles d\u2019oreilles clip vintage Chanel datent des ann\u00e9es 1990 et se composent d\u2019une monture dor\u00e9e plaqu\u00e9 or 24k orn\u00e9e d\u2019un cristal taill\u00e9, surmont\u00e9e d\u2019une perle goutte en r\u00e9sine ivoire. D\u2019une \u00e9l\u00e9gance sobre, elles mesurent environ 5,5 cm de long, offrant un joli tomb\u00e9 au niveau du lobe. Le fermoir \u00e0 clip, typique des bijoux de la maison, est \u00e9quip\u00e9 d\u2019un coussinet en plastique transparent pour un meilleur confort de port. Les pi\u00e8ces sont estampill\u00e9es du poin\u00e7on CHANEL\u00ae sur la face interne du clip. En tr\u00e8s bon \u00e9tat.<\/p>\n<p data-start=\"511\" data-end=\"1073\">\n<div class=\"flex flex-col text-sm\">\n<article class=\"text-token-text-primary w-full focus:outline-none [--shadow-height:45px] has-data-writing-block:pointer-events-none has-data-writing-block:-mt-(--shadow-height) has-data-writing-block:pt-(--shadow-height) [&amp;:has([data-writing-block])&gt;*]:pointer-events-auto scroll-mt-[calc(var(--header-height)+min(200px,max(70px,20svh)))]\" dir=\"auto\" data-turn-id=\"request-WEB:13521bc5-0c8f-4a36-80c0-803f4e8b425b-1\" data-testid=\"conversation-turn-4\" data-scroll-anchor=\"true\" data-turn=\"assistant\">\n<div class=\"text-base my-auto mx-auto pb-10 [--thread-content-margin:--spacing(4)] @w-sm\/main:[--thread-content-margin:--spacing(6)] @w-lg\/main:[--thread-content-margin:--spacing(16)] px-(--thread-content-margin)\">\n<div class=\"[--thread-content-max-width:40rem] @w-lg\/main:[--thread-content-max-width:48rem] mx-auto max-w-(--thread-content-max-width) flex-1 group\/turn-messages focus-visible:outline-hidden relative flex w-full min-w-0 flex-col agent-turn\">\n<div class=\"flex max-w-full flex-col grow\">\n<div class=\"min-h-8 text-message relative flex w-full flex-col items-end gap-2 text-start break-words whitespace-normal [.text-message+&amp;]:mt-1\" dir=\"auto\" data-message-author-role=\"assistant\" data-message-id=\"e1236c4f-ff28-4f12-b318-997bce3656d2\" data-message-model-slug=\"gpt-4o\">\n<div class=\"flex w-full flex-col gap-1 empty:hidden first:pt-[1px]\">\n<div class=\"markdown prose dark:prose-invert w-full break-words light markdown-new-styling\">\n<p data-start=\"511\" data-end=\"1073\"><strong data-start=\"511\" data-end=\"537\">Historique du Mod\u00e8le :<\/strong><br data-start=\"537\" data-end=\"540\" \/>Les bijoux fantaisie Chanel connaissent un v\u00e9ritable essor dans les ann\u00e9es 1980 et 1990 sous la direction artistique de Karl Lagerfeld, qui collabore avec des artisans de renom tels que Victoire de Castellane ou Gripoix. Dans cette p\u00e9riode, la maison propose des bijoux audacieux m\u00ealant mat\u00e9riaux pr\u00e9cieux et fantaisie assum\u00e9e. Les clips orn\u00e9s de perles, inspir\u00e9s par les go\u00fbts de Gabrielle Chanel elle-m\u00eame, qui privil\u00e9giait les fausses perles aux vraies, deviennent des classiques r\u00e9currents dans les collections de cette d\u00e9cennie.<\/p>\n<p data-start=\"1075\" data-end=\"1534\"><strong data-start=\"1075\" data-end=\"1099\">D\u00e9tails Ext\u00e9rieurs :<\/strong><br data-start=\"1099\" data-end=\"1102\" \/>Le m\u00e9tal dor\u00e9 \u00e0 l\u2019aspect textur\u00e9 pr\u00e9sente une monture irr\u00e9guli\u00e8re, volontairement organique, autour d\u2019un cabochon en cristal facett\u00e9 de forme rectangulaire. Chaque perle en r\u00e9sine, suspendue par un petit anneau mobile, adopte une forme de goutte l\u00e9g\u00e8rement asym\u00e9trique, accentuant le caract\u00e8re artisanal du bijou. Le dessous de chaque perle est soulign\u00e9 par une finition dor\u00e9e discr\u00e8te, reprenant les codes esth\u00e9tiques de la maison.<\/p>\n<p data-start=\"1536\" data-end=\"1898\"><strong data-start=\"1536\" data-end=\"1560\">D\u00e9tails Int\u00e9rieurs :<\/strong><br data-start=\"1560\" data-end=\"1563\" \/>Le revers des clips r\u00e9v\u00e8le la gravure CHANEL\u00ae accompagn\u00e9e de l\u2019estampille du mill\u00e9sime indiquant une production dans les ann\u00e9es 1990. Le m\u00e9canisme est solide et en bon \u00e9tat de fonctionnement. Les embouts en plastique souple ajout\u00e9s sur les clips sont d\u2019origine ou adapt\u00e9s pour un confort optimal, permettant un port prolong\u00e9 sans g\u00eane.<\/p>\n<p data-start=\"1900\" data-end=\"2322\"><strong data-start=\"1900\" data-end=\"1921\">\u00c9tat du Produit :<\/strong><br data-start=\"1921\" data-end=\"1924\" \/>Les boucles d\u2019oreilles sont en tr\u00e8s bon \u00e9tat vintage. Les perles ne pr\u00e9sentent pas d\u2019\u00e9clats ni de craquelures visibles, bien que leur surface montre de subtiles irr\u00e9gularit\u00e9s, fr\u00e9quentes sur les mod\u00e8les de cette \u00e9poque. Le m\u00e9canisme de clip fonctionne parfaitement et reste s\u00e9curis\u00e9 \u00e0 l\u2019usage.<\/p>\n<p data-start=\"2324\" data-end=\"2646\"><strong data-start=\"2324\" data-end=\"2350\">Conseils d\u2019Entretien :<\/strong><br data-start=\"2350\" data-end=\"2353\" \/>Il est recommand\u00e9 de conserver ces boucles \u00e0 l\u2019abri de l\u2019humidit\u00e9 et du parfum pour pr\u00e9server la dorure et l\u2019\u00e9clat des perles. Les nettoyer d\u00e9licatement \u00e0 l\u2019aide d\u2019un chiffon doux, sans produit abrasif. Lorsqu\u2019elles ne sont pas port\u00e9es, les ranger individuellement pour \u00e9viter les frottements.<\/p>\n<p data-start=\"2648\" data-end=\"3188\" data-is-last-node=\"\" data-is-only-node=\"\"><strong data-start=\"2648\" data-end=\"2681\">Pourquoi Choisir ce Produit :<\/strong><br data-start=\"2681\" data-end=\"2684\" \/>Ces clips Chanel des ann\u00e9es 1990 repr\u00e9sentent une pi\u00e8ce de bijouterie fantaisie embl\u00e9matique de la maison, entre sophistication classique et exub\u00e9rance discr\u00e8te. Leur combinaison de perle goutte et de cristal facett\u00e9 \u00e9voque l\u2019h\u00e9ritage des bijoux couture tout en restant faciles \u00e0 int\u00e9grer dans une tenue contemporaine. Par leur authenticit\u00e9, leur confort et leur design distinctif, ces boucles sont un choix pertinent pour les amateurs de vintage recherchant une touche d\u2019histoire dans leurs accessoires.<\/p>\n<\/div>\n<\/div>\n<\/div>\n<\/div>\n<div class=\"z-0 flex min-h-[46px] justify-start\"><\/div>\n<div class=\"mt-3 w-full empty:hidden\">\n<div class=\"text-center\"><\/div>\n<\/div>\n<\/div>\n<\/div>\n<\/article>\n<\/div>\n<div class=\"pointer-events-none h-px w-px absolute bottom-0\" aria-hidden=\"true\" data-edge=\"true\"><\/div>\n","protected":false},"excerpt":{"rendered":"<p>Ces boucles d\u2019oreilles clip vintage Chanel datent des ann\u00e9es 1990 et se composent d\u2019une monture dor\u00e9e plaqu\u00e9 or 24k orn\u00e9e d\u2019un cristal taill\u00e9, surmont\u00e9e d\u2019une perle goutte en r\u00e9sine ivoire. D\u2019une \u00e9l\u00e9gance sobre, elles mesurent environ 5,5 cm de long, offrant un joli tomb\u00e9 au niveau du lobe. Le fermoir \u00e0 clip, typique des bijoux [&hellip;]<\/p>\n","protected":false},"featured_media":3743640,"comment_status":"open","ping_status":"closed","template":"","meta":[],"product_brand":[],"product_cat":[],"product_tag":[],"acf":[],"_links":{"self":[{"href":"https:\/\/streetmarkets.fr\/app\/wp-json\/wp\/v2\/product\/3743639"}],"collection":[{"href":"https:\/\/streetmarkets.fr\/app\/wp-json\/wp\/v2\/product"}],"about":[{"href":"https:\/\/streetmarkets.fr\/app\/wp-json\/wp\/v2\/types\/product"}],"replies":[{"embeddable":true,"href":"https:\/\/streetmarkets.fr\/app\/wp-json\/wp\/v2\/comments?post=3743639"}],"wp:featuredmedia":[{"embeddable":true,"href":"https:\/\/streetmarkets.fr\/app\/wp-json\/wp\/v2\/media\/3743640"}],"wp:attachment":[{"href":"https:\/\/streetmarkets.fr\/app\/wp-json\/wp\/v2\/media?parent=3743639"}],"wp:term":[{"taxonomy":"product_brand","embeddable":true,"href":"https:\/\/streetmarkets.fr\/app\/wp-json\/wp\/v2\/product_brand?post=3743639"},{"taxonomy":"product_cat","embeddable":true,"href":"https:\/\/streetmarkets.fr\/app\/wp-json\/wp\/v2\/product_cat?post=3743639"},{"taxonomy":"product_tag","embeddable":true,"href":"https:\/\/streetmarkets.fr\/app\/wp-json\/wp\/v2\/product_tag?post=3743639"}],"curies":[{"name":"wp","href":"https:\/\/api.w.org\/{rel}","templated":true}]}}