{"id":3743608,"date":"2026-03-08T06:36:27","date_gmt":"2026-03-08T05:36:27","guid":{"rendered":"https:\/\/streetmarkets.fr\/app\/produit\/sac-bolide-hermes-courchevel-gold\/"},"modified":"2026-05-05T07:35:37","modified_gmt":"2026-05-05T05:35:37","slug":"sac-bolide-hermes-courchevel-gold","status":"publish","type":"product","link":"https:\/\/streetmarkets.fr\/app\/produit\/sac-bolide-hermes-courchevel-gold\/","title":{"rendered":"Sac Bolide Herm\u00e8s courchevel gold"},"content":{"rendered":"<p>Ce sac Bolide Herm\u00e8s vintage est r\u00e9alis\u00e9 en cuir Courchevel couleur gold, une teinte chaude et embl\u00e9matique de la maison. Il s\u2019agit d\u2019un mod\u00e8le datant de l\u2019ann\u00e9e 1971, identifiable par le poin\u00e7on lettre A dans un rond. Dot\u00e9 de deux anses rigides, d&#8217;une bandouli\u00e8re amovible assortie et d&#8217;une fermeture zipp\u00e9e dor\u00e9e, il allie \u00e9l\u00e9gance et fonctionnalit\u00e9. L\u2019ensemble est compl\u00e9t\u00e9 par son cadenas et sa clochette en cuir. Ce sac, bien que d\u2019\u00e9poque, se pr\u00e9sente dans un \u00e9tat global satisfaisant, avec des traces d\u2019usure coh\u00e9rentes avec son \u00e2ge.<\/p>\n<div class=\"flex flex-col text-sm\">\n<article class=\"text-token-text-primary w-full focus:outline-none [--shadow-height:45px] has-data-writing-block:pointer-events-none has-data-writing-block:-mt-(--shadow-height) has-data-writing-block:pt-(--shadow-height) [&amp;:has([data-writing-block])&gt;*]:pointer-events-auto [content-visibility:auto] supports-[content-visibility:auto]:[contain-intrinsic-size:auto_100lvh] scroll-mt-[calc(var(--header-height)+min(200px,max(70px,20svh)))]\" dir=\"auto\" data-turn-id=\"request-WEB:7f5b86f6-999a-401f-8437-2753f99afe1b-18\" data-testid=\"conversation-turn-2\" data-scroll-anchor=\"true\" data-turn=\"assistant\">\n<div class=\"text-base my-auto mx-auto pb-10 [--thread-content-margin:--spacing(4)] @w-sm\/main:[--thread-content-margin:--spacing(6)] @w-lg\/main:[--thread-content-margin:--spacing(16)] px-(--thread-content-margin)\">\n<div class=\"[--thread-content-max-width:40rem] @w-lg\/main:[--thread-content-max-width:48rem] mx-auto max-w-(--thread-content-max-width) flex-1 group\/turn-messages focus-visible:outline-hidden relative flex w-full min-w-0 flex-col agent-turn\">\n<div class=\"flex max-w-full flex-col grow\">\n<div class=\"min-h-8 text-message relative flex w-full flex-col items-end gap-2 text-start break-words whitespace-normal [.text-message+&amp;]:mt-1\" dir=\"auto\" data-message-author-role=\"assistant\" data-message-id=\"fce3c741-a408-454e-8bf2-e4172c608278\" data-message-model-slug=\"gpt-4o\">\n<div class=\"flex w-full flex-col gap-1 empty:hidden first:pt-[1px]\">\n<div class=\"markdown prose dark:prose-invert w-full break-words light markdown-new-styling\">\n<p data-start=\"561\" data-end=\"1195\"><strong data-start=\"561\" data-end=\"587\">Historique du Mod\u00e8le :<\/strong><br data-start=\"587\" data-end=\"590\" \/>Le mod\u00e8le Bolide est l\u2019un des premiers sacs \u00e0 fermeture zipp\u00e9e de l\u2019histoire de la maroquinerie. Cr\u00e9\u00e9 par Herm\u00e8s en 1923, il fut initialement con\u00e7u pour les voyages automobiles, d\u2019o\u00f9 son nom \u00e9voquant la vitesse. Ce sac innovant a marqu\u00e9 un tournant dans l\u2019histoire du luxe utilitaire. Le cuir Courchevel, utilis\u00e9 notamment \u00e0 la fin des ann\u00e9es 60 et dans les ann\u00e9es 70, est appr\u00e9ci\u00e9 pour sa l\u00e9g\u00e8ret\u00e9, sa texture grain\u00e9e fine et sa grande r\u00e9sistance. Ce sac de 1971 s\u2019inscrit dans la tradition d\u2019excellence artisanale d\u2019Herm\u00e8s, tout en refl\u00e9tant le design sobre et pratique qui a fait la renomm\u00e9e du mod\u00e8le.<\/p>\n<p data-start=\"1197\" data-end=\"1800\"><strong data-start=\"1197\" data-end=\"1221\">D\u00e9tails Ext\u00e9rieurs :<\/strong><br data-start=\"1221\" data-end=\"1224\" \/>Le cuir Courchevel pr\u00e9sente un grain r\u00e9gulier, l\u00e9g\u00e8rement brillant, qui conf\u00e8re au sac une bonne r\u00e9sistance aux \u00e9raflures tout en conservant une esth\u00e9tique raffin\u00e9e. La teinte gold, avec sa surpiq\u00fbre contrastante blanche, offre une allure intemporelle. Les \u00e9l\u00e9ments m\u00e9talliques sont en laiton dor\u00e9, y compris le cadenas, les pieds de protection et les anneaux lat\u00e9raux. Les dimensions g\u00e9n\u00e9reuses et le galbe souple du bas du sac en font un format id\u00e9al pour le quotidien ou les d\u00e9placements. La bandouli\u00e8re permet un port\u00e9 \u00e9paule confortable, en compl\u00e9ment des poign\u00e9es mains.<\/p>\n<p data-start=\"1802\" data-end=\"2195\"><strong data-start=\"1802\" data-end=\"1826\">D\u00e9tails Int\u00e9rieurs :<\/strong><br data-start=\"1826\" data-end=\"1829\" \/>L\u2019int\u00e9rieur est doubl\u00e9 de cuir lisse couleur gold, sans doublure textile, ce qui t\u00e9moigne de la qualit\u00e9 de fabrication des mod\u00e8les anciens. Il dispose d\u2019une poche plaqu\u00e9e lat\u00e9rale pour les petits objets. L\u2019int\u00e9rieur est spacieux, con\u00e7u pour accueillir ais\u00e9ment des effets personnels vari\u00e9s, tout en maintenant une bonne tenue gr\u00e2ce \u00e0 la structure semi-rigide du sac.<\/p>\n<p data-start=\"2197\" data-end=\"2560\"><strong data-start=\"2197\" data-end=\"2218\">\u00c9tat du Produit :<\/strong><br data-start=\"2218\" data-end=\"2221\" \/>Le sac montre des signes d\u2019usure localis\u00e9s, notamment aux coins et \u00e0 la base, visibles sur les photos d\u00e9taill\u00e9es. Le cuir reste souple et homog\u00e8ne, avec une belle patine. Les poign\u00e9es sont solides, les coutures intactes et la fermeture \u00e9clair fonctionne parfaitement. L\u2019int\u00e9rieur pr\u00e9sente quelques marques d\u2019usage, sans dommage structurel.<\/p>\n<p data-start=\"2562\" data-end=\"2979\"><strong data-start=\"2562\" data-end=\"2588\">Conseils d\u2019Entretien :<\/strong><br data-start=\"2588\" data-end=\"2591\" \/>Pour pr\u00e9server la qualit\u00e9 du cuir Courchevel, il est conseill\u00e9 d\u2019\u00e9viter l\u2019exposition prolong\u00e9e au soleil ou \u00e0 l\u2019humidit\u00e9. Un nettoyage doux \u00e0 l\u2019aide d\u2019un chiffon sec et l\u2019usage occasionnel d\u2019un lait nourrissant sp\u00e9cifique au cuir grain\u00e9 suffisent. Le stockage doit se faire dans son pochon d\u2019origine, \u00e0 l\u2019abri de la poussi\u00e8re, avec du papier de soie \u00e0 l\u2019int\u00e9rieur pour maintenir la forme.<\/p>\n<p data-start=\"2981\" data-end=\"3484\" data-is-last-node=\"\" data-is-only-node=\"\"><strong data-start=\"2981\" data-end=\"3014\">Pourquoi Choisir ce Produit :<\/strong><br data-start=\"3014\" data-end=\"3017\" \/>Ce sac Bolide Herm\u00e8s vintage de 1971 incarne un pan de l\u2019histoire de la maroquinerie de luxe. Son design sobre, sa fonctionnalit\u00e9 et son cuir Courchevel en font une pi\u00e8ce rare et recherch\u00e9e par les collectionneurs et amateurs de sacs vintage de haute qualit\u00e9. Sa teinte gold iconique, associ\u00e9e \u00e0 l\u2019\u00e9l\u00e9gance discr\u00e8te de ses finitions, en fait un accessoire durable, raffin\u00e9 et parfaitement int\u00e9gr\u00e9 \u00e0 une garde-robe contemporaine tout en valorisant l\u2019h\u00e9ritage d\u2019Herm\u00e8s.<\/p>\n<\/div>\n<\/div>\n<\/div>\n<\/div>\n<div class=\"z-0 flex min-h-[46px] justify-start\"><\/div>\n<div class=\"mt-3 w-full empty:hidden\">\n<div class=\"text-center\"><\/div>\n<\/div>\n<\/div>\n<\/div>\n<\/article>\n<\/div>\n<div class=\"pointer-events-none h-px w-px absolute bottom-0\" aria-hidden=\"true\" data-edge=\"true\"><\/div>\n","protected":false},"excerpt":{"rendered":"<p>Ce sac Bolide Herm\u00e8s vintage est r\u00e9alis\u00e9 en cuir Courchevel couleur gold, une teinte chaude et embl\u00e9matique de la maison. Il s\u2019agit d\u2019un mod\u00e8le datant de l\u2019ann\u00e9e 1971, identifiable par le poin\u00e7on lettre A dans un rond. Dot\u00e9 de deux anses rigides, d&#8217;une bandouli\u00e8re amovible assortie et d&#8217;une fermeture zipp\u00e9e dor\u00e9e, il allie \u00e9l\u00e9gance et [&hellip;]<\/p>\n","protected":false},"featured_media":3743609,"comment_status":"open","ping_status":"closed","template":"","meta":[],"product_brand":[],"product_cat":[],"product_tag":[],"acf":[],"_links":{"self":[{"href":"https:\/\/streetmarkets.fr\/app\/wp-json\/wp\/v2\/product\/3743608"}],"collection":[{"href":"https:\/\/streetmarkets.fr\/app\/wp-json\/wp\/v2\/product"}],"about":[{"href":"https:\/\/streetmarkets.fr\/app\/wp-json\/wp\/v2\/types\/product"}],"replies":[{"embeddable":true,"href":"https:\/\/streetmarkets.fr\/app\/wp-json\/wp\/v2\/comments?post=3743608"}],"wp:featuredmedia":[{"embeddable":true,"href":"https:\/\/streetmarkets.fr\/app\/wp-json\/wp\/v2\/media\/3743609"}],"wp:attachment":[{"href":"https:\/\/streetmarkets.fr\/app\/wp-json\/wp\/v2\/media?parent=3743608"}],"wp:term":[{"taxonomy":"product_brand","embeddable":true,"href":"https:\/\/streetmarkets.fr\/app\/wp-json\/wp\/v2\/product_brand?post=3743608"},{"taxonomy":"product_cat","embeddable":true,"href":"https:\/\/streetmarkets.fr\/app\/wp-json\/wp\/v2\/product_cat?post=3743608"},{"taxonomy":"product_tag","embeddable":true,"href":"https:\/\/streetmarkets.fr\/app\/wp-json\/wp\/v2\/product_tag?post=3743608"}],"curies":[{"name":"wp","href":"https:\/\/api.w.org\/{rel}","templated":true}]}}