{"id":3743501,"date":"2026-03-08T06:36:20","date_gmt":"2026-03-08T05:36:20","guid":{"rendered":"https:\/\/streetmarkets.fr\/app\/produit\/sac-cabas-chanel-vintage-cuir-graine-noir\/"},"modified":"2026-05-05T07:35:28","modified_gmt":"2026-05-05T05:35:28","slug":"sac-cabas-chanel-vintage-cuir-graine-noir","status":"publish","type":"product","link":"https:\/\/streetmarkets.fr\/app\/produit\/sac-cabas-chanel-vintage-cuir-graine-noir\/","title":{"rendered":"Sac cabas Chanel vintage cuir grain\u00e9 noir"},"content":{"rendered":"<p>Ce sac cabas Chanel vintage est r\u00e9alis\u00e9 en cuir grain\u00e9 noir, aussi appel\u00e9 caviar, reconnu pour sa r\u00e9sistance et sa texture luxueuse. Il se distingue par ses trois embl\u00e8mes &#8220;CC&#8221; dor\u00e9s appos\u00e9s sur la face avant, soulignant l\u2019identit\u00e9 forte de la maison Chanel. Dot\u00e9 de deux longues anses en cuir entrelac\u00e9es de cha\u00eene dor\u00e9e, il peut \u00eatre port\u00e9 \u00e0 l\u2019\u00e9paule avec aisance. Le cabas pr\u00e9sente une silhouette souple et structur\u00e9e \u00e0 la fois, et une boule dor\u00e9e grav\u00e9e vient orner le zip principal. Ce mod\u00e8le est vendu avec sa carte d\u2019authenticit\u00e9 d\u2019origine et reste en tr\u00e8s bon \u00e9tat g\u00e9n\u00e9ral.<\/p>\n<p data-start=\"652\" data-end=\"1161\"><strong data-start=\"652\" data-end=\"678\">Historique du Mod\u00e8le :<\/strong><br data-start=\"678\" data-end=\"681\" \/>Ce cabas Chanel s\u2019inscrit dans la lign\u00e9e des cr\u00e9ations embl\u00e9matiques des ann\u00e9es 1990, p\u00e9riode marqu\u00e9e par un style affirm\u00e9 et l\u2019utilisation abondante du logo double C. Le cuir caviar, introduit \u00e0 la fin des ann\u00e9es 80, devient rapidement une signature de la maison gr\u00e2ce \u00e0 sa durabilit\u00e9 exceptionnelle. Les sacs de cette \u00e9poque refl\u00e8tent une volont\u00e9 de concilier praticit\u00e9 et raffinement dans un esprit \u00e0 la fois classique et audacieux, typique de l\u2019\u00e8re Karl Lagerfeld chez Chanel.<\/p>\n<p data-start=\"1163\" data-end=\"1651\"><strong data-start=\"1163\" data-end=\"1187\">D\u00e9tails Ext\u00e9rieurs :<\/strong><br data-start=\"1187\" data-end=\"1190\" \/>La surface en cuir grain\u00e9 pr\u00e9sente une texture robuste, r\u00e9sistante aux rayures et adapt\u00e9e \u00e0 un usage quotidien. Les finitions dor\u00e9es, comme les logos en m\u00e9tal dor\u00e9 et les cha\u00eenes des anses, apportent un contraste \u00e9l\u00e9gant et classique au noir profond du cuir. Le sac est dot\u00e9 de pieds de protection en m\u00e9tal dor\u00e9 \u00e0 la base, qui contribuent \u00e0 pr\u00e9server la structure. Les dimensions approximatives sont de 32 cm de largeur, 28 cm de hauteur et 10 cm de profondeur.<\/p>\n<p data-start=\"1653\" data-end=\"2010\"><strong data-start=\"1653\" data-end=\"1677\">D\u00e9tails Int\u00e9rieurs :<\/strong><br data-start=\"1677\" data-end=\"1680\" \/>L\u2019int\u00e9rieur est doubl\u00e9 de cuir noir lisse, avec un compartiment principal spacieux. Il comporte une poche zipp\u00e9e lat\u00e9rale ainsi qu\u2019une poche plaqu\u00e9e pour une organisation simple et fonctionnelle. La fermeture principale zipp\u00e9e assure s\u00e9curit\u00e9 et discr\u00e9tion, et est munie d\u2019un curseur orn\u00e9 d\u2019une sph\u00e8re dor\u00e9e grav\u00e9e du logo Chanel.<\/p>\n<p data-start=\"2012\" data-end=\"2344\"><strong data-start=\"2012\" data-end=\"2033\">\u00c9tat du Produit :<\/strong><br data-start=\"2033\" data-end=\"2036\" \/>Le sac est en tr\u00e8s bon \u00e9tat vintage. On note quelques frottements visibles sur les coins inf\u00e9rieurs, des marques l\u00e9g\u00e8res sur la surface du cuir, ainsi qu\u2019une patine sur les \u00e9l\u00e9ments dor\u00e9s. Les coutures sont solides, la fermeture fonctionne parfaitement, et l\u2019int\u00e9rieur est propre, sans d\u00e9chirure ni tache notable.<\/p>\n<p data-start=\"2346\" data-end=\"2775\"><strong data-start=\"2346\" data-end=\"2372\">Conseils d\u2019Entretien :<\/strong><br data-start=\"2372\" data-end=\"2375\" \/>Conserver le sac dans son dustbag lorsqu\u2019il n\u2019est pas utilis\u00e9, \u00e0 l\u2019abri de l\u2019humidit\u00e9 et de la lumi\u00e8re directe. Nettoyer d\u00e9licatement le cuir avec un chiffon doux et sec. \u00c9viter tout produit agressif, et faire entretenir les \u00e9l\u00e9ments m\u00e9talliques par un professionnel en cas d\u2019oxydation. Une cr\u00e8me sp\u00e9cifique pour cuir grain\u00e9 peut \u00eatre appliqu\u00e9e avec parcimonie pour nourrir le cuir sans l\u2019assombrir.<\/p>\n<p data-start=\"2777\" data-end=\"3249\" data-is-last-node=\"\" data-is-only-node=\"\"><strong data-start=\"2777\" data-end=\"2810\">Pourquoi Choisir ce Produit :<\/strong><br data-start=\"2810\" data-end=\"2813\" \/>Ce cabas Chanel vintage incarne l\u2019\u00e9l\u00e9gance utilitaire des ann\u00e9es 1990, combinant un design embl\u00e9matique \u00e0 une fabrication haut de gamme. Gr\u00e2ce \u00e0 son cuir caviar r\u00e9sistant, ses finitions dor\u00e9es et son format pratique, il repr\u00e9sente une pi\u00e8ce recherch\u00e9e par les collectionneurs comme par les amateurs de vintage. Son authenticit\u00e9, attest\u00e9e par la carte d\u2019origine, renforce sa valeur patrimoniale dans l\u2019univers de la maroquinerie de luxe.<\/p>\n","protected":false},"excerpt":{"rendered":"<p>Ce sac cabas Chanel vintage est r\u00e9alis\u00e9 en cuir grain\u00e9 noir, aussi appel\u00e9 caviar, reconnu pour sa r\u00e9sistance et sa texture luxueuse. Il se distingue par ses trois embl\u00e8mes &#8220;CC&#8221; dor\u00e9s appos\u00e9s sur la face avant, soulignant l\u2019identit\u00e9 forte de la maison Chanel. Dot\u00e9 de deux longues anses en cuir entrelac\u00e9es de cha\u00eene dor\u00e9e, il [&hellip;]<\/p>\n","protected":false},"featured_media":3743502,"comment_status":"open","ping_status":"closed","template":"","meta":[],"product_brand":[],"product_cat":[],"product_tag":[],"acf":[],"_links":{"self":[{"href":"https:\/\/streetmarkets.fr\/app\/wp-json\/wp\/v2\/product\/3743501"}],"collection":[{"href":"https:\/\/streetmarkets.fr\/app\/wp-json\/wp\/v2\/product"}],"about":[{"href":"https:\/\/streetmarkets.fr\/app\/wp-json\/wp\/v2\/types\/product"}],"replies":[{"embeddable":true,"href":"https:\/\/streetmarkets.fr\/app\/wp-json\/wp\/v2\/comments?post=3743501"}],"wp:featuredmedia":[{"embeddable":true,"href":"https:\/\/streetmarkets.fr\/app\/wp-json\/wp\/v2\/media\/3743502"}],"wp:attachment":[{"href":"https:\/\/streetmarkets.fr\/app\/wp-json\/wp\/v2\/media?parent=3743501"}],"wp:term":[{"taxonomy":"product_brand","embeddable":true,"href":"https:\/\/streetmarkets.fr\/app\/wp-json\/wp\/v2\/product_brand?post=3743501"},{"taxonomy":"product_cat","embeddable":true,"href":"https:\/\/streetmarkets.fr\/app\/wp-json\/wp\/v2\/product_cat?post=3743501"},{"taxonomy":"product_tag","embeddable":true,"href":"https:\/\/streetmarkets.fr\/app\/wp-json\/wp\/v2\/product_tag?post=3743501"}],"curies":[{"name":"wp","href":"https:\/\/api.w.org\/{rel}","templated":true}]}}