{"id":3743208,"date":"2026-03-08T06:35:45","date_gmt":"2026-03-08T05:35:45","guid":{"rendered":"https:\/\/streetmarkets.fr\/app\/produit\/robe-louis-vuitton-laine-noire\/"},"modified":"2026-05-10T07:34:02","modified_gmt":"2026-05-10T05:34:02","slug":"robe-louis-vuitton-laine-noire","status":"publish","type":"product","link":"https:\/\/streetmarkets.fr\/app\/produit\/robe-louis-vuitton-laine-noire\/","title":{"rendered":"Robe Louis Vuitton laine noire"},"content":{"rendered":"<p data-start=\"0\" data-end=\"574\">Cette robe noire Louis Vuitton est confectionn\u00e9e en maille de laine fine, offrant une texture douce et l\u00e9g\u00e8rement extensible qui \u00e9pouse la silhouette sans la contraindre. Dot\u00e9e de manches courtes et d\u2019un col rond classique, elle se distingue par sa jupe \u00e0 basque fronc\u00e9e qui apporte du volume et du mouvement \u00e0 la pi\u00e8ce. La partie inf\u00e9rieure de la robe est agr\u00e9ment\u00e9e d\u2019une \u00e9l\u00e9gante bande de dentelle noire ajour\u00e9e, signature discr\u00e8te mais sophistiqu\u00e9e de la maison. De taille M, cette robe allie confort et raffinement dans une coupe f\u00e9minine et fluide. En tr\u00e8s bon \u00e9tat.<\/p>\n<p data-start=\"576\" data-end=\"1040\">\n<div class=\"flex basis-auto flex-col -mb-(--composer-overlap-px) [--composer-overlap-px:24px] grow overflow-hidden\">\n<div class=\"relative h-full\">\n<div class=\"flex h-full flex-col overflow-y-auto [scrollbar-gutter:stable_both-edges] @[84rem]\/thread:pt-(--header-height)\">\n<div class=\"@thread-xl\/thread:pt-header-height mt-1.5 flex flex-col text-sm pb-25\">\n<article class=\"text-token-text-primary w-full\" dir=\"auto\" data-testid=\"conversation-turn-92\" data-scroll-anchor=\"true\">\n<div class=\"text-base my-auto mx-auto py-5 [--thread-content-margin:--spacing(4)] @[37rem]:[--thread-content-margin:--spacing(6)] @[72rem]:[--thread-content-margin:--spacing(16)] px-(--thread-content-margin)\">\n<div class=\"[--thread-content-max-width:32rem] @[34rem]:[--thread-content-max-width:40rem] @[64rem]:[--thread-content-max-width:48rem] mx-auto flex max-w-(--thread-content-max-width) flex-1 text-base gap-4 md:gap-5 lg:gap-6 group\/turn-messages focus-visible:outline-hidden\">\n<div class=\"group\/conversation-turn relative flex w-full min-w-0 flex-col agent-turn\">\n<div class=\"relative flex-col gap-1 md:gap-3\">\n<div class=\"flex max-w-full flex-col grow\">\n<div class=\"min-h-8 text-message relative flex w-full flex-col items-end gap-2 text-start break-words whitespace-normal [.text-message+&amp;]:mt-5\" dir=\"auto\" data-message-author-role=\"assistant\" data-message-id=\"45d4ffdb-a8ed-4b14-960e-cc097c13370b\" data-message-model-slug=\"gpt-4o\">\n<div class=\"flex w-full flex-col gap-1 empty:hidden first:pt-[3px]\">\n<div class=\"markdown prose dark:prose-invert w-full break-words light\">\n<p data-start=\"576\" data-end=\"1040\"><strong data-start=\"576\" data-end=\"602\">Historique du Mod\u00e8le :<\/strong><br data-start=\"602\" data-end=\"605\" \/>Depuis sa cr\u00e9ation, la maison Louis Vuitton a su enrichir son savoir-faire maroquinier par une ligne de pr\u00eat-\u00e0-porter raffin\u00e9e, lanc\u00e9e dans les ann\u00e9es 1990. Cette robe incarne l\u2019esth\u00e9tique contemporaine d\u00e9velopp\u00e9e par Nicolas Ghesqui\u00e8re \u00e0 partir de 2013, qui m\u00eale lignes simples et d\u00e9tails travaill\u00e9s. Le contraste entre la maille sobre et la dentelle graphique en bas de robe refl\u00e8te cet \u00e9quilibre entre modernit\u00e9 et h\u00e9ritage couture.<\/p>\n<p data-start=\"1042\" data-end=\"1562\"><strong data-start=\"1042\" data-end=\"1066\">D\u00e9tails Ext\u00e9rieurs :<\/strong><br data-start=\"1066\" data-end=\"1069\" \/>La robe est enti\u00e8rement r\u00e9alis\u00e9e dans une maille noire en laine vierge (100 %), douce et respirante. La coupe droite se prolonge par une jupe fronc\u00e9e \u00e0 mi-hauteur, marquant subtilement la taille sans structure rigide. Le bas de la robe est orn\u00e9 d\u2019un empi\u00e8cement en dentelle noire \u00e0 motifs floraux et g\u00e9om\u00e9triques int\u00e9grant discr\u00e8tement le monogramme embl\u00e9matique \u00ab LV \u00bb, pour un clin d\u2019\u0153il sophistiqu\u00e9 \u00e0 l\u2019identit\u00e9 de la marque. La robe s\u2019enfile simplement par le haut, sans fermeture visible.<\/p>\n<p data-start=\"1564\" data-end=\"1885\"><strong data-start=\"1564\" data-end=\"1588\">D\u00e9tails Int\u00e9rieurs :<\/strong><br data-start=\"1588\" data-end=\"1591\" \/>La pi\u00e8ce n\u2019est pas doubl\u00e9e, mais la finesse de la maille et la densit\u00e9 du tricot assurent une bonne opacit\u00e9. Les finitions int\u00e9rieures sont nettes et discr\u00e8tes, r\u00e9v\u00e9lant un travail de confection soign\u00e9. L\u2019\u00e9tiquette en soie noire tiss\u00e9e indique la provenance italienne de la robe et la taille M.<\/p>\n<p data-start=\"1887\" data-end=\"2122\"><strong data-start=\"1887\" data-end=\"1908\">\u00c9tat du Produit :<\/strong><br data-start=\"1908\" data-end=\"1911\" \/>La robe est en excellent \u00e9tat, sans accroc ni d\u00e9faut notable. La maille ne pr\u00e9sente pas de boulochage ni de rel\u00e2chement, et la dentelle en bas de robe est parfaitement conserv\u00e9e, sans fil tir\u00e9 ni zone affaiblie.<\/p>\n<p data-start=\"2124\" data-end=\"2483\"><strong data-start=\"2124\" data-end=\"2150\">Conseils d\u2019Entretien :<\/strong><br data-start=\"2150\" data-end=\"2153\" \/>Il est recommand\u00e9 de laver cette robe \u00e0 la main \u00e0 froid ou de privil\u00e9gier un nettoyage \u00e0 sec professionnel pour pr\u00e9server la laine et l\u2019int\u00e9grit\u00e9 de la dentelle. Lors du rangement, \u00e9viter de suspendre la robe par les \u00e9paules sur un cintre fin afin de ne pas d\u00e9tendre la maille \u2014 un cintre large ou un pliage \u00e0 plat est pr\u00e9f\u00e9rable.<\/p>\n<p data-start=\"2485\" data-end=\"2980\" data-is-last-node=\"\" data-is-only-node=\"\"><strong data-start=\"2485\" data-end=\"2518\">Pourquoi Choisir ce Produit :<\/strong><br data-start=\"2518\" data-end=\"2521\" \/>Cette robe Louis Vuitton est un choix id\u00e9al pour celles qui recherchent une pi\u00e8ce \u00e0 la fois confortable, sobre et travaill\u00e9e dans ses finitions. Sa coupe facile \u00e0 porter, alli\u00e9e \u00e0 des d\u00e9tails en dentelle discr\u00e8tement luxueux, en fait une pi\u00e8ce polyvalente, adapt\u00e9e aussi bien \u00e0 un usage quotidien qu\u2019\u00e0 des occasions plus habill\u00e9es. Elle refl\u00e8te l\u2019\u00e9l\u00e9gance discr\u00e8te et l\u2019h\u00e9ritage artisanal de la maison tout en restant ancr\u00e9e dans une esth\u00e9tique contemporaine.<\/p>\n<\/div>\n<\/div>\n<\/div>\n<\/div>\n<\/div>\n<\/div>\n<\/div>\n<\/div>\n<\/article>\n<\/div>\n<\/div>\n<\/div>\n<\/div>\n","protected":false},"excerpt":{"rendered":"<p>Cette robe noire Louis Vuitton est confectionn\u00e9e en maille de laine fine, offrant une texture douce et l\u00e9g\u00e8rement extensible qui \u00e9pouse la silhouette sans la contraindre. Dot\u00e9e de manches courtes et d\u2019un col rond classique, elle se distingue par sa jupe \u00e0 basque fronc\u00e9e qui apporte du volume et du mouvement \u00e0 la pi\u00e8ce. La [&hellip;]<\/p>\n","protected":false},"featured_media":3743209,"comment_status":"open","ping_status":"closed","template":"","meta":[],"product_brand":[],"product_cat":[],"product_tag":[],"acf":[],"_links":{"self":[{"href":"https:\/\/streetmarkets.fr\/app\/wp-json\/wp\/v2\/product\/3743208"}],"collection":[{"href":"https:\/\/streetmarkets.fr\/app\/wp-json\/wp\/v2\/product"}],"about":[{"href":"https:\/\/streetmarkets.fr\/app\/wp-json\/wp\/v2\/types\/product"}],"replies":[{"embeddable":true,"href":"https:\/\/streetmarkets.fr\/app\/wp-json\/wp\/v2\/comments?post=3743208"}],"wp:featuredmedia":[{"embeddable":true,"href":"https:\/\/streetmarkets.fr\/app\/wp-json\/wp\/v2\/media\/3743209"}],"wp:attachment":[{"href":"https:\/\/streetmarkets.fr\/app\/wp-json\/wp\/v2\/media?parent=3743208"}],"wp:term":[{"taxonomy":"product_brand","embeddable":true,"href":"https:\/\/streetmarkets.fr\/app\/wp-json\/wp\/v2\/product_brand?post=3743208"},{"taxonomy":"product_cat","embeddable":true,"href":"https:\/\/streetmarkets.fr\/app\/wp-json\/wp\/v2\/product_cat?post=3743208"},{"taxonomy":"product_tag","embeddable":true,"href":"https:\/\/streetmarkets.fr\/app\/wp-json\/wp\/v2\/product_tag?post=3743208"}],"curies":[{"name":"wp","href":"https:\/\/api.w.org\/{rel}","templated":true}]}}