{"id":3743141,"date":"2026-03-08T06:35:41","date_gmt":"2026-03-08T05:35:41","guid":{"rendered":"https:\/\/streetmarkets.fr\/app\/produit\/robe-alaia-bicolore\/"},"modified":"2026-05-15T07:32:30","modified_gmt":"2026-05-15T05:32:30","slug":"robe-alaia-bicolore","status":"publish","type":"product","link":"https:\/\/streetmarkets.fr\/app\/produit\/robe-alaia-bicolore\/","title":{"rendered":"Robe Alaia bicolore"},"content":{"rendered":"<p>Cette robe sans manches Ala\u00efa est r\u00e9alis\u00e9e dans une maille technique bicolore noire et blanche, caract\u00e9ris\u00e9e par un motif g\u00e9om\u00e9trique en relief qui alterne entre losanges et vagues stylis\u00e9es. Sa coupe ajust\u00e9e au buste s\u2019\u00e9vase \u00e0 partir des hanches en une jupe volant\u00e9e fluide, offrant un joli mouvement \u00e0 chaque pas. Le col en V profond souligne l\u2019\u00e9l\u00e9gance du d\u00e9collet\u00e9. Confectionn\u00e9e en Italie, cette pi\u00e8ce de taille 40 incarne l\u2019\u00e9quilibre entre pr\u00e9cision architecturale et f\u00e9minit\u00e9, signature de la maison Ala\u00efa. Etat neuf.<\/p>\n<article class=\"text-token-text-primary w-full\" dir=\"auto\" data-testid=\"conversation-turn-60\" data-scroll-anchor=\"true\">\n<div class=\"text-base my-auto mx-auto py-5 [--thread-content-margin:--spacing(4)] @[37rem]:[--thread-content-margin:--spacing(6)] @[72rem]:[--thread-content-margin:--spacing(16)] px-(--thread-content-margin)\">\n<div class=\"[--thread-content-max-width:32rem] @[34rem]:[--thread-content-max-width:40rem] @[64rem]:[--thread-content-max-width:48rem] mx-auto flex max-w-(--thread-content-max-width) flex-1 text-base gap-4 md:gap-5 lg:gap-6 group\/turn-messages focus-visible:outline-hidden\">\n<div class=\"group\/conversation-turn relative flex w-full min-w-0 flex-col agent-turn\">\n<div class=\"relative flex-col gap-1 md:gap-3\">\n<div class=\"flex max-w-full flex-col grow\">\n<div class=\"min-h-8 text-message relative flex w-full flex-col items-end gap-2 text-start break-words whitespace-normal [.text-message+&amp;]:mt-5\" dir=\"auto\" data-message-author-role=\"assistant\" data-message-id=\"9143d822-bc2b-45c2-896f-360e75ddcef6\" data-message-model-slug=\"gpt-4o\">\n<div class=\"flex w-full flex-col gap-1 empty:hidden first:pt-[3px]\">\n<div class=\"markdown prose dark:prose-invert w-full break-words light\">\n<p data-start=\"533\" data-end=\"1121\"><strong>Historique du Mod\u00e8le :<\/strong><br data-start=\"555\" data-end=\"558\" \/>Depuis les ann\u00e9es 1980, Azzedine Ala\u00efa a su imposer un style sculptural distinctif en travaillant la maille comme une seconde peau. Ses robes en tricot technique ont marqu\u00e9 l\u2019histoire de la mode pour leur capacit\u00e9 \u00e0 sublimer les courbes sans sacrifier le confort. Cette robe s\u2019inscrit dans la continuit\u00e9 de cet h\u00e9ritage, en reprenant les codes iconiques de la maison : jeux de volumes ma\u00eetris\u00e9s, \u00e9lasticit\u00e9 structurante, et motifs g\u00e9om\u00e9triques inspir\u00e9s de l\u2019architecture et de l\u2019art tribal, qui sont r\u00e9currents dans les collections Ala\u00efa des ann\u00e9es 2000 \u00e0 2010.<\/p>\n<p data-start=\"1123\" data-end=\"1569\"><strong>D\u00e9tails Ext\u00e9rieurs :<\/strong><br data-start=\"1143\" data-end=\"1146\" \/>La robe pr\u00e9sente un motif textur\u00e9 en maille jacquard noire sur fond blanc. Le haut du v\u00eatement est orn\u00e9 de motifs en losange, tandis que la jupe adopte un motif ondul\u00e9 rappelant des vagues. Le col en V structur\u00e9 et les finitions festonn\u00e9es au bas de la robe soulignent la technicit\u00e9 du tricotage. Les coutures sont int\u00e9gr\u00e9es de mani\u00e8re invisible dans le motif, renfor\u00e7ant l\u2019impression de fluidit\u00e9. Longueur genou environ.<\/p>\n<p data-start=\"1571\" data-end=\"1979\"><strong>D\u00e9tails Int\u00e9rieurs :<\/strong><br data-start=\"1591\" data-end=\"1594\" \/>La robe ne comporte pas de doublure, conform\u00e9ment \u00e0 la technique de fabrication en maille compacte utilis\u00e9e par Ala\u00efa. La mati\u00e8re int\u00e9rieure est aussi soign\u00e9e que l\u2019ext\u00e9rieur, avec un tricot dense assurant un maintien optimal. L\u2019\u00e9tiquette de composition et la griffe &#8220;Ala\u00efa Paris&#8221; sont cousues dans la couture lat\u00e9rale, discr\u00e8tes mais fid\u00e8les \u00e0 l\u2019esth\u00e9tique minimaliste de la maison.<\/p>\n<p data-start=\"1981\" data-end=\"2302\"><strong>\u00c9tat du Produit :<\/strong><br data-start=\"1998\" data-end=\"2001\" \/>La robe est neuve, sans accroc, d\u00e9formation ou tache visible. Les fibres sont nettes, les \u00e9lastiques bien tendus, et la coupe conserve sa tenue d\u2019origine. Aucune alt\u00e9ration du motif ni de rel\u00e2chement de la maille n\u2019a \u00e9t\u00e9 constat\u00e9, t\u00e9moignant d\u2019un usage tr\u00e8s limit\u00e9 et d\u2019un bon entretien.<\/p>\n<p data-start=\"2304\" data-end=\"2631\"><strong>Conseils d\u2019Entretien :<\/strong><br data-start=\"2326\" data-end=\"2329\" \/>Il est recommand\u00e9 de laver cette robe \u00e0 la main \u00e0 froid ou en pressing sp\u00e9cialis\u00e9 pour maille d\u00e9licate. Le s\u00e9chage \u00e0 plat est essentiel pour pr\u00e9server l\u2019\u00e9lasticit\u00e9 de la fibre et \u00e9viter toute d\u00e9formation. Le repassage est d\u00e9conseill\u00e9. Conserver \u00e0 plat ou sur cintre rembourr\u00e9 pour maintenir sa forme.<\/p>\n<p data-start=\"2633\" data-end=\"3149\" data-is-last-node=\"\" data-is-only-node=\"\"><strong>Pourquoi Choisir ce Produit :<\/strong><br data-start=\"2662\" data-end=\"2665\" \/>Cette robe Ala\u00efa incarne le raffinement technique d\u2019un cr\u00e9ateur visionnaire, dont les pi\u00e8ces sont aujourd\u2019hui pris\u00e9es comme objets de collection. Sa maille graphique intemporelle, sa coupe flatteuse et son confort exceptionnel en font une robe adapt\u00e9e aussi bien \u00e0 une occasion sp\u00e9ciale qu\u2019\u00e0 un vestiaire quotidien exigeant. Pour les amateurs de mode vintage et de pi\u00e8ces signatures, elle repr\u00e9sente une opportunit\u00e9 rare de s\u2019approprier une robe embl\u00e9matique d\u2019un savoir-faire unique.<\/p>\n<\/div>\n<\/div>\n<\/div>\n<\/div>\n<div class=\"flex min-h-[46px] justify-start\">\n<div class=\"touch:-me-2 touch:-ms-3.5 -ms-2.5 -me-1 flex flex-wrap items-center gap-y-4 p-1 select-none touch:w-[calc(100%+--spacing(3.5))] -mt-1 w-[calc(100%+--spacing(2.5))] duration-[1.5s] focus-within:transition-none hover:transition-none pointer-events-none [mask-image:linear-gradient(to_right,black_33%,transparent_66%)] [mask-size:300%_100%] [mask-position:100%_0%] motion-safe:transition-[mask-position] group-hover\/turn-messages:pointer-events-auto group-hover\/turn-messages:[mask-position:0_0] group-focus-within\/turn-messages:pointer-events-auto group-focus-within\/turn-messages:[mask-position:0_0] has-data-[state=open]:pointer-events-auto has-data-[state=open]:[mask-position:0_0]\"><\/div>\n<\/div>\n<div class=\"mt-3 w-full empty:hidden\">\n<div class=\"text-center\"><\/div>\n<\/div>\n<\/div>\n<div class=\"absolute\">\n<div class=\"flex items-center justify-center\"><\/div>\n<\/div>\n<\/div>\n<\/div>\n<\/div>\n<\/article>\n<div class=\"pointer-events-none h-px w-px\" aria-hidden=\"true\" data-edge=\"true\"><\/div>\n","protected":false},"excerpt":{"rendered":"<p>Cette robe sans manches Ala\u00efa est r\u00e9alis\u00e9e dans une maille technique bicolore noire et blanche, caract\u00e9ris\u00e9e par un motif g\u00e9om\u00e9trique en relief qui alterne entre losanges et vagues stylis\u00e9es. Sa coupe ajust\u00e9e au buste s\u2019\u00e9vase \u00e0 partir des hanches en une jupe volant\u00e9e fluide, offrant un joli mouvement \u00e0 chaque pas. Le col en V [&hellip;]<\/p>\n","protected":false},"featured_media":3743142,"comment_status":"open","ping_status":"closed","template":"","meta":[],"product_brand":[],"product_cat":[],"product_tag":[],"acf":[],"_links":{"self":[{"href":"https:\/\/streetmarkets.fr\/app\/wp-json\/wp\/v2\/product\/3743141"}],"collection":[{"href":"https:\/\/streetmarkets.fr\/app\/wp-json\/wp\/v2\/product"}],"about":[{"href":"https:\/\/streetmarkets.fr\/app\/wp-json\/wp\/v2\/types\/product"}],"replies":[{"embeddable":true,"href":"https:\/\/streetmarkets.fr\/app\/wp-json\/wp\/v2\/comments?post=3743141"}],"wp:featuredmedia":[{"embeddable":true,"href":"https:\/\/streetmarkets.fr\/app\/wp-json\/wp\/v2\/media\/3743142"}],"wp:attachment":[{"href":"https:\/\/streetmarkets.fr\/app\/wp-json\/wp\/v2\/media?parent=3743141"}],"wp:term":[{"taxonomy":"product_brand","embeddable":true,"href":"https:\/\/streetmarkets.fr\/app\/wp-json\/wp\/v2\/product_brand?post=3743141"},{"taxonomy":"product_cat","embeddable":true,"href":"https:\/\/streetmarkets.fr\/app\/wp-json\/wp\/v2\/product_cat?post=3743141"},{"taxonomy":"product_tag","embeddable":true,"href":"https:\/\/streetmarkets.fr\/app\/wp-json\/wp\/v2\/product_tag?post=3743141"}],"curies":[{"name":"wp","href":"https:\/\/api.w.org\/{rel}","templated":true}]}}