{"id":3742822,"date":"2026-03-08T06:35:11","date_gmt":"2026-03-08T05:35:11","guid":{"rendered":"https:\/\/streetmarkets.fr\/app\/produit\/pochette-accessoires-louis-vuitton-cuir-epi-marron\/"},"modified":"2026-05-12T07:33:45","modified_gmt":"2026-05-12T05:33:45","slug":"pochette-accessoires-louis-vuitton-cuir-epi-marron","status":"publish","type":"product","link":"https:\/\/streetmarkets.fr\/app\/produit\/pochette-accessoires-louis-vuitton-cuir-epi-marron\/","title":{"rendered":"Pochette accessoires Louis Vuitton cuir \u00e9pi marron"},"content":{"rendered":"<p>Pochette accessoires Louis Vuitton vintage en cuir \u00e9pi marron. Fermeture zipp\u00e9e. Bijouterie argent mat. Port\u00e9 \u00e9paule. En tr\u00e8s bon \u00e9tat.<\/p>\n","protected":false},"excerpt":{"rendered":"<p>Pochette accessoires Louis Vuitton vintage en cuir \u00e9pi marron. Fermeture zipp\u00e9e. Bijouterie argent mat. Port\u00e9 \u00e9paule. En tr\u00e8s bon \u00e9tat.<\/p>\n","protected":false},"featured_media":3742823,"comment_status":"open","ping_status":"closed","template":"","meta":[],"product_brand":[],"product_cat":[],"product_tag":[],"acf":[],"_links":{"self":[{"href":"https:\/\/streetmarkets.fr\/app\/wp-json\/wp\/v2\/product\/3742822"}],"collection":[{"href":"https:\/\/streetmarkets.fr\/app\/wp-json\/wp\/v2\/product"}],"about":[{"href":"https:\/\/streetmarkets.fr\/app\/wp-json\/wp\/v2\/types\/product"}],"replies":[{"embeddable":true,"href":"https:\/\/streetmarkets.fr\/app\/wp-json\/wp\/v2\/comments?post=3742822"}],"wp:featuredmedia":[{"embeddable":true,"href":"https:\/\/streetmarkets.fr\/app\/wp-json\/wp\/v2\/media\/3742823"}],"wp:attachment":[{"href":"https:\/\/streetmarkets.fr\/app\/wp-json\/wp\/v2\/media?parent=3742822"}],"wp:term":[{"taxonomy":"product_brand","embeddable":true,"href":"https:\/\/streetmarkets.fr\/app\/wp-json\/wp\/v2\/product_brand?post=3742822"},{"taxonomy":"product_cat","embeddable":true,"href":"https:\/\/streetmarkets.fr\/app\/wp-json\/wp\/v2\/product_cat?post=3742822"},{"taxonomy":"product_tag","embeddable":true,"href":"https:\/\/streetmarkets.fr\/app\/wp-json\/wp\/v2\/product_tag?post=3742822"}],"curies":[{"name":"wp","href":"https:\/\/api.w.org\/{rel}","templated":true}]}}