{"id":3742751,"date":"2026-03-08T06:35:08","date_gmt":"2026-03-08T05:35:08","guid":{"rendered":"https:\/\/streetmarkets.fr\/app\/produit\/sautoir-chanel-vintage-ronds-cc\/"},"modified":"2026-05-08T07:33:26","modified_gmt":"2026-05-08T05:33:26","slug":"sautoir-chanel-vintage-ronds-cc","status":"publish","type":"product","link":"https:\/\/streetmarkets.fr\/app\/produit\/sautoir-chanel-vintage-ronds-cc\/","title":{"rendered":"Sautoir Chanel vintage ronds CC"},"content":{"rendered":"<p>Long sautoir Chanel en chaine dor\u00e9e vintage. Le pendentif est en forme de rond avec un CC \u00e0 l&#8217;int\u00e9rieur. La longueur de la chaine est de 93cm. Collection Automne 1994, le poin\u00e7on est \u00e0 l&#8217;arri\u00e8re. En tr\u00e8s bon \u00e9tat. Livr\u00e9 dans une boite et un dustbag Old Fashioned Club.<\/p>\n","protected":false},"excerpt":{"rendered":"<p>Long sautoir Chanel en chaine dor\u00e9e vintage. Le pendentif est en forme de rond avec un CC \u00e0 l&#8217;int\u00e9rieur. La longueur de la chaine est de 93cm. Collection Automne 1994, le poin\u00e7on est \u00e0 l&#8217;arri\u00e8re. En tr\u00e8s bon \u00e9tat. Livr\u00e9 dans une boite et un dustbag Old Fashioned Club.<\/p>\n","protected":false},"featured_media":3742752,"comment_status":"open","ping_status":"closed","template":"","meta":[],"product_brand":[],"product_cat":[],"product_tag":[],"acf":[],"_links":{"self":[{"href":"https:\/\/streetmarkets.fr\/app\/wp-json\/wp\/v2\/product\/3742751"}],"collection":[{"href":"https:\/\/streetmarkets.fr\/app\/wp-json\/wp\/v2\/product"}],"about":[{"href":"https:\/\/streetmarkets.fr\/app\/wp-json\/wp\/v2\/types\/product"}],"replies":[{"embeddable":true,"href":"https:\/\/streetmarkets.fr\/app\/wp-json\/wp\/v2\/comments?post=3742751"}],"wp:featuredmedia":[{"embeddable":true,"href":"https:\/\/streetmarkets.fr\/app\/wp-json\/wp\/v2\/media\/3742752"}],"wp:attachment":[{"href":"https:\/\/streetmarkets.fr\/app\/wp-json\/wp\/v2\/media?parent=3742751"}],"wp:term":[{"taxonomy":"product_brand","embeddable":true,"href":"https:\/\/streetmarkets.fr\/app\/wp-json\/wp\/v2\/product_brand?post=3742751"},{"taxonomy":"product_cat","embeddable":true,"href":"https:\/\/streetmarkets.fr\/app\/wp-json\/wp\/v2\/product_cat?post=3742751"},{"taxonomy":"product_tag","embeddable":true,"href":"https:\/\/streetmarkets.fr\/app\/wp-json\/wp\/v2\/product_tag?post=3742751"}],"curies":[{"name":"wp","href":"https:\/\/api.w.org\/{rel}","templated":true}]}}