{"id":3742686,"date":"2026-03-08T06:34:54","date_gmt":"2026-03-08T05:34:54","guid":{"rendered":"https:\/\/streetmarkets.fr\/app\/produit\/clips-dores-givenchy-vintage\/"},"modified":"2026-04-10T07:33:59","modified_gmt":"2026-04-10T05:33:59","slug":"clips-dores-givenchy-vintage","status":"publish","type":"product","link":"https:\/\/streetmarkets.fr\/app\/produit\/clips-dores-givenchy-vintage\/","title":{"rendered":"Clips dor\u00e9s Givenchy vintage"},"content":{"rendered":"<p>Clips vintage Givenchy dor\u00e9s. En tr\u00e8s bon \u00e9tat.<\/p>\n","protected":false},"excerpt":{"rendered":"<p>Clips vintage Givenchy dor\u00e9s. En tr\u00e8s bon \u00e9tat.<\/p>\n","protected":false},"featured_media":3742687,"comment_status":"open","ping_status":"closed","template":"","meta":[],"product_brand":[],"product_cat":[],"product_tag":[],"acf":[],"_links":{"self":[{"href":"https:\/\/streetmarkets.fr\/app\/wp-json\/wp\/v2\/product\/3742686"}],"collection":[{"href":"https:\/\/streetmarkets.fr\/app\/wp-json\/wp\/v2\/product"}],"about":[{"href":"https:\/\/streetmarkets.fr\/app\/wp-json\/wp\/v2\/types\/product"}],"replies":[{"embeddable":true,"href":"https:\/\/streetmarkets.fr\/app\/wp-json\/wp\/v2\/comments?post=3742686"}],"wp:featuredmedia":[{"embeddable":true,"href":"https:\/\/streetmarkets.fr\/app\/wp-json\/wp\/v2\/media\/3742687"}],"wp:attachment":[{"href":"https:\/\/streetmarkets.fr\/app\/wp-json\/wp\/v2\/media?parent=3742686"}],"wp:term":[{"taxonomy":"product_brand","embeddable":true,"href":"https:\/\/streetmarkets.fr\/app\/wp-json\/wp\/v2\/product_brand?post=3742686"},{"taxonomy":"product_cat","embeddable":true,"href":"https:\/\/streetmarkets.fr\/app\/wp-json\/wp\/v2\/product_cat?post=3742686"},{"taxonomy":"product_tag","embeddable":true,"href":"https:\/\/streetmarkets.fr\/app\/wp-json\/wp\/v2\/product_tag?post=3742686"}],"curies":[{"name":"wp","href":"https:\/\/api.w.org\/{rel}","templated":true}]}}