{"id":3742676,"date":"2026-03-08T06:34:54","date_gmt":"2026-03-08T05:34:54","guid":{"rendered":"https:\/\/streetmarkets.fr\/app\/produit\/birkin-35-hermes-togo-bleu-colvert\/"},"modified":"2026-05-08T07:33:26","modified_gmt":"2026-05-08T05:33:26","slug":"birkin-35-hermes-togo-bleu-colvert","status":"publish","type":"product","link":"https:\/\/streetmarkets.fr\/app\/produit\/birkin-35-hermes-togo-bleu-colvert\/","title":{"rendered":"Birkin 35 Herm\u00e8s togo bleu colvert"},"content":{"rendered":"<p>Sac Birkin 35 Herm\u00e8s cuir togo bleu colvert. Port\u00e9 main. Bijouterie argent. En tr\u00e8s bon \u00e9tat. Le plastique est toujours pr\u00e9sent sur la bijouterie du fermoir.<\/p>\n","protected":false},"excerpt":{"rendered":"<p>Sac Birkin 35 Herm\u00e8s cuir togo bleu colvert. Port\u00e9 main. Bijouterie argent. En tr\u00e8s bon \u00e9tat. Le plastique est toujours pr\u00e9sent sur la bijouterie du fermoir.<\/p>\n","protected":false},"featured_media":3742677,"comment_status":"open","ping_status":"closed","template":"","meta":[],"product_brand":[],"product_cat":[],"product_tag":[],"acf":[],"_links":{"self":[{"href":"https:\/\/streetmarkets.fr\/app\/wp-json\/wp\/v2\/product\/3742676"}],"collection":[{"href":"https:\/\/streetmarkets.fr\/app\/wp-json\/wp\/v2\/product"}],"about":[{"href":"https:\/\/streetmarkets.fr\/app\/wp-json\/wp\/v2\/types\/product"}],"replies":[{"embeddable":true,"href":"https:\/\/streetmarkets.fr\/app\/wp-json\/wp\/v2\/comments?post=3742676"}],"wp:featuredmedia":[{"embeddable":true,"href":"https:\/\/streetmarkets.fr\/app\/wp-json\/wp\/v2\/media\/3742677"}],"wp:attachment":[{"href":"https:\/\/streetmarkets.fr\/app\/wp-json\/wp\/v2\/media?parent=3742676"}],"wp:term":[{"taxonomy":"product_brand","embeddable":true,"href":"https:\/\/streetmarkets.fr\/app\/wp-json\/wp\/v2\/product_brand?post=3742676"},{"taxonomy":"product_cat","embeddable":true,"href":"https:\/\/streetmarkets.fr\/app\/wp-json\/wp\/v2\/product_cat?post=3742676"},{"taxonomy":"product_tag","embeddable":true,"href":"https:\/\/streetmarkets.fr\/app\/wp-json\/wp\/v2\/product_tag?post=3742676"}],"curies":[{"name":"wp","href":"https:\/\/api.w.org\/{rel}","templated":true}]}}