{"id":3742567,"date":"2026-03-08T06:34:48","date_gmt":"2026-03-08T05:34:48","guid":{"rendered":"https:\/\/streetmarkets.fr\/app\/produit\/sac-classique-chanel-toile-chat\/"},"modified":"2026-05-12T07:33:26","modified_gmt":"2026-05-12T05:33:26","slug":"sac-classique-chanel-toile-chat","status":"publish","type":"product","link":"https:\/\/streetmarkets.fr\/app\/produit\/sac-classique-chanel-toile-chat\/","title":{"rendered":"Sac Classique Chanel toile chat"},"content":{"rendered":"<p>Sac Classique Chanel double rabat en toile avec des motifs chats.. Fermoir CC. Port\u00e9 \u00e9paule ou en bandouli\u00e8re (92cm). L&#8217;int\u00e9rieur est en cuir dor\u00e9. En tr\u00e8s bon \u00e9tat. Livr\u00e9 avec son dustbag d&#8217;origine.<\/p>\n","protected":false},"excerpt":{"rendered":"<p>Sac Classique Chanel double rabat en toile avec des motifs chats.. Fermoir CC. Port\u00e9 \u00e9paule ou en bandouli\u00e8re (92cm). L&#8217;int\u00e9rieur est en cuir dor\u00e9. En tr\u00e8s bon \u00e9tat. Livr\u00e9 avec son dustbag d&#8217;origine.<\/p>\n","protected":false},"featured_media":3742568,"comment_status":"open","ping_status":"closed","template":"","meta":[],"product_brand":[],"product_cat":[],"product_tag":[],"acf":[],"_links":{"self":[{"href":"https:\/\/streetmarkets.fr\/app\/wp-json\/wp\/v2\/product\/3742567"}],"collection":[{"href":"https:\/\/streetmarkets.fr\/app\/wp-json\/wp\/v2\/product"}],"about":[{"href":"https:\/\/streetmarkets.fr\/app\/wp-json\/wp\/v2\/types\/product"}],"replies":[{"embeddable":true,"href":"https:\/\/streetmarkets.fr\/app\/wp-json\/wp\/v2\/comments?post=3742567"}],"wp:featuredmedia":[{"embeddable":true,"href":"https:\/\/streetmarkets.fr\/app\/wp-json\/wp\/v2\/media\/3742568"}],"wp:attachment":[{"href":"https:\/\/streetmarkets.fr\/app\/wp-json\/wp\/v2\/media?parent=3742567"}],"wp:term":[{"taxonomy":"product_brand","embeddable":true,"href":"https:\/\/streetmarkets.fr\/app\/wp-json\/wp\/v2\/product_brand?post=3742567"},{"taxonomy":"product_cat","embeddable":true,"href":"https:\/\/streetmarkets.fr\/app\/wp-json\/wp\/v2\/product_cat?post=3742567"},{"taxonomy":"product_tag","embeddable":true,"href":"https:\/\/streetmarkets.fr\/app\/wp-json\/wp\/v2\/product_tag?post=3742567"}],"curies":[{"name":"wp","href":"https:\/\/api.w.org\/{rel}","templated":true}]}}