{"id":3742415,"date":"2026-03-08T06:34:30","date_gmt":"2026-03-08T05:34:30","guid":{"rendered":"https:\/\/streetmarkets.fr\/app\/produit\/veste-fendi-cuir-agneau-beige\/"},"modified":"2026-05-12T07:33:26","modified_gmt":"2026-05-12T05:33:26","slug":"veste-fendi-cuir-agneau-beige","status":"publish","type":"product","link":"https:\/\/streetmarkets.fr\/app\/produit\/veste-fendi-cuir-agneau-beige\/","title":{"rendered":"Veste Fendi cuir agneau beige"},"content":{"rendered":"<p>Veste Fendi en cuir d&#8217;agneau beige. La doublure est en coton. En tr\u00e8s bon \u00e9tat. Le cuir a \u00e9t\u00e9 re-teint\u00e9.<\/p>\n<p>Dimensions : Hauteur 49cm, largeur \u00e9paules 36cm, longueur manches 50cm, largeur poitrine 42cm, largeur taille 36,5cm, largeur bas 38cm.<\/p>\n","protected":false},"excerpt":{"rendered":"<p>Veste Fendi en cuir d&#8217;agneau beige. La doublure est en coton. En tr\u00e8s bon \u00e9tat. Le cuir a \u00e9t\u00e9 re-teint\u00e9. Dimensions : Hauteur 49cm, largeur \u00e9paules 36cm, longueur manches 50cm, largeur poitrine 42cm, largeur taille 36,5cm, largeur bas 38cm.<\/p>\n","protected":false},"featured_media":3742416,"comment_status":"open","ping_status":"closed","template":"","meta":[],"product_brand":[],"product_cat":[],"product_tag":[],"acf":[],"_links":{"self":[{"href":"https:\/\/streetmarkets.fr\/app\/wp-json\/wp\/v2\/product\/3742415"}],"collection":[{"href":"https:\/\/streetmarkets.fr\/app\/wp-json\/wp\/v2\/product"}],"about":[{"href":"https:\/\/streetmarkets.fr\/app\/wp-json\/wp\/v2\/types\/product"}],"replies":[{"embeddable":true,"href":"https:\/\/streetmarkets.fr\/app\/wp-json\/wp\/v2\/comments?post=3742415"}],"wp:featuredmedia":[{"embeddable":true,"href":"https:\/\/streetmarkets.fr\/app\/wp-json\/wp\/v2\/media\/3742416"}],"wp:attachment":[{"href":"https:\/\/streetmarkets.fr\/app\/wp-json\/wp\/v2\/media?parent=3742415"}],"wp:term":[{"taxonomy":"product_brand","embeddable":true,"href":"https:\/\/streetmarkets.fr\/app\/wp-json\/wp\/v2\/product_brand?post=3742415"},{"taxonomy":"product_cat","embeddable":true,"href":"https:\/\/streetmarkets.fr\/app\/wp-json\/wp\/v2\/product_cat?post=3742415"},{"taxonomy":"product_tag","embeddable":true,"href":"https:\/\/streetmarkets.fr\/app\/wp-json\/wp\/v2\/product_tag?post=3742415"}],"curies":[{"name":"wp","href":"https:\/\/api.w.org\/{rel}","templated":true}]}}