{"id":3742285,"date":"2026-03-08T06:34:16","date_gmt":"2026-03-08T05:34:16","guid":{"rendered":"https:\/\/streetmarkets.fr\/app\/produit\/2-55-chanel-lucky-charms\/"},"modified":"2026-05-12T07:33:17","modified_gmt":"2026-05-12T05:33:17","slug":"2-55-chanel-lucky-charms","status":"publish","type":"product","link":"https:\/\/streetmarkets.fr\/app\/produit\/2-55-chanel-lucky-charms\/","title":{"rendered":"2.55 Chanel lucky charms"},"content":{"rendered":"<p>Sac Chanel 2.55 Reissue \u00e9dition limit\u00e9e &#8220;Lucky Charms New York&#8221; de 2019 est un mod\u00e8le rare et recherch\u00e9, exclusivement lanc\u00e9 dans la boutique flagship de la maison Chanel \u00e0 New York, on 75th street. Confectionn\u00e9 en cuir de veau matelass\u00e9 blanc, il s\u2019agit du format 2.55 \u00e0 double rabat, reconnaissable \u00e0 sa cha\u00eene bijou en m\u00e9tal vieilli dor\u00e9 mat et son fermoir &#8220;Mademoiselle&#8221;. Il est orn\u00e9 de multiples charms embl\u00e9matiques de la ville de New York, int\u00e9gr\u00e9es \u00e0 la mani\u00e8re de pins sur le rabat avant. Ce sac est accompagn\u00e9 de sa bo\u00eete d\u2019origine, son dustbag et sa carte d\u2019authenticit\u00e9, \u00e9l\u00e9ments pris\u00e9s des collectionneurs. En tr\u00e8s bon \u00e9tat.<\/p>\n<p data-start=\"781\" data-end=\"1509\"><strong data-start=\"781\" data-end=\"807\">Historique du Mod\u00e8le :<\/strong><\/p>\n<p data-start=\"781\" data-end=\"1509\">Cr\u00e9\u00e9 initialement en f\u00e9vrier 1955 par Gabrielle Chanel, le mod\u00e8le 2.55 a marqu\u00e9 une r\u00e9volution dans le monde de la maroquinerie gr\u00e2ce \u00e0 sa conception mains-libres et ses lignes modernes. En 2005, pour le 50e anniversaire du mod\u00e8le, Karl Lagerfeld propose une version r\u00e9\u00e9dit\u00e9e fid\u00e8le \u00e0 l\u2019originale : la Reissue, reconnaissable \u00e0 son fermoir rectangulaire et \u00e0 sa cha\u00eene sans lani\u00e8re de cuir. L\u2019\u00e9dition \u00ab Lucky Charms \u00bb est apparue dans les ann\u00e9es 2000, agr\u00e9mentant certains mod\u00e8les 2.55 de breloques d\u00e9coratives. L\u2019\u00e9dition 2019 New York se d\u00e9marque par son exclusivit\u00e9 et sa richesse symbolique autour de la m\u00e9tropole am\u00e9ricaine, c\u00e9l\u00e9brant \u00e0 la fois l\u2019h\u00e9ritage Chanel et l\u2019effervescence new-yorkaise.<\/p>\n<p data-start=\"781\" data-end=\"1509\"><strong>D\u00e9tails Ext\u00e9rieurs :<\/strong><\/p>\n<p data-start=\"781\" data-end=\"1509\">Le cuir de veau blanc, souple mais dense, pr\u00e9sente un matelassage losange classique. La cha\u00eene en m\u00e9tal dor\u00e9 mat permet plusieurs port\u00e9s : crois\u00e9, \u00e9paule, double ou en pochette. Le rabat du sac est orn\u00e9 d&#8217;une s\u00e9rie de breloques soigneusement s\u00e9lectionn\u00e9es, qui associent les codes iconiques de Chanel \u00e0 l&#8217;imaginaire de New York. Une broche Chanel dor\u00e9e et une mini-poche \u00e0 rabat sont des symboles directs de la maison. Une \u00e9toile argent\u00e9e avec le logo CC en relief et une grosse pomme CC rappelant la fameuse \u00ab Big Apple \u00bb apportent une touche au sac. Un n\u0153ud dor\u00e9 stylis\u00e9, un panneau \u00ab Broadway \u00bb noir et blanc et une broche portant l&#8217;inscription \u00ab New York \u00bb incarnent l&#8217;\u00e9nergie th\u00e9\u00e2trale et urbaine de la ville. Un fer \u00e0 cheval dor\u00e9, accompagn\u00e9 d&#8217;un tr\u00e8fle \u00e0 quatre feuilles, sugg\u00e8re la chance. Le taxi new-yorkais embl\u00e9matique \u00e9voque les rues anim\u00e9es de Manhattan. On remarque \u00e9galement une plaque dor\u00e9e portant l&#8217;inscription \u00ab Gabrielle \u00bb, un hommage direct \u00e0 la fondatrice de la maison. Un skyline stylis\u00e9 de Manhattan en relief rappelle l&#8217;architecture verticale de la ville, tandis qu&#8217;un flacon miniature Chanel N\u00b05 en noir et or \u00e9voque le parfum embl\u00e9matique. Enfin, un cupcake rose avec un gla\u00e7age en spirale, d\u00e9cor\u00e9 du logo Chanel.<\/p>\n<p data-start=\"2384\" data-end=\"2866\"><strong data-start=\"2384\" data-end=\"2408\">D\u00e9tails Int\u00e9rieurs :<\/strong><br data-start=\"2408\" data-end=\"2411\" \/>L\u2019int\u00e9rieur du sac est doubl\u00e9 de cuir lisse ivoire assorti. On retrouve le logo CC emboss\u00e9 sous le rabat sup\u00e9rieur, signature des sacs classiques de la maison. L\u2019organisation int\u00e9rieure comprend une poche zipp\u00e9e sous le rabat, une poche plate, deux poches plaqu\u00e9es pour petits objets, et un compartiment fin pour rouge \u00e0 l\u00e8vres. Le marquage \u00ab Chanel \u2013 Made in France \u00bb est appos\u00e9 en lettres dor\u00e9es sur une languette en cuir cousue sous le rabat int\u00e9rieur.<\/p>\n<p data-start=\"2868\" data-end=\"3393\"><strong data-start=\"2868\" data-end=\"2889\">\u00c9tat du Produit :<\/strong><br data-start=\"2889\" data-end=\"2892\" \/>Ce sac est en excellent \u00e9tat g\u00e9n\u00e9ral. Le cuir ext\u00e9rieur conserve sa structure et son \u00e9clat sans d\u00e9formation, t\u00e2ches ni griffures visibles. Les breloques sont toutes pr\u00e9sentes, bien fix\u00e9es et sans traces d\u2019oxydation ni d\u2019\u00e9mail manquant. La cha\u00eene est brillante, sans alt\u00e9ration du m\u00e9tal. L\u2019int\u00e9rieur est propre, sans usure notable ni marques sur la doublure. Les coins sont nets, les coutures intactes. Le sac est vendu avec sa bo\u00eete Chanel d\u2019origine et son dust bag, \u00e9l\u00e9ments rares et tr\u00e8s recherch\u00e9s.<\/p>\n<p data-start=\"3395\" data-end=\"3909\"><strong data-start=\"3395\" data-end=\"3421\">Conseils d\u2019Entretien :<\/strong><br data-start=\"3421\" data-end=\"3424\" \/>Il est recommand\u00e9 de conserver ce sac dans un espace sec, \u00e0 l\u2019abri de la lumi\u00e8re directe et de la chaleur. Ranger la cha\u00eene \u00e0 l\u2019int\u00e9rieur du sac lorsqu\u2019il est entrepos\u00e9 pour \u00e9viter toute pression sur le cuir. Nettoyer le cuir avec un chiffon doux, sec, et \u00e9viter tout contact avec des liquides. Pour les breloques, un d\u00e9poussi\u00e9rage doux est suffisant, en \u00e9vitant les produits abrasifs. Un entretien professionnel par un sp\u00e9cialiste du cuir de luxe est conseill\u00e9 une \u00e0 deux fois par an.<\/p>\n<p data-start=\"3911\" data-end=\"4515\"><strong data-start=\"3911\" data-end=\"3944\">Pourquoi Choisir ce Produit :<\/strong><br data-start=\"3944\" data-end=\"3947\" \/>Ce mod\u00e8le incarne la rencontre entre l\u2019h\u00e9ritage intemporel de Chanel et l\u2019esprit vibrant de New York. Il combine la sobri\u00e9t\u00e9 d\u2019un grand classique de la maroquinerie fran\u00e7aise avec la fantaisie assum\u00e9e des charms, pour une pi\u00e8ce unique, hautement d\u00e9sirable. L\u2019\u00e9dition limit\u00e9e \u00e0 la boutique Chanel de New York en 2019, aujourd\u2019hui introuvable en boutique, en fait un objet de collection rare et pr\u00e9cieux pour toute amatrice de vintage haut de gamme ou de la maison Chanel. Son excellent \u00e9tat et la pr\u00e9sence de ses accessoires d\u2019origine renforcent sa valeur patrimoniale.<\/p>\n","protected":false},"excerpt":{"rendered":"<p>Sac Chanel 2.55 Reissue \u00e9dition limit\u00e9e &#8220;Lucky Charms New York&#8221; de 2019 est un mod\u00e8le rare et recherch\u00e9, exclusivement lanc\u00e9 dans la boutique flagship de la maison Chanel \u00e0 New York, on 75th street. Confectionn\u00e9 en cuir de veau matelass\u00e9 blanc, il s\u2019agit du format 2.55 \u00e0 double rabat, reconnaissable \u00e0 sa cha\u00eene bijou en [&hellip;]<\/p>\n","protected":false},"featured_media":3742286,"comment_status":"open","ping_status":"closed","template":"","meta":[],"product_brand":[],"product_cat":[],"product_tag":[],"acf":[],"_links":{"self":[{"href":"https:\/\/streetmarkets.fr\/app\/wp-json\/wp\/v2\/product\/3742285"}],"collection":[{"href":"https:\/\/streetmarkets.fr\/app\/wp-json\/wp\/v2\/product"}],"about":[{"href":"https:\/\/streetmarkets.fr\/app\/wp-json\/wp\/v2\/types\/product"}],"replies":[{"embeddable":true,"href":"https:\/\/streetmarkets.fr\/app\/wp-json\/wp\/v2\/comments?post=3742285"}],"wp:featuredmedia":[{"embeddable":true,"href":"https:\/\/streetmarkets.fr\/app\/wp-json\/wp\/v2\/media\/3742286"}],"wp:attachment":[{"href":"https:\/\/streetmarkets.fr\/app\/wp-json\/wp\/v2\/media?parent=3742285"}],"wp:term":[{"taxonomy":"product_brand","embeddable":true,"href":"https:\/\/streetmarkets.fr\/app\/wp-json\/wp\/v2\/product_brand?post=3742285"},{"taxonomy":"product_cat","embeddable":true,"href":"https:\/\/streetmarkets.fr\/app\/wp-json\/wp\/v2\/product_cat?post=3742285"},{"taxonomy":"product_tag","embeddable":true,"href":"https:\/\/streetmarkets.fr\/app\/wp-json\/wp\/v2\/product_tag?post=3742285"}],"curies":[{"name":"wp","href":"https:\/\/api.w.org\/{rel}","templated":true}]}}