{"id":3742040,"date":"2026-03-08T06:33:56","date_gmt":"2026-03-08T05:33:56","guid":{"rendered":"https:\/\/streetmarkets.fr\/app\/produit\/veste-chanel-tweed-bleu\/"},"modified":"2026-05-08T07:32:57","modified_gmt":"2026-05-08T05:32:57","slug":"veste-chanel-tweed-bleu","status":"publish","type":"product","link":"https:\/\/streetmarkets.fr\/app\/produit\/veste-chanel-tweed-bleu\/","title":{"rendered":"Veste Chanel tweed bleu"},"content":{"rendered":"<p>Veste Chanel en tweed bleu. Liser\u00e9 dor\u00e9. Taille 38. En tr\u00e8s bon \u00e9tat.<\/p>\n<p>Dimensions : Hauteur 56cm, largeur \u00e9paules 38cm, longueur manches 64cm, largeur poitrine 52cm, largeur taille 50cm, largeur bas 48cm.<\/p>\n","protected":false},"excerpt":{"rendered":"<p>Veste Chanel en tweed bleu. Liser\u00e9 dor\u00e9. Taille 38. En tr\u00e8s bon \u00e9tat. Dimensions : Hauteur 56cm, largeur \u00e9paules 38cm, longueur manches 64cm, largeur poitrine 52cm, largeur taille 50cm, largeur bas 48cm.<\/p>\n","protected":false},"featured_media":3742041,"comment_status":"open","ping_status":"closed","template":"","meta":[],"product_brand":[],"product_cat":[],"product_tag":[],"acf":[],"_links":{"self":[{"href":"https:\/\/streetmarkets.fr\/app\/wp-json\/wp\/v2\/product\/3742040"}],"collection":[{"href":"https:\/\/streetmarkets.fr\/app\/wp-json\/wp\/v2\/product"}],"about":[{"href":"https:\/\/streetmarkets.fr\/app\/wp-json\/wp\/v2\/types\/product"}],"replies":[{"embeddable":true,"href":"https:\/\/streetmarkets.fr\/app\/wp-json\/wp\/v2\/comments?post=3742040"}],"wp:featuredmedia":[{"embeddable":true,"href":"https:\/\/streetmarkets.fr\/app\/wp-json\/wp\/v2\/media\/3742041"}],"wp:attachment":[{"href":"https:\/\/streetmarkets.fr\/app\/wp-json\/wp\/v2\/media?parent=3742040"}],"wp:term":[{"taxonomy":"product_brand","embeddable":true,"href":"https:\/\/streetmarkets.fr\/app\/wp-json\/wp\/v2\/product_brand?post=3742040"},{"taxonomy":"product_cat","embeddable":true,"href":"https:\/\/streetmarkets.fr\/app\/wp-json\/wp\/v2\/product_cat?post=3742040"},{"taxonomy":"product_tag","embeddable":true,"href":"https:\/\/streetmarkets.fr\/app\/wp-json\/wp\/v2\/product_tag?post=3742040"}],"curies":[{"name":"wp","href":"https:\/\/api.w.org\/{rel}","templated":true}]}}