{"id":3742033,"date":"2026-03-08T06:33:55","date_gmt":"2026-03-08T05:33:55","guid":{"rendered":"https:\/\/streetmarkets.fr\/app\/produit\/manchette-chanel-coco\/"},"modified":"2026-05-15T07:31:28","modified_gmt":"2026-05-15T05:31:28","slug":"manchette-chanel-coco","status":"publish","type":"product","link":"https:\/\/streetmarkets.fr\/app\/produit\/manchette-chanel-coco\/","title":{"rendered":"Manchette Chanel Coco"},"content":{"rendered":"<p>Manchette Coco de la Maison Chanel en m\u00e9tal dor\u00e9 mat. En tr\u00e8s bon \u00e9tat.<\/p>\n<p>Dimensions : Tour de poignet 19cm, hauteur 5cm. <\/p>\n","protected":false},"excerpt":{"rendered":"<p>Manchette Coco de la Maison Chanel en m\u00e9tal dor\u00e9 mat. En tr\u00e8s bon \u00e9tat. Dimensions : Tour de poignet 19cm, hauteur 5cm.<\/p>\n","protected":false},"featured_media":3742034,"comment_status":"open","ping_status":"closed","template":"","meta":[],"product_brand":[],"product_cat":[],"product_tag":[],"acf":[],"_links":{"self":[{"href":"https:\/\/streetmarkets.fr\/app\/wp-json\/wp\/v2\/product\/3742033"}],"collection":[{"href":"https:\/\/streetmarkets.fr\/app\/wp-json\/wp\/v2\/product"}],"about":[{"href":"https:\/\/streetmarkets.fr\/app\/wp-json\/wp\/v2\/types\/product"}],"replies":[{"embeddable":true,"href":"https:\/\/streetmarkets.fr\/app\/wp-json\/wp\/v2\/comments?post=3742033"}],"wp:featuredmedia":[{"embeddable":true,"href":"https:\/\/streetmarkets.fr\/app\/wp-json\/wp\/v2\/media\/3742034"}],"wp:attachment":[{"href":"https:\/\/streetmarkets.fr\/app\/wp-json\/wp\/v2\/media?parent=3742033"}],"wp:term":[{"taxonomy":"product_brand","embeddable":true,"href":"https:\/\/streetmarkets.fr\/app\/wp-json\/wp\/v2\/product_brand?post=3742033"},{"taxonomy":"product_cat","embeddable":true,"href":"https:\/\/streetmarkets.fr\/app\/wp-json\/wp\/v2\/product_cat?post=3742033"},{"taxonomy":"product_tag","embeddable":true,"href":"https:\/\/streetmarkets.fr\/app\/wp-json\/wp\/v2\/product_tag?post=3742033"}],"curies":[{"name":"wp","href":"https:\/\/api.w.org\/{rel}","templated":true}]}}