{"id":3741936,"date":"2026-03-08T06:33:51","date_gmt":"2026-03-08T05:33:51","guid":{"rendered":"https:\/\/streetmarkets.fr\/app\/produit\/portefeuille-fendi-cuir-gris\/"},"modified":"2026-05-05T07:34:23","modified_gmt":"2026-05-05T05:34:23","slug":"portefeuille-fendi-cuir-gris","status":"publish","type":"product","link":"https:\/\/streetmarkets.fr\/app\/produit\/portefeuille-fendi-cuir-gris\/","title":{"rendered":"Portefeuille Fendi cuir gris"},"content":{"rendered":"<p>Portefeuille Fendi en cuir gris clair, finitions en python. Fermeture zipp\u00e9e. 8 fentes pour cartes et 6 espaces de rangements pour billets ou divers. En tr\u00e8s bon \u00e9tat.<\/p>\n","protected":false},"excerpt":{"rendered":"<p>Portefeuille Fendi en cuir gris clair, finitions en python. Fermeture zipp\u00e9e. 8 fentes pour cartes et 6 espaces de rangements pour billets ou divers. En tr\u00e8s bon \u00e9tat.<\/p>\n","protected":false},"featured_media":3741937,"comment_status":"open","ping_status":"closed","template":"","meta":[],"product_brand":[],"product_cat":[],"product_tag":[],"acf":[],"_links":{"self":[{"href":"https:\/\/streetmarkets.fr\/app\/wp-json\/wp\/v2\/product\/3741936"}],"collection":[{"href":"https:\/\/streetmarkets.fr\/app\/wp-json\/wp\/v2\/product"}],"about":[{"href":"https:\/\/streetmarkets.fr\/app\/wp-json\/wp\/v2\/types\/product"}],"replies":[{"embeddable":true,"href":"https:\/\/streetmarkets.fr\/app\/wp-json\/wp\/v2\/comments?post=3741936"}],"wp:featuredmedia":[{"embeddable":true,"href":"https:\/\/streetmarkets.fr\/app\/wp-json\/wp\/v2\/media\/3741937"}],"wp:attachment":[{"href":"https:\/\/streetmarkets.fr\/app\/wp-json\/wp\/v2\/media?parent=3741936"}],"wp:term":[{"taxonomy":"product_brand","embeddable":true,"href":"https:\/\/streetmarkets.fr\/app\/wp-json\/wp\/v2\/product_brand?post=3741936"},{"taxonomy":"product_cat","embeddable":true,"href":"https:\/\/streetmarkets.fr\/app\/wp-json\/wp\/v2\/product_cat?post=3741936"},{"taxonomy":"product_tag","embeddable":true,"href":"https:\/\/streetmarkets.fr\/app\/wp-json\/wp\/v2\/product_tag?post=3741936"}],"curies":[{"name":"wp","href":"https:\/\/api.w.org\/{rel}","templated":true}]}}