{"id":3741923,"date":"2026-03-08T06:33:50","date_gmt":"2026-03-08T05:33:50","guid":{"rendered":"https:\/\/streetmarkets.fr\/app\/produit\/bracelet-jumbo-hermes-cuir-gold\/"},"modified":"2026-05-12T07:33:08","modified_gmt":"2026-05-12T05:33:08","slug":"bracelet-jumbo-hermes-cuir-gold","status":"publish","type":"product","link":"https:\/\/streetmarkets.fr\/app\/produit\/bracelet-jumbo-hermes-cuir-gold\/","title":{"rendered":"Bracelet Jumbo Herm\u00e8s cuir gold"},"content":{"rendered":"<p>Ce bracelet Herm\u00e8s Jumbo se compose d\u2019un cordon en cuir gold et d\u2019un fermoir en m\u00e9tal palladi\u00e9 en forme de crochet marin, embl\u00e9matique de la maison. Le cuir lisse, de teinte brun caramel, est mont\u00e9 en un seul tour et reli\u00e9 par deux embouts m\u00e9talliques discrets. Le fermoir, \u00e0 la fois fonctionnel et d\u00e9coratif, est grav\u00e9 du nom Herm\u00e8s. Ce bracelet au design sobre et raffin\u00e9 est en bon \u00e9tat g\u00e9n\u00e9ral. Le cuir est patin\u00e9 d\u00fb \u00e0 son usure d&#8217;usage.<\/p>\n<div class=\"flex max-w-full flex-col grow\">\n<div class=\"min-h-8 text-message relative flex w-full flex-col items-end gap-2 text-start break-words whitespace-normal [.text-message+&amp;]:mt-1\" dir=\"auto\" data-message-author-role=\"assistant\" data-message-id=\"4f459c37-49d1-4dfa-9e3f-b135200505ba\" data-message-model-slug=\"gpt-4o\">\n<div class=\"flex w-full flex-col gap-1 empty:hidden first:pt-[1px]\">\n<div class=\"markdown prose dark:prose-invert w-full wrap-break-word light markdown-new-styling\">\n<p data-start=\"470\" data-end=\"962\"><strong data-start=\"470\" data-end=\"496\">Historique du Mod\u00e8le :<\/strong><br data-start=\"496\" data-end=\"499\" \/>Le bracelet Jumbo fait partie des accessoires classiques de la maison Herm\u00e8s, r\u00e9interpr\u00e9tant l\u2019univers \u00e9questre et marin cher \u00e0 la marque. Inspir\u00e9 des cordages et des mousquetons utilis\u00e9s dans les harnais et les \u00e9quipements nautiques, ce mod\u00e8le est apparu dans les ann\u00e9es 1990 et s\u2019inscrit dans une lign\u00e9e de bijoux au luxe discret. Il traduit le savoir-faire Herm\u00e8s en mati\u00e8re de travail du cuir et du m\u00e9tal, tout en incarnant une \u00e9l\u00e9gance d\u00e9contract\u00e9e et mixte.<\/p>\n<p data-start=\"964\" data-end=\"1396\"><strong data-start=\"964\" data-end=\"988\">D\u00e9tails Ext\u00e9rieurs :<\/strong><br data-start=\"988\" data-end=\"991\" \/>Le bracelet est compos\u00e9 d\u2019un cordon rond en cuir gold de qualit\u00e9, souple et l\u00e9g\u00e8rement patin\u00e9, d\u2019environ 4 mm d\u2019\u00e9paisseur. Le fermoir en m\u00e9tal palladi\u00e9, \u00e0 la finition mate, reprend la forme d\u2019un crochet stylis\u00e9 venant s\u2019ins\u00e9rer dans une boucle fixe. L\u2019ensemble mesure environ 19 cm de longueur, adapt\u00e9 \u00e0 un poignet moyen. Le contraste entre le cuir chaud et le m\u00e9tal froid accentue la modernit\u00e9 du design.<\/p>\n<p data-start=\"1398\" data-end=\"1752\"><strong data-start=\"1398\" data-end=\"1422\">D\u00e9tails Int\u00e9rieurs :<\/strong><br data-start=\"1422\" data-end=\"1425\" \/>Le fermoir est grav\u00e9 &#8220;Herm\u00e8s&#8221; sur la face int\u00e9rieure du crochet. Les embouts m\u00e9talliques sont solidement fix\u00e9s au cuir, assurant une bonne r\u00e9sistance \u00e0 l\u2019usage. L\u2019int\u00e9rieur du cuir est net, sans marquage sp\u00e9cifique, comme c\u2019est le cas pour ce mod\u00e8le. Le syst\u00e8me de fermeture est intuitif, s\u00e9curis\u00e9 et permet un enfilage rapide.<\/p>\n<p data-start=\"1754\" data-end=\"2065\"><strong data-start=\"1754\" data-end=\"1775\">\u00c9tat du Produit :<\/strong><br data-start=\"1775\" data-end=\"1778\" \/>Le bracelet est en bon \u00e9tat. Le cuir pr\u00e9sente une l\u00e9g\u00e8re patine homog\u00e8ne, sans fissures ni taches. Le fermoir m\u00e9tallique est intact, sans rayures profondes ni traces d\u2019oxydation. L\u2019ensemble conserve une belle souplesse et un \u00e9clat naturel. Aucun d\u00e9faut fonctionnel n\u2019est \u00e0 signaler.<\/p>\n<p data-start=\"2067\" data-end=\"2411\"><strong data-start=\"2067\" data-end=\"2093\">Conseils d\u2019Entretien :<\/strong><br data-start=\"2093\" data-end=\"2096\" \/>\u00c9viter l\u2019exposition prolong\u00e9e \u00e0 l\u2019humidit\u00e9, \u00e0 la chaleur ou \u00e0 la lumi\u00e8re directe afin de pr\u00e9server la souplesse et la couleur du cuir. Nettoyer doucement avec un chiffon sec, et nourrir occasionnellement le cuir avec un soin adapt\u00e9. Le fermoir peut \u00eatre essuy\u00e9 avec un tissu doux pour maintenir sa finition satin\u00e9e.<\/p>\n<p data-start=\"2413\" data-end=\"2870\" data-is-last-node=\"\" data-is-only-node=\"\"><strong data-start=\"2413\" data-end=\"2446\">Pourquoi Choisir ce Produit :<\/strong><br data-start=\"2446\" data-end=\"2449\" \/>Le bracelet Herm\u00e8s Jumbo incarne parfaitement l\u2019\u00e9l\u00e9gance discr\u00e8te et intemporelle de la maison. Sa combinaison de cuir et de m\u00e9tal, son design inspir\u00e9 de l\u2019univers marin, et sa qualit\u00e9 de fabrication en font un accessoire polyvalent, aussi adapt\u00e9 \u00e0 un usage quotidien qu\u2019\u00e0 une tenue plus habill\u00e9e. C\u2019est une pi\u00e8ce embl\u00e9matique, pris\u00e9e des amateurs de vintage pour sa sobri\u00e9t\u00e9 et sa signature discr\u00e8te mais reconnaissable.<\/p>\n<\/div>\n<\/div>\n<\/div>\n<\/div>\n<div class=\"z-0 flex min-h-[46px] justify-start\"><\/div>\n<div class=\"border-token-border-light my-2 flex gap-10 border-t pt-4\">\n<div class=\"flex items-center justify-center overflow-hidden h-12 w-12 rounded-lg\"><\/div>\n<\/div>\n","protected":false},"excerpt":{"rendered":"<p>Ce bracelet Herm\u00e8s Jumbo se compose d\u2019un cordon en cuir gold et d\u2019un fermoir en m\u00e9tal palladi\u00e9 en forme de crochet marin, embl\u00e9matique de la maison. Le cuir lisse, de teinte brun caramel, est mont\u00e9 en un seul tour et reli\u00e9 par deux embouts m\u00e9talliques discrets. Le fermoir, \u00e0 la fois fonctionnel et d\u00e9coratif, est [&hellip;]<\/p>\n","protected":false},"featured_media":3741924,"comment_status":"open","ping_status":"closed","template":"","meta":[],"product_brand":[],"product_cat":[],"product_tag":[],"acf":[],"_links":{"self":[{"href":"https:\/\/streetmarkets.fr\/app\/wp-json\/wp\/v2\/product\/3741923"}],"collection":[{"href":"https:\/\/streetmarkets.fr\/app\/wp-json\/wp\/v2\/product"}],"about":[{"href":"https:\/\/streetmarkets.fr\/app\/wp-json\/wp\/v2\/types\/product"}],"replies":[{"embeddable":true,"href":"https:\/\/streetmarkets.fr\/app\/wp-json\/wp\/v2\/comments?post=3741923"}],"wp:featuredmedia":[{"embeddable":true,"href":"https:\/\/streetmarkets.fr\/app\/wp-json\/wp\/v2\/media\/3741924"}],"wp:attachment":[{"href":"https:\/\/streetmarkets.fr\/app\/wp-json\/wp\/v2\/media?parent=3741923"}],"wp:term":[{"taxonomy":"product_brand","embeddable":true,"href":"https:\/\/streetmarkets.fr\/app\/wp-json\/wp\/v2\/product_brand?post=3741923"},{"taxonomy":"product_cat","embeddable":true,"href":"https:\/\/streetmarkets.fr\/app\/wp-json\/wp\/v2\/product_cat?post=3741923"},{"taxonomy":"product_tag","embeddable":true,"href":"https:\/\/streetmarkets.fr\/app\/wp-json\/wp\/v2\/product_tag?post=3741923"}],"curies":[{"name":"wp","href":"https:\/\/api.w.org\/{rel}","templated":true}]}}