{"id":3741818,"date":"2026-03-08T06:33:36","date_gmt":"2026-03-08T05:33:36","guid":{"rendered":"https:\/\/streetmarkets.fr\/app\/produit\/clips-pendants-christian-dior-vintage\/"},"modified":"2026-05-12T07:32:57","modified_gmt":"2026-05-12T05:32:57","slug":"clips-pendants-christian-dior-vintage","status":"publish","type":"product","link":"https:\/\/streetmarkets.fr\/app\/produit\/clips-pendants-christian-dior-vintage\/","title":{"rendered":"Clips pendants Christian Dior vintage"},"content":{"rendered":"<p>Clips pendants Christian Dior vintage en m\u00e9tal dor\u00e9 et perles. En tr\u00e8s bon \u00e9tat. Quelques marques d&#8217;usure sur les perles mais peu visible.<\/p>\n","protected":false},"excerpt":{"rendered":"<p>Clips pendants Christian Dior vintage en m\u00e9tal dor\u00e9 et perles. En tr\u00e8s bon \u00e9tat. Quelques marques d&#8217;usure sur les perles mais peu visible.<\/p>\n","protected":false},"featured_media":3741819,"comment_status":"open","ping_status":"closed","template":"","meta":[],"product_brand":[],"product_cat":[],"product_tag":[],"acf":[],"_links":{"self":[{"href":"https:\/\/streetmarkets.fr\/app\/wp-json\/wp\/v2\/product\/3741818"}],"collection":[{"href":"https:\/\/streetmarkets.fr\/app\/wp-json\/wp\/v2\/product"}],"about":[{"href":"https:\/\/streetmarkets.fr\/app\/wp-json\/wp\/v2\/types\/product"}],"replies":[{"embeddable":true,"href":"https:\/\/streetmarkets.fr\/app\/wp-json\/wp\/v2\/comments?post=3741818"}],"wp:featuredmedia":[{"embeddable":true,"href":"https:\/\/streetmarkets.fr\/app\/wp-json\/wp\/v2\/media\/3741819"}],"wp:attachment":[{"href":"https:\/\/streetmarkets.fr\/app\/wp-json\/wp\/v2\/media?parent=3741818"}],"wp:term":[{"taxonomy":"product_brand","embeddable":true,"href":"https:\/\/streetmarkets.fr\/app\/wp-json\/wp\/v2\/product_brand?post=3741818"},{"taxonomy":"product_cat","embeddable":true,"href":"https:\/\/streetmarkets.fr\/app\/wp-json\/wp\/v2\/product_cat?post=3741818"},{"taxonomy":"product_tag","embeddable":true,"href":"https:\/\/streetmarkets.fr\/app\/wp-json\/wp\/v2\/product_tag?post=3741818"}],"curies":[{"name":"wp","href":"https:\/\/api.w.org\/{rel}","templated":true}]}}