{"id":3741786,"date":"2026-03-08T06:33:34","date_gmt":"2026-03-08T05:33:34","guid":{"rendered":"https:\/\/streetmarkets.fr\/app\/produit\/mini-sac-croissant-fendi-vintage-cuir-beige\/"},"modified":"2026-05-03T07:31:29","modified_gmt":"2026-05-03T05:31:29","slug":"mini-sac-croissant-fendi-vintage-cuir-beige","status":"publish","type":"product","link":"https:\/\/streetmarkets.fr\/app\/produit\/mini-sac-croissant-fendi-vintage-cuir-beige\/","title":{"rendered":"Mini sac croissant Fendi vintage cuir beige"},"content":{"rendered":"<p data-start=\"0\" data-end=\"523\">Ce sac vintage Fendi en cuir d\u2019agneau beige adopte une silhouette en demi-lune, souvent surnomm\u00e9e &#8220;croissant&#8221; pour sa forme souple et arrondie. Confectionn\u00e9 dans un cuir lisse \u00e0 la texture douce, il se ferme par un rabat aimant\u00e9 orn\u00e9 d\u2019une boucle rectangulaire en m\u00e9tal argent\u00e9 et \u00e9mail rose affichant le logo FF iconique. En bon \u00e9tat g\u00e9n\u00e9ral, ce mod\u00e8le pr\u00e9sente une patine visible sur le cuir, caract\u00e9ristique naturelle des cuirs anciens bien entretenus ainsi que des rayures sur le fermoir. Voir photos.<\/p>\n<p data-start=\"525\" data-end=\"1039\">\n<p data-start=\"525\" data-end=\"1039\"><strong data-start=\"525\" data-end=\"551\">Historique du Mod\u00e8le :<\/strong><br data-start=\"551\" data-end=\"554\" \/>La maison Fendi a marqu\u00e9 les ann\u00e9es 1990 et 2000 avec ses sacs \u00e0 main structur\u00e9s et minimalistes, dont le Baguette reste le plus embl\u00e9matique. Ce mod\u00e8le croissant en cuir d\u2019agneau s\u2019inscrit dans cette m\u00eame p\u00e9riode d\u2019exp\u00e9rimentation autour des formats compacts et f\u00e9minins, appr\u00e9ci\u00e9s pour leur \u00e9l\u00e9gance d\u00e9contract\u00e9e. Ce type de sac a connu un regain d\u2019int\u00e9r\u00eat avec le retour en force des accessoires vintage et l\u2019esth\u00e9tique Y2K, rendant ce mod\u00e8le particuli\u00e8rement recherch\u00e9 aujourd\u2019hui.<\/p>\n<p data-start=\"1041\" data-end=\"1543\"><strong data-start=\"1041\" data-end=\"1065\">D\u00e9tails Ext\u00e9rieurs :<\/strong><br data-start=\"1065\" data-end=\"1068\" \/>Le cuir d\u2019agneau beige pr\u00e9sente une finition mate et souple, avec une l\u00e9g\u00e8re brillance naturelle d\u00e9velopp\u00e9e par le temps. La boucle m\u00e9tallique argent\u00e9e affiche le c\u00e9l\u00e8bre double F, rehauss\u00e9e d\u2019un \u00e9mail rose p\u00e2le pour une touche de couleur discr\u00e8te. La anse est r\u00e9glable par des boucles m\u00e9talliques sigl\u00e9es &#8220;Fendi&#8221;, permettant d\u2019adapter la hauteur de port\u00e9. Les bords sont cousus ton sur ton, avec des finitions soign\u00e9es malgr\u00e9 une usure l\u00e9g\u00e8re visible, notamment sur la anse.<\/p>\n<p data-start=\"1545\" data-end=\"1969\"><strong data-start=\"1545\" data-end=\"1569\">D\u00e9tails Int\u00e9rieurs :<\/strong><br data-start=\"1569\" data-end=\"1572\" \/>L\u2019int\u00e9rieur est doubl\u00e9 de satin rose, apportant un contraste vif et \u00e9l\u00e9gant avec l\u2019ext\u00e9rieur neutre. Il comprend un compartiment principal non compartiment\u00e9, suffisant pour les essentiels du quotidien (t\u00e9l\u00e9phone, porte-cartes, cl\u00e9s). Une plaque m\u00e9tallique int\u00e9rieure grav\u00e9e &#8220;Fendi &#8211; Made in Italy&#8221; atteste de l\u2019authenticit\u00e9 du mod\u00e8le. La doublure est propre et bien tendue, sans accrocs ni taches.<\/p>\n<p data-start=\"1971\" data-end=\"2331\"><strong data-start=\"1971\" data-end=\"1992\">\u00c9tat du Produit :<\/strong><br data-start=\"1992\" data-end=\"1995\" \/>Le sac est en bon \u00e9tat g\u00e9n\u00e9ral avec un cuir patin\u00e9 de mani\u00e8re homog\u00e8ne. Quelques plis et marques superficielles sont visibles, notamment sur la anse et autour du rabat, sans alt\u00e9rer la structure du sac. Le fermoir et les \u00e9l\u00e9ments m\u00e9talliques montrent de l\u00e9g\u00e8res traces d\u2019oxydation. L\u2019int\u00e9rieur est propre, sans odeur ni dommage notable. q<\/p>\n<p data-start=\"2333\" data-end=\"2780\"><strong data-start=\"2333\" data-end=\"2359\">Conseils d\u2019Entretien :<\/strong><br data-start=\"2359\" data-end=\"2362\" \/>Pour pr\u00e9server ce sac vintage, il est recommand\u00e9 d\u2019hydrater le cuir r\u00e9guli\u00e8rement avec un soin adapt\u00e9 pour cuir d\u2019agneau, en \u00e9vitant les produits gras ou abrasifs. Conserver le sac \u00e0 l\u2019abri de la lumi\u00e8re directe et de l\u2019humidit\u00e9 prolongera sa long\u00e9vit\u00e9. Lorsque non utilis\u00e9, le rembourrer avec du papier de soie et le ranger dans une housse en tissu permettra de maintenir sa forme et d\u2019\u00e9viter le transfert de couleur.<\/p>\n<p data-start=\"2782\" data-end=\"3254\" data-is-last-node=\"\" data-is-only-node=\"\"><strong data-start=\"2782\" data-end=\"2815\">Pourquoi Choisir ce Produit :<\/strong><br data-start=\"2815\" data-end=\"2818\" \/>Ce sac croissant Fendi en cuir d\u2019agneau beige incarne l\u2019\u00e9l\u00e9gance discr\u00e8te des accessoires vintage de la maison italienne. Sa patine t\u00e9moigne de la qualit\u00e9 du cuir et du charme du temps pass\u00e9. L\u00e9ger, compact et identifiable gr\u00e2ce \u00e0 sa boucle logo, il constitue une pi\u00e8ce embl\u00e9matique d\u2019un style early 2000&#8217;s en plein retour. Id\u00e9al pour les amateurs de mode vintage \u00e0 la recherche d\u2019un sac iconique, fonctionnel et d\u00e9licatement singulier.<\/p>\n","protected":false},"excerpt":{"rendered":"<p>Ce sac vintage Fendi en cuir d\u2019agneau beige adopte une silhouette en demi-lune, souvent surnomm\u00e9e &#8220;croissant&#8221; pour sa forme souple et arrondie. Confectionn\u00e9 dans un cuir lisse \u00e0 la texture douce, il se ferme par un rabat aimant\u00e9 orn\u00e9 d\u2019une boucle rectangulaire en m\u00e9tal argent\u00e9 et \u00e9mail rose affichant le logo FF iconique. En bon [&hellip;]<\/p>\n","protected":false},"featured_media":3741787,"comment_status":"open","ping_status":"closed","template":"","meta":[],"product_brand":[],"product_cat":[],"product_tag":[],"acf":[],"_links":{"self":[{"href":"https:\/\/streetmarkets.fr\/app\/wp-json\/wp\/v2\/product\/3741786"}],"collection":[{"href":"https:\/\/streetmarkets.fr\/app\/wp-json\/wp\/v2\/product"}],"about":[{"href":"https:\/\/streetmarkets.fr\/app\/wp-json\/wp\/v2\/types\/product"}],"replies":[{"embeddable":true,"href":"https:\/\/streetmarkets.fr\/app\/wp-json\/wp\/v2\/comments?post=3741786"}],"wp:featuredmedia":[{"embeddable":true,"href":"https:\/\/streetmarkets.fr\/app\/wp-json\/wp\/v2\/media\/3741787"}],"wp:attachment":[{"href":"https:\/\/streetmarkets.fr\/app\/wp-json\/wp\/v2\/media?parent=3741786"}],"wp:term":[{"taxonomy":"product_brand","embeddable":true,"href":"https:\/\/streetmarkets.fr\/app\/wp-json\/wp\/v2\/product_brand?post=3741786"},{"taxonomy":"product_cat","embeddable":true,"href":"https:\/\/streetmarkets.fr\/app\/wp-json\/wp\/v2\/product_cat?post=3741786"},{"taxonomy":"product_tag","embeddable":true,"href":"https:\/\/streetmarkets.fr\/app\/wp-json\/wp\/v2\/product_tag?post=3741786"}],"curies":[{"name":"wp","href":"https:\/\/api.w.org\/{rel}","templated":true}]}}