{"id":3741712,"date":"2026-03-08T06:33:31","date_gmt":"2026-03-08T05:33:31","guid":{"rendered":"https:\/\/streetmarkets.fr\/app\/produit\/chemise-soie-gianni-versace-motifs-floraux\/"},"modified":"2026-05-10T07:33:10","modified_gmt":"2026-05-10T05:33:10","slug":"chemise-soie-gianni-versace-motifs-floraux","status":"publish","type":"product","link":"https:\/\/streetmarkets.fr\/app\/produit\/chemise-soie-gianni-versace-motifs-floraux\/","title":{"rendered":"Chemise soie Gianni Versace motifs floraux"},"content":{"rendered":"<p>Chemisier en soie foulard Gianni Versace &#8220;Atelier Versace&#8221; repr\u00e9sentant la ligne Haute Couture de la Maison. th\u00e8me &#8220;Miami&#8221; datant du d\u00e9but des ann\u00e9es 90. On retrouve des inspirations des collections &#8220;Barocco&#8221; et &#8220;Teatro&#8221;. Imprim\u00e9 floraux et masques chinois multicolore. Le dos est en mousseline de soie. Col mao. Boutons dor\u00e9es impression &#8220;grec et m\u00e9duse&#8221;. Taille 36\/38. Port\u00e9 oversize.<\/p>\n<div class=\"flex max-w-full flex-col grow\">\n<div class=\"min-h-8 text-message relative flex w-full flex-col items-end gap-2 text-start break-words whitespace-normal [.text-message+&amp;]:mt-1\" dir=\"auto\" data-message-author-role=\"assistant\" data-message-id=\"6ae51105-a842-4b17-82ae-3d3967797ecd\" data-message-model-slug=\"gpt-4o\">\n<div class=\"flex w-full flex-col gap-1 empty:hidden first:pt-[1px]\">\n<div class=\"markdown prose dark:prose-invert w-full break-words light markdown-new-styling\">\n<p data-start=\"615\" data-end=\"1212\"><strong data-start=\"615\" data-end=\"641\">Historique du Mod\u00e8le :<\/strong><br data-start=\"641\" data-end=\"644\" \/>Cette pi\u00e8ce s\u2019inscrit dans la collection &#8220;Miami&#8221; des ann\u00e9es 1990, p\u00e9riode o\u00f9 Gianni Versace puise dans l\u2019iconographie baroque, le th\u00e9\u00e2tre asiatique et les arts d\u00e9coratifs pour ses cr\u00e9ations Haute Couture. L\u2019esprit de la collection croise les inspirations de la s\u00e9rie &#8220;Barocco&#8221;, avec ses motifs opulents, et &#8220;Teatro&#8221;, qui explore le costume de sc\u00e8ne et l\u2019expressivit\u00e9 dramatique. &#8220;Atelier Versace&#8221;, ligne couture lanc\u00e9e en 1989, permet au cr\u00e9ateur d\u2019exprimer pleinement son go\u00fbt du spectaculaire \u00e0 travers des pi\u00e8ces uniques aux imprim\u00e9s denses et aux coupes affirm\u00e9es.<\/p>\n<p data-start=\"1214\" data-end=\"1789\"><strong data-start=\"1214\" data-end=\"1238\">D\u00e9tails Ext\u00e9rieurs :<\/strong><br data-start=\"1238\" data-end=\"1241\" \/>Le devant du chemisier, en satin de soie lustr\u00e9, d\u00e9ploie un collage visuel audacieux : chrysanth\u00e8mes, pivoines et autres fleurs en aplats vifs, masques chinois expressifs, personnages stylis\u00e9s, rubans et encadrements baroques. Les teintes \u00e9clatantes \u2014 bleu vif, fuchsia, jaune citron, rouge vermillon \u2014 sont typiques des cr\u00e9ations Versace de cette d\u00e9cennie. Le col mao rigide souligne la verticalit\u00e9 de la coupe, tandis que les poignets et la patte de boutonnage reprennent les codes d\u00e9coratifs de la maison, avec les boutons dor\u00e9s \u00e0 relief m\u00e9duse.<\/p>\n<p data-start=\"1791\" data-end=\"2148\"><strong data-start=\"1791\" data-end=\"1815\">D\u00e9tails Int\u00e9rieurs :<\/strong><br data-start=\"1815\" data-end=\"1818\" \/>Le dos du chemisier est en mousseline de soie l\u00e9g\u00e8re, apportant transparence et contraste avec la face avant plus dense. L\u2019int\u00e9rieur est non doubl\u00e9, conform\u00e9ment aux standards des pi\u00e8ces foulard, laissant le tissu respirer et suivre le mouvement du corps. Les finitions sont nettes, avec ourlets roulott\u00e9s et surpiq\u00fbres discr\u00e8tes.<\/p>\n<p data-start=\"2150\" data-end=\"2437\"><strong data-start=\"2150\" data-end=\"2171\">\u00c9tat du Produit :<\/strong><br data-start=\"2171\" data-end=\"2174\" \/>En tr\u00e8s bon \u00e9tat vintage, sans accroc ni d\u00e9chirure. Les boutons dor\u00e9s sont bien fix\u00e9s et les coutures intactes. L\u2019\u00e9clat des couleurs reste vif, preuve d\u2019un entretien respectueux de la mati\u00e8re.<\/p>\n<p data-start=\"2439\" data-end=\"2728\"><strong data-start=\"2439\" data-end=\"2465\">Conseils d\u2019Entretien :<\/strong><br data-start=\"2465\" data-end=\"2468\" \/>Le nettoyage \u00e0 sec par un professionnel sp\u00e9cialis\u00e9 en soie est indispensable. Il est conseill\u00e9 de ranger la chemise \u00e0 l\u2019abri de la lumi\u00e8re directe pour pr\u00e9server les pigments, sur un cintre rembourr\u00e9 pour \u00e9viter toute tension sur les coutures de la mousseline.<\/p>\n<p data-start=\"2730\" data-end=\"3229\" data-is-last-node=\"\" data-is-only-node=\"\"><strong data-start=\"2730\" data-end=\"2763\">Pourquoi Choisir ce Produit :<\/strong><br data-start=\"2763\" data-end=\"2766\" \/>Ce chemisier &#8220;Atelier Versace&#8221; est bien plus qu\u2019un v\u00eatement : il constitue un t\u00e9moignage de l\u2019extravagance et de l\u2019avant-gardisme des ann\u00e9es 1990 sous l\u2019impulsion de Gianni Versace. Chaque motif, chaque d\u00e9tail incarne un pan de l\u2019histoire de la mode et du dialogue entre cultures que le cr\u00e9ateur a su orchestrer. Rare sur le march\u00e9 vintage, cette pi\u00e8ce Haute Couture s\u00e9duira les collectionneurs comme les amateurs de v\u00eatements iconiques \u00e0 forte identit\u00e9 visuelle.<\/p>\n<\/div>\n<\/div>\n<\/div>\n<\/div>\n","protected":false},"excerpt":{"rendered":"<p>Chemisier en soie foulard Gianni Versace &#8220;Atelier Versace&#8221; repr\u00e9sentant la ligne Haute Couture de la Maison. th\u00e8me &#8220;Miami&#8221; datant du d\u00e9but des ann\u00e9es 90. On retrouve des inspirations des collections &#8220;Barocco&#8221; et &#8220;Teatro&#8221;. Imprim\u00e9 floraux et masques chinois multicolore. Le dos est en mousseline de soie. Col mao. Boutons dor\u00e9es impression &#8220;grec et m\u00e9duse&#8221;. Taille [&hellip;]<\/p>\n","protected":false},"featured_media":3741713,"comment_status":"open","ping_status":"closed","template":"","meta":[],"product_brand":[],"product_cat":[],"product_tag":[],"acf":[],"_links":{"self":[{"href":"https:\/\/streetmarkets.fr\/app\/wp-json\/wp\/v2\/product\/3741712"}],"collection":[{"href":"https:\/\/streetmarkets.fr\/app\/wp-json\/wp\/v2\/product"}],"about":[{"href":"https:\/\/streetmarkets.fr\/app\/wp-json\/wp\/v2\/types\/product"}],"replies":[{"embeddable":true,"href":"https:\/\/streetmarkets.fr\/app\/wp-json\/wp\/v2\/comments?post=3741712"}],"wp:featuredmedia":[{"embeddable":true,"href":"https:\/\/streetmarkets.fr\/app\/wp-json\/wp\/v2\/media\/3741713"}],"wp:attachment":[{"href":"https:\/\/streetmarkets.fr\/app\/wp-json\/wp\/v2\/media?parent=3741712"}],"wp:term":[{"taxonomy":"product_brand","embeddable":true,"href":"https:\/\/streetmarkets.fr\/app\/wp-json\/wp\/v2\/product_brand?post=3741712"},{"taxonomy":"product_cat","embeddable":true,"href":"https:\/\/streetmarkets.fr\/app\/wp-json\/wp\/v2\/product_cat?post=3741712"},{"taxonomy":"product_tag","embeddable":true,"href":"https:\/\/streetmarkets.fr\/app\/wp-json\/wp\/v2\/product_tag?post=3741712"}],"curies":[{"name":"wp","href":"https:\/\/api.w.org\/{rel}","templated":true}]}}