{"id":3741708,"date":"2026-03-08T06:33:23","date_gmt":"2026-03-08T05:33:23","guid":{"rendered":"https:\/\/streetmarkets.fr\/app\/produit\/chemise-en-soie-imprimee-gianni-versace\/"},"modified":"2026-05-12T07:32:57","modified_gmt":"2026-05-12T05:32:57","slug":"chemise-en-soie-imprimee-gianni-versace","status":"publish","type":"product","link":"https:\/\/streetmarkets.fr\/app\/produit\/chemise-en-soie-imprimee-gianni-versace\/","title":{"rendered":"Chemise en soie imprim\u00e9e Gianni Versace"},"content":{"rendered":"<p>Chemisier en soie foulard Gianni Versace &#8220;Atelier Versace&#8221; repr\u00e9sentant la ligne Haute Couture de la Maison. Th\u00e8me &#8220;Teatro&#8221; qui s&#8217;inspire de sa collaboration pour les ballets de Maurice B\u00e9jart datant du d\u00e9but des ann\u00e9es 90. Port\u00e9 oversize. Boutonnage cach\u00e9 \u00e0 l&#8217;avant. Boutons bijoux. La pi\u00e8ce centrale du bouton de la manche droite est manquante et sur celle de gauche, il manque la finition dor\u00e9e.<\/p>\n<div class=\"flex flex-col text-sm\">\n<article class=\"text-token-text-primary w-full focus:outline-none [--shadow-height:45px] has-data-writing-block:pointer-events-none has-data-writing-block:-mt-(--shadow-height) has-data-writing-block:pt-(--shadow-height) [&amp;:has([data-writing-block])&gt;*]:pointer-events-auto scroll-mt-[calc(var(--header-height)+min(200px,max(70px,20svh)))]\" dir=\"auto\" data-turn-id=\"request-WEB:a55aa06d-b708-43eb-88ee-a4b63a2eda36-6\" data-testid=\"conversation-turn-14\" data-scroll-anchor=\"true\" data-turn=\"assistant\">\n<div class=\"text-base my-auto mx-auto pb-10 [--thread-content-margin:--spacing(4)] @w-sm\/main:[--thread-content-margin:--spacing(6)] @w-lg\/main:[--thread-content-margin:--spacing(16)] px-(--thread-content-margin)\">\n<div class=\"[--thread-content-max-width:40rem] @w-lg\/main:[--thread-content-max-width:48rem] mx-auto max-w-(--thread-content-max-width) flex-1 group\/turn-messages focus-visible:outline-hidden relative flex w-full min-w-0 flex-col agent-turn\">\n<div class=\"flex max-w-full flex-col grow\">\n<div class=\"min-h-8 text-message relative flex w-full flex-col items-end gap-2 text-start break-words whitespace-normal [.text-message+&amp;]:mt-1\" dir=\"auto\" data-message-author-role=\"assistant\" data-message-id=\"ec1cd873-e74e-4a07-b456-62e834ff908b\" data-message-model-slug=\"gpt-4o\">\n<div class=\"flex w-full flex-col gap-1 empty:hidden first:pt-[1px]\">\n<div class=\"markdown prose dark:prose-invert w-full break-words light markdown-new-styling\">\n<p data-start=\"612\" data-end=\"1154\"><strong data-start=\"612\" data-end=\"638\">Historique du Mod\u00e8le :<\/strong><br data-start=\"638\" data-end=\"641\" \/>Ce mod\u00e8le est issu du th\u00e8me &#8220;Teatro&#8221;, inspir\u00e9 de la collaboration de Gianni Versace avec Maurice B\u00e9jart pour les costumes de ballets dans les ann\u00e9es 1990. Versace transpose ici l\u2019univers lyrique et sc\u00e9nique dans un v\u00eatement d\u2019inspiration foulard, typique de son approche artistique. L\u2019op\u00e9ra et le th\u00e9\u00e2tre, symboles d\u2019expressivit\u00e9 dramatique, deviennent des sources d\u2019imprim\u00e9s riches en symboles et en r\u00e9f\u00e9rences culturelles, r\u00e9affirmant le lien \u00e9troit entre haute couture et arts vivants dans l\u2019\u0153uvre du cr\u00e9ateur.<\/p>\n<p data-start=\"1156\" data-end=\"1741\"><strong data-start=\"1156\" data-end=\"1180\">D\u00e9tails Ext\u00e9rieurs :<\/strong><br data-start=\"1180\" data-end=\"1183\" \/>Le chemisier pr\u00e9sente un patchwork visuel tr\u00e8s dense, compos\u00e9 d\u2019affiches d\u2019op\u00e9ras historiques sur fond vert anis, rouge, noir ou bleu roi. Violons, partitions, rideaux de sc\u00e8ne, visages stylis\u00e9s et typographies d\u2019\u00e9poque se m\u00ealent dans une composition dynamique. Le col rigide est orn\u00e9 d\u2019un motif graphique noir et blanc, rappelant les frises antiques. Le boutonnage central est dissimul\u00e9, laissant l\u2019imprim\u00e9 intact. Les poignets sont ferm\u00e9s par des boutons bijoux, bien que deux pr\u00e9sentent des d\u00e9fauts : l\u2019un est incomplet, l\u2019autre a perdu sa finition dor\u00e9e.<\/p>\n<p data-start=\"1743\" data-end=\"2046\"><strong data-start=\"1743\" data-end=\"1767\">D\u00e9tails Int\u00e9rieurs :<\/strong><br data-start=\"1767\" data-end=\"1770\" \/>La pi\u00e8ce est non doubl\u00e9e, selon la tradition des chemises foulard en soie. L\u2019\u00e9tiquette int\u00e9rieure &#8220;Gianni Versace \u2013 Atelier Versace&#8221; atteste de son authenticit\u00e9 et de son statut couture. Les coutures sont gans\u00e9es, avec des finitions soign\u00e9es propres aux pi\u00e8ces de haute gamme.<\/p>\n<p data-start=\"2048\" data-end=\"2342\"><strong data-start=\"2048\" data-end=\"2069\">\u00c9tat du Produit :<\/strong><br data-start=\"2069\" data-end=\"2072\" \/>Le chemisier est en tr\u00e8s bon \u00e9tat g\u00e9n\u00e9ral, avec des couleurs vibrantes et une soie encore souple. On note deux petits d\u00e9fauts : la pi\u00e8ce centrale du bouton de manche droite est manquante, et la dorure du bouton gauche est effac\u00e9e. Aucun accroc ni tache majeure n\u2019est visible.<\/p>\n<p data-start=\"2344\" data-end=\"2618\"><strong data-start=\"2344\" data-end=\"2370\">Conseils d\u2019Entretien :<\/strong><br data-start=\"2370\" data-end=\"2373\" \/>Nettoyage \u00e0 sec exclusivement, avec pr\u00e9caution pour pr\u00e9server l\u2019\u00e9clat de la soie imprim\u00e9e. Il est recommand\u00e9 de ranger la pi\u00e8ce \u00e0 plat ou sur cintre rembourr\u00e9 et de prot\u00e9ger les boutons bijoux pour \u00e9viter tout frottement ou perte suppl\u00e9mentaire.<\/p>\n<p data-start=\"2620\" data-end=\"3098\" data-is-last-node=\"\" data-is-only-node=\"\"><strong data-start=\"2620\" data-end=\"2653\">Pourquoi Choisir ce Produit :<\/strong><br data-start=\"2653\" data-end=\"2656\" \/>Ce chemisier <em data-start=\"2669\" data-end=\"2686\">Atelier Versace<\/em> incarne une rare fusion entre haute couture, op\u00e9ra et art graphique. Chaque d\u00e9tail raconte l\u2019esprit des collaborations artistiques de Gianni Versace et son go\u00fbt pour la mise en sc\u00e8ne textile. V\u00e9ritable pi\u00e8ce de collection, ce v\u00eatement attire autant par la richesse de son iconographie que par sa valeur historique, et demeure un t\u00e9moignage puissant du dialogue entre mode et spectacle vivant dans les ann\u00e9es 90.<\/p>\n<\/div>\n<\/div>\n<\/div>\n<\/div>\n<\/div>\n<\/div>\n<\/article>\n<\/div>\n","protected":false},"excerpt":{"rendered":"<p>Chemisier en soie foulard Gianni Versace &#8220;Atelier Versace&#8221; repr\u00e9sentant la ligne Haute Couture de la Maison. Th\u00e8me &#8220;Teatro&#8221; qui s&#8217;inspire de sa collaboration pour les ballets de Maurice B\u00e9jart datant du d\u00e9but des ann\u00e9es 90. Port\u00e9 oversize. Boutonnage cach\u00e9 \u00e0 l&#8217;avant. Boutons bijoux. La pi\u00e8ce centrale du bouton de la manche droite est manquante et [&hellip;]<\/p>\n","protected":false},"featured_media":3741709,"comment_status":"open","ping_status":"closed","template":"","meta":[],"product_brand":[],"product_cat":[],"product_tag":[],"acf":[],"_links":{"self":[{"href":"https:\/\/streetmarkets.fr\/app\/wp-json\/wp\/v2\/product\/3741708"}],"collection":[{"href":"https:\/\/streetmarkets.fr\/app\/wp-json\/wp\/v2\/product"}],"about":[{"href":"https:\/\/streetmarkets.fr\/app\/wp-json\/wp\/v2\/types\/product"}],"replies":[{"embeddable":true,"href":"https:\/\/streetmarkets.fr\/app\/wp-json\/wp\/v2\/comments?post=3741708"}],"wp:featuredmedia":[{"embeddable":true,"href":"https:\/\/streetmarkets.fr\/app\/wp-json\/wp\/v2\/media\/3741709"}],"wp:attachment":[{"href":"https:\/\/streetmarkets.fr\/app\/wp-json\/wp\/v2\/media?parent=3741708"}],"wp:term":[{"taxonomy":"product_brand","embeddable":true,"href":"https:\/\/streetmarkets.fr\/app\/wp-json\/wp\/v2\/product_brand?post=3741708"},{"taxonomy":"product_cat","embeddable":true,"href":"https:\/\/streetmarkets.fr\/app\/wp-json\/wp\/v2\/product_cat?post=3741708"},{"taxonomy":"product_tag","embeddable":true,"href":"https:\/\/streetmarkets.fr\/app\/wp-json\/wp\/v2\/product_tag?post=3741708"}],"curies":[{"name":"wp","href":"https:\/\/api.w.org\/{rel}","templated":true}]}}