{"id":3741693,"date":"2026-03-08T06:33:22","date_gmt":"2026-03-08T05:33:22","guid":{"rendered":"https:\/\/streetmarkets.fr\/app\/produit\/veste-yves-saint-laurent-vintage-rouge-et-or\/"},"modified":"2026-05-10T07:33:10","modified_gmt":"2026-05-10T05:33:10","slug":"veste-yves-saint-laurent-vintage-rouge-et-or","status":"publish","type":"product","link":"https:\/\/streetmarkets.fr\/app\/produit\/veste-yves-saint-laurent-vintage-rouge-et-or\/","title":{"rendered":"Veste Yves Saint Laurent vintage rouge et or"},"content":{"rendered":"<p>Veste en jacquard de la Maison Yves Saint Laurent Variation. Boutons dor\u00e9s. Poches plaqu\u00e9es. Doublure en soie noire.<\/p>\n<p>Etat : bon \u00e9tat (quelques fils tir\u00e9s)<br \/>\nDimensions : Hauteur 67cm, largeur \u00e9paules 40cm, longueur manches 62cm, largeur poitrine 48cm, largeur taille 45cm, largeur bas 48cm.<\/p>\n","protected":false},"excerpt":{"rendered":"<p>Veste en jacquard de la Maison Yves Saint Laurent Variation. Boutons dor\u00e9s. Poches plaqu\u00e9es. Doublure en soie noire. Etat : bon \u00e9tat (quelques fils tir\u00e9s) Dimensions : Hauteur 67cm, largeur \u00e9paules 40cm, longueur manches 62cm, largeur poitrine 48cm, largeur taille 45cm, largeur bas 48cm.<\/p>\n","protected":false},"featured_media":3741694,"comment_status":"open","ping_status":"closed","template":"","meta":[],"product_brand":[],"product_cat":[],"product_tag":[],"acf":[],"_links":{"self":[{"href":"https:\/\/streetmarkets.fr\/app\/wp-json\/wp\/v2\/product\/3741693"}],"collection":[{"href":"https:\/\/streetmarkets.fr\/app\/wp-json\/wp\/v2\/product"}],"about":[{"href":"https:\/\/streetmarkets.fr\/app\/wp-json\/wp\/v2\/types\/product"}],"replies":[{"embeddable":true,"href":"https:\/\/streetmarkets.fr\/app\/wp-json\/wp\/v2\/comments?post=3741693"}],"wp:featuredmedia":[{"embeddable":true,"href":"https:\/\/streetmarkets.fr\/app\/wp-json\/wp\/v2\/media\/3741694"}],"wp:attachment":[{"href":"https:\/\/streetmarkets.fr\/app\/wp-json\/wp\/v2\/media?parent=3741693"}],"wp:term":[{"taxonomy":"product_brand","embeddable":true,"href":"https:\/\/streetmarkets.fr\/app\/wp-json\/wp\/v2\/product_brand?post=3741693"},{"taxonomy":"product_cat","embeddable":true,"href":"https:\/\/streetmarkets.fr\/app\/wp-json\/wp\/v2\/product_cat?post=3741693"},{"taxonomy":"product_tag","embeddable":true,"href":"https:\/\/streetmarkets.fr\/app\/wp-json\/wp\/v2\/product_tag?post=3741693"}],"curies":[{"name":"wp","href":"https:\/\/api.w.org\/{rel}","templated":true}]}}