{"id":3736578,"date":"2026-03-07T02:58:10","date_gmt":"2026-03-07T01:58:10","guid":{"rendered":"https:\/\/streetmarkets.fr\/app\/produit\/single-knee-short\/"},"modified":"2026-05-13T03:55:23","modified_gmt":"2026-05-13T01:55:23","slug":"single-knee-short","status":"publish","type":"product","link":"https:\/\/streetmarkets.fr\/app\/produit\/single-knee-short\/","title":{"rendered":"Single Knee Short"},"content":{"rendered":"<ul class=\"list-inside list-disc\">\n<li><span class=\"first-letter:capitalize font-regular lg:text-t1 text-t1\">100 % coton (Toile Dearborn, 12 oz)<\/span><\/li>\n<li><span class=\"first-letter:capitalize font-regular lg:text-t1 text-t1\">Coupe d\u00e9contract\u00e9e, taille classique<\/span><\/li>\n<li><span class=\"first-letter:capitalize font-regular lg:text-t1 text-t1\">Surpiq\u00fbres<\/span><\/li>\n<li><span class=\"first-letter:capitalize font-regular lg:text-t1 text-t1\">Coutures renforc\u00e9es aux endroits les plus sollicit\u00e9s<\/span><\/li>\n<li><span class=\"first-letter:capitalize font-regular lg:text-t1 text-t1\">Poches \u00e0 outils et boucle marteau<\/span><\/li>\n<li><span class=\"first-letter:capitalize font-regular lg:text-t1 text-t1\">Etiquette carr\u00e9e<\/span><\/li>\n<li>\n<span class=\"first-letter:capitalize font-regular lg:text-t1 text-t1\">Braguette zipp\u00e9e<\/span>\n<\/li>\n<\/ul>\n<p>I027942 &#8211; HZ.02<\/p>\n","protected":false},"excerpt":{"rendered":"<p>100 % coton (Toile Dearborn, 12 oz) Coupe d\u00e9contract\u00e9e, taille classique Surpiq\u00fbres Coutures renforc\u00e9es aux endroits les plus sollicit\u00e9s Poches \u00e0 outils et boucle marteau Etiquette carr\u00e9e Braguette zipp\u00e9e I027942 &#8211; HZ.02<\/p>\n","protected":false},"featured_media":3736579,"comment_status":"open","ping_status":"closed","template":"","meta":[],"product_brand":[],"product_cat":[],"product_tag":[],"acf":[],"_links":{"self":[{"href":"https:\/\/streetmarkets.fr\/app\/wp-json\/wp\/v2\/product\/3736578"}],"collection":[{"href":"https:\/\/streetmarkets.fr\/app\/wp-json\/wp\/v2\/product"}],"about":[{"href":"https:\/\/streetmarkets.fr\/app\/wp-json\/wp\/v2\/types\/product"}],"replies":[{"embeddable":true,"href":"https:\/\/streetmarkets.fr\/app\/wp-json\/wp\/v2\/comments?post=3736578"}],"wp:featuredmedia":[{"embeddable":true,"href":"https:\/\/streetmarkets.fr\/app\/wp-json\/wp\/v2\/media\/3736579"}],"wp:attachment":[{"href":"https:\/\/streetmarkets.fr\/app\/wp-json\/wp\/v2\/media?parent=3736578"}],"wp:term":[{"taxonomy":"product_brand","embeddable":true,"href":"https:\/\/streetmarkets.fr\/app\/wp-json\/wp\/v2\/product_brand?post=3736578"},{"taxonomy":"product_cat","embeddable":true,"href":"https:\/\/streetmarkets.fr\/app\/wp-json\/wp\/v2\/product_cat?post=3736578"},{"taxonomy":"product_tag","embeddable":true,"href":"https:\/\/streetmarkets.fr\/app\/wp-json\/wp\/v2\/product_tag?post=3736578"}],"curies":[{"name":"wp","href":"https:\/\/api.w.org\/{rel}","templated":true}]}}