{"id":3736566,"date":"2026-03-07T02:58:09","date_gmt":"2026-03-07T01:58:09","guid":{"rendered":"https:\/\/streetmarkets.fr\/app\/produit\/single-knee-pant\/"},"modified":"2026-05-10T03:54:22","modified_gmt":"2026-05-10T01:54:22","slug":"single-knee-pant","status":"publish","type":"product","link":"https:\/\/streetmarkets.fr\/app\/produit\/single-knee-pant\/","title":{"rendered":"Single Knee Pant"},"content":{"rendered":"<ul class=\"list-inside list-disc\">\n<li><span class=\"first-letter:capitalize font-regular lg:text-t1 text-t1\">100 % coton (Toile Dearborn, 12 oz)<\/span><\/li>\n<li><span class=\"first-letter:capitalize font-regular lg:text-t1 text-t1\">Coupe droite d\u00e9contract\u00e9e, taille basse<\/span><\/li>\n<li><span class=\"first-letter:capitalize font-regular lg:text-t1 text-t1\">Triple point<\/span><\/li>\n<li><span class=\"first-letter:capitalize font-regular lg:text-t1 text-t1\">Points bartack aux zones de tension essentiels<\/span><\/li>\n<li><span class=\"first-letter:capitalize font-regular lg:text-t1 text-t1\">Braguette zipp\u00e9e<\/span><\/li>\n<li><span class=\"first-letter:capitalize font-regular lg:text-t1 text-t1\">\u00c9tiquette carr\u00e9e<\/span><\/li>\n<\/ul>\n<p>I034798 &#8211; HZ.4O.32<\/p>\n","protected":false},"excerpt":{"rendered":"<p>100 % coton (Toile Dearborn, 12 oz) Coupe droite d\u00e9contract\u00e9e, taille basse Triple point Points bartack aux zones de tension essentiels Braguette zipp\u00e9e \u00c9tiquette carr\u00e9e I034798 &#8211; HZ.4O.32<\/p>\n","protected":false},"featured_media":3736567,"comment_status":"open","ping_status":"closed","template":"","meta":[],"product_brand":[],"product_cat":[],"product_tag":[],"acf":[],"_links":{"self":[{"href":"https:\/\/streetmarkets.fr\/app\/wp-json\/wp\/v2\/product\/3736566"}],"collection":[{"href":"https:\/\/streetmarkets.fr\/app\/wp-json\/wp\/v2\/product"}],"about":[{"href":"https:\/\/streetmarkets.fr\/app\/wp-json\/wp\/v2\/types\/product"}],"replies":[{"embeddable":true,"href":"https:\/\/streetmarkets.fr\/app\/wp-json\/wp\/v2\/comments?post=3736566"}],"wp:featuredmedia":[{"embeddable":true,"href":"https:\/\/streetmarkets.fr\/app\/wp-json\/wp\/v2\/media\/3736567"}],"wp:attachment":[{"href":"https:\/\/streetmarkets.fr\/app\/wp-json\/wp\/v2\/media?parent=3736566"}],"wp:term":[{"taxonomy":"product_brand","embeddable":true,"href":"https:\/\/streetmarkets.fr\/app\/wp-json\/wp\/v2\/product_brand?post=3736566"},{"taxonomy":"product_cat","embeddable":true,"href":"https:\/\/streetmarkets.fr\/app\/wp-json\/wp\/v2\/product_cat?post=3736566"},{"taxonomy":"product_tag","embeddable":true,"href":"https:\/\/streetmarkets.fr\/app\/wp-json\/wp\/v2\/product_tag?post=3736566"}],"curies":[{"name":"wp","href":"https:\/\/api.w.org\/{rel}","templated":true}]}}