{"id":3736487,"date":"2026-03-07T02:58:01","date_gmt":"2026-03-07T01:58:01","guid":{"rendered":"https:\/\/streetmarkets.fr\/app\/produit\/half-zip-detroit-sweatshirt\/"},"modified":"2026-05-17T03:54:42","modified_gmt":"2026-05-17T01:54:42","slug":"half-zip-detroit-sweatshirt","status":"publish","type":"product","link":"https:\/\/streetmarkets.fr\/app\/produit\/half-zip-detroit-sweatshirt\/","title":{"rendered":"Half Zip Detroit Sweatshirt"},"content":{"rendered":"<ul>\n<li>\n <span>Jersey de coton \u00e9pais bross\u00e9 d\u00e9lav\u00e9<\/span>\n<\/li>\n<li><span>Col zipp\u00e9<\/span><\/li>\n<li><span>Poche poitrine. <\/span><\/li>\n<li><span>Square Label\u00a0<\/span><\/li>\n<\/ul>\n<p>100% coton<\/p>\n<p>Fabriqu\u00e9 au Bangladesh\u00a0<\/p>\n<p>I036350 9<\/p>\n","protected":false},"excerpt":{"rendered":"<p>Jersey de coton \u00e9pais bross\u00e9 d\u00e9lav\u00e9 Col zipp\u00e9 Poche poitrine. Square Label\u00a0 100% coton Fabriqu\u00e9 au Bangladesh\u00a0 I036350 9<\/p>\n","protected":false},"featured_media":3736488,"comment_status":"open","ping_status":"closed","template":"","meta":[],"product_brand":[],"product_cat":[],"product_tag":[],"acf":[],"_links":{"self":[{"href":"https:\/\/streetmarkets.fr\/app\/wp-json\/wp\/v2\/product\/3736487"}],"collection":[{"href":"https:\/\/streetmarkets.fr\/app\/wp-json\/wp\/v2\/product"}],"about":[{"href":"https:\/\/streetmarkets.fr\/app\/wp-json\/wp\/v2\/types\/product"}],"replies":[{"embeddable":true,"href":"https:\/\/streetmarkets.fr\/app\/wp-json\/wp\/v2\/comments?post=3736487"}],"wp:featuredmedia":[{"embeddable":true,"href":"https:\/\/streetmarkets.fr\/app\/wp-json\/wp\/v2\/media\/3736488"}],"wp:attachment":[{"href":"https:\/\/streetmarkets.fr\/app\/wp-json\/wp\/v2\/media?parent=3736487"}],"wp:term":[{"taxonomy":"product_brand","embeddable":true,"href":"https:\/\/streetmarkets.fr\/app\/wp-json\/wp\/v2\/product_brand?post=3736487"},{"taxonomy":"product_cat","embeddable":true,"href":"https:\/\/streetmarkets.fr\/app\/wp-json\/wp\/v2\/product_cat?post=3736487"},{"taxonomy":"product_tag","embeddable":true,"href":"https:\/\/streetmarkets.fr\/app\/wp-json\/wp\/v2\/product_tag?post=3736487"}],"curies":[{"name":"wp","href":"https:\/\/api.w.org\/{rel}","templated":true}]}}