{"id":3736442,"date":"2026-03-07T01:44:15","date_gmt":"2026-03-07T00:44:15","guid":{"rendered":"https:\/\/streetmarkets.fr\/app\/produit\/sabots-marrow-leather-251-w-white\/"},"modified":"2026-05-17T02:48:27","modified_gmt":"2026-05-17T00:48:27","slug":"sabots-marrow-leather-251-w-white","status":"publish","type":"product","link":"https:\/\/streetmarkets.fr\/app\/produit\/sabots-marrow-leather-251-w-white\/","title":{"rendered":"Sabots Marrow en Cuir (251 \/ W \/ WHITE)"},"content":{"rendered":"<p>Les sabots artisanaux en cuir Marrow de Bosabo sont dot\u00e9s d&#8217;une tige en cuir \u00e0 poils avec une bride r\u00e9glable, d&#8217;une doublure en daim et d&#8217;une semelle int\u00e9rieure en li\u00e8ge.<\/p>\n<ul>\n<li>Taille normalement<\/li>\n<li>Con\u00e7u en exclusivit\u00e9 pour Bellerose<\/li>\n<li>Hauteur du talon\u00a0: 3 cm<\/li>\n<li>Mod\u00e8le\u00a0: 230-288 BR\/030 <\/li>\n<li>Couleur\u00a0: Poils Marrow Blanc<\/li>\n<\/ul>\n","protected":false},"excerpt":{"rendered":"<p>Les sabots artisanaux en cuir Marrow de Bosabo sont dot\u00e9s d&#8217;une tige en cuir \u00e0 poils avec une bride r\u00e9glable, d&#8217;une doublure en daim et d&#8217;une semelle int\u00e9rieure en li\u00e8ge. Taille normalement Con\u00e7u en exclusivit\u00e9 pour Bellerose Hauteur du talon\u00a0: 3 cm Mod\u00e8le\u00a0: 230-288 BR\/030 Couleur\u00a0: Poils Marrow Blanc<\/p>\n","protected":false},"featured_media":4151566,"comment_status":"open","ping_status":"closed","template":"","meta":[],"product_brand":[],"product_cat":[],"product_tag":[],"acf":[],"_links":{"self":[{"href":"https:\/\/streetmarkets.fr\/app\/wp-json\/wp\/v2\/product\/3736442"}],"collection":[{"href":"https:\/\/streetmarkets.fr\/app\/wp-json\/wp\/v2\/product"}],"about":[{"href":"https:\/\/streetmarkets.fr\/app\/wp-json\/wp\/v2\/types\/product"}],"replies":[{"embeddable":true,"href":"https:\/\/streetmarkets.fr\/app\/wp-json\/wp\/v2\/comments?post=3736442"}],"wp:featuredmedia":[{"embeddable":true,"href":"https:\/\/streetmarkets.fr\/app\/wp-json\/wp\/v2\/media\/4151566"}],"wp:attachment":[{"href":"https:\/\/streetmarkets.fr\/app\/wp-json\/wp\/v2\/media?parent=3736442"}],"wp:term":[{"taxonomy":"product_brand","embeddable":true,"href":"https:\/\/streetmarkets.fr\/app\/wp-json\/wp\/v2\/product_brand?post=3736442"},{"taxonomy":"product_cat","embeddable":true,"href":"https:\/\/streetmarkets.fr\/app\/wp-json\/wp\/v2\/product_cat?post=3736442"},{"taxonomy":"product_tag","embeddable":true,"href":"https:\/\/streetmarkets.fr\/app\/wp-json\/wp\/v2\/product_tag?post=3736442"}],"curies":[{"name":"wp","href":"https:\/\/api.w.org\/{rel}","templated":true}]}}