{"id":3736391,"date":"2026-03-07T01:44:12","date_gmt":"2026-03-07T00:44:12","guid":{"rendered":"https:\/\/streetmarkets.fr\/app\/produit\/boston-suede-pour-hommes-251-m-kaki\/"},"modified":"2026-05-13T02:45:26","modified_gmt":"2026-05-13T00:45:26","slug":"boston-suede-pour-hommes-251-m-kaki","status":"publish","type":"product","link":"https:\/\/streetmarkets.fr\/app\/produit\/boston-suede-pour-hommes-251-m-kaki\/","title":{"rendered":"Boston en Daim pour Homme (251 \/ M \/ KAKI)"},"content":{"rendered":"<p>Les sabots Boston en daim de Birkenstock sont dot\u00e9s d&#8217;une tige en daim souple, d&#8217;une bride r\u00e9glable avec boucle \u00e0 ardillon en m\u00e9tal, d&#8217;une doublure en daim, d&#8217;un lit de pied en li\u00e8ge et d&#8217;une semelle ext\u00e9rieure en caoutchouc et EVA.<\/p>\n<ul>\n<li>Chaussant \u00e9troit<\/li>\n<li>Mod\u00e8le\u00a0: 1025844<\/li>\n<li>Couleur\u00a0: Kaki d\u00e9lav\u00e9<\/li>\n<\/ul>\n","protected":false},"excerpt":{"rendered":"<p>Les sabots Boston en daim de Birkenstock sont dot\u00e9s d&#8217;une tige en daim souple, d&#8217;une bride r\u00e9glable avec boucle \u00e0 ardillon en m\u00e9tal, d&#8217;une doublure en daim, d&#8217;un lit de pied en li\u00e8ge et d&#8217;une semelle ext\u00e9rieure en caoutchouc et EVA. Chaussant \u00e9troit Mod\u00e8le\u00a0: 1025844 Couleur\u00a0: Kaki d\u00e9lav\u00e9<\/p>\n","protected":false},"featured_media":4130545,"comment_status":"open","ping_status":"closed","template":"","meta":[],"product_brand":[],"product_cat":[],"product_tag":[],"acf":[],"_links":{"self":[{"href":"https:\/\/streetmarkets.fr\/app\/wp-json\/wp\/v2\/product\/3736391"}],"collection":[{"href":"https:\/\/streetmarkets.fr\/app\/wp-json\/wp\/v2\/product"}],"about":[{"href":"https:\/\/streetmarkets.fr\/app\/wp-json\/wp\/v2\/types\/product"}],"replies":[{"embeddable":true,"href":"https:\/\/streetmarkets.fr\/app\/wp-json\/wp\/v2\/comments?post=3736391"}],"wp:featuredmedia":[{"embeddable":true,"href":"https:\/\/streetmarkets.fr\/app\/wp-json\/wp\/v2\/media\/4130545"}],"wp:attachment":[{"href":"https:\/\/streetmarkets.fr\/app\/wp-json\/wp\/v2\/media?parent=3736391"}],"wp:term":[{"taxonomy":"product_brand","embeddable":true,"href":"https:\/\/streetmarkets.fr\/app\/wp-json\/wp\/v2\/product_brand?post=3736391"},{"taxonomy":"product_cat","embeddable":true,"href":"https:\/\/streetmarkets.fr\/app\/wp-json\/wp\/v2\/product_cat?post=3736391"},{"taxonomy":"product_tag","embeddable":true,"href":"https:\/\/streetmarkets.fr\/app\/wp-json\/wp\/v2\/product_tag?post=3736391"}],"curies":[{"name":"wp","href":"https:\/\/api.w.org\/{rel}","templated":true}]}}