{"id":3736347,"date":"2026-03-07T01:44:09","date_gmt":"2026-03-07T00:44:09","guid":{"rendered":"https:\/\/streetmarkets.fr\/app\/produit\/arizona-soft-footbed-pour-femmes-242-w-light-brown\/"},"modified":"2026-05-13T02:45:25","modified_gmt":"2026-05-13T00:45:25","slug":"arizona-soft-footbed-pour-femmes-242-w-light-brown","status":"publish","type":"product","link":"https:\/\/streetmarkets.fr\/app\/produit\/arizona-soft-footbed-pour-femmes-242-w-light-brown\/","title":{"rendered":"Arizona Lit de Pied Souple pour Femme (242 \/ W \/ LIGHT BROWN)"},"content":{"rendered":"<p>La sandale Birkenstock Arizona Soft Footbed \u00e9pouse votre pied avec une tige et une semelle int\u00e9rieure en cuir velours souple, un lit de pied anatomique embl\u00e9matique et des boucles \u00e0 ardillon en m\u00e9tal.<\/p>\n<ul>\n<li>Style\u00a0: 1009527<\/li>\n<li>Couleur\u00a0: Mink<\/li>\n<\/ul>\n","protected":false},"excerpt":{"rendered":"<p>La sandale Birkenstock Arizona Soft Footbed \u00e9pouse votre pied avec une tige et une semelle int\u00e9rieure en cuir velours souple, un lit de pied anatomique embl\u00e9matique et des boucles \u00e0 ardillon en m\u00e9tal. Style\u00a0: 1009527 Couleur\u00a0: Mink<\/p>\n","protected":false},"featured_media":4130524,"comment_status":"open","ping_status":"closed","template":"","meta":[],"product_brand":[],"product_cat":[],"product_tag":[],"acf":[],"_links":{"self":[{"href":"https:\/\/streetmarkets.fr\/app\/wp-json\/wp\/v2\/product\/3736347"}],"collection":[{"href":"https:\/\/streetmarkets.fr\/app\/wp-json\/wp\/v2\/product"}],"about":[{"href":"https:\/\/streetmarkets.fr\/app\/wp-json\/wp\/v2\/types\/product"}],"replies":[{"embeddable":true,"href":"https:\/\/streetmarkets.fr\/app\/wp-json\/wp\/v2\/comments?post=3736347"}],"wp:featuredmedia":[{"embeddable":true,"href":"https:\/\/streetmarkets.fr\/app\/wp-json\/wp\/v2\/media\/4130524"}],"wp:attachment":[{"href":"https:\/\/streetmarkets.fr\/app\/wp-json\/wp\/v2\/media?parent=3736347"}],"wp:term":[{"taxonomy":"product_brand","embeddable":true,"href":"https:\/\/streetmarkets.fr\/app\/wp-json\/wp\/v2\/product_brand?post=3736347"},{"taxonomy":"product_cat","embeddable":true,"href":"https:\/\/streetmarkets.fr\/app\/wp-json\/wp\/v2\/product_cat?post=3736347"},{"taxonomy":"product_tag","embeddable":true,"href":"https:\/\/streetmarkets.fr\/app\/wp-json\/wp\/v2\/product_tag?post=3736347"}],"curies":[{"name":"wp","href":"https:\/\/api.w.org\/{rel}","templated":true}]}}