{"id":3736287,"date":"2026-03-07T01:44:04","date_gmt":"2026-03-07T00:44:04","guid":{"rendered":"https:\/\/streetmarkets.fr\/app\/produit\/740-pour-femmes-251-w-white\/"},"modified":"2026-05-16T02:46:54","modified_gmt":"2026-05-16T00:46:54","slug":"740-pour-femmes-251-w-white","status":"publish","type":"product","link":"https:\/\/streetmarkets.fr\/app\/produit\/740-pour-femmes-251-w-white\/","title":{"rendered":"740 pour Femme (251 \/ W \/ WHITE)"},"content":{"rendered":"<p>La basket de running New Balance 740 pr\u00e9sente une empeigne en mesh respirant avec des empi\u00e8cements synth\u00e9tiques, une semelle interm\u00e9diaire segment\u00e9e et une silhouette \u00e9pur\u00e9e.<\/p>\n<ul>\n<li>Pointures unisexes\u00a0: pour un maintien ajust\u00e9, prenez une pointure en dessous. Pour un maintien plus ample, prenez une pointure au-dessus.<\/li>\n<li>Mod\u00e8le\u00a0: U740WM2<\/li>\n<li>Coloris\u00a0: Blanc avec argent m\u00e9tallis\u00e9 et r\u00e9flexion<\/li>\n<\/ul>\n","protected":false},"excerpt":{"rendered":"<p>La basket de running New Balance 740 pr\u00e9sente une empeigne en mesh respirant avec des empi\u00e8cements synth\u00e9tiques, une semelle interm\u00e9diaire segment\u00e9e et une silhouette \u00e9pur\u00e9e. Pointures unisexes\u00a0: pour un maintien ajust\u00e9, prenez une pointure en dessous. Pour un maintien plus ample, prenez une pointure au-dessus. Mod\u00e8le\u00a0: U740WM2 Coloris\u00a0: Blanc avec argent m\u00e9tallis\u00e9 et r\u00e9flexion<\/p>\n","protected":false},"featured_media":4146493,"comment_status":"open","ping_status":"closed","template":"","meta":[],"product_brand":[7132],"product_cat":[],"product_tag":[],"acf":[],"_links":{"self":[{"href":"https:\/\/streetmarkets.fr\/app\/wp-json\/wp\/v2\/product\/3736287"}],"collection":[{"href":"https:\/\/streetmarkets.fr\/app\/wp-json\/wp\/v2\/product"}],"about":[{"href":"https:\/\/streetmarkets.fr\/app\/wp-json\/wp\/v2\/types\/product"}],"replies":[{"embeddable":true,"href":"https:\/\/streetmarkets.fr\/app\/wp-json\/wp\/v2\/comments?post=3736287"}],"wp:featuredmedia":[{"embeddable":true,"href":"https:\/\/streetmarkets.fr\/app\/wp-json\/wp\/v2\/media\/4146493"}],"wp:attachment":[{"href":"https:\/\/streetmarkets.fr\/app\/wp-json\/wp\/v2\/media?parent=3736287"}],"wp:term":[{"taxonomy":"product_brand","embeddable":true,"href":"https:\/\/streetmarkets.fr\/app\/wp-json\/wp\/v2\/product_brand?post=3736287"},{"taxonomy":"product_cat","embeddable":true,"href":"https:\/\/streetmarkets.fr\/app\/wp-json\/wp\/v2\/product_cat?post=3736287"},{"taxonomy":"product_tag","embeddable":true,"href":"https:\/\/streetmarkets.fr\/app\/wp-json\/wp\/v2\/product_tag?post=3736287"}],"curies":[{"name":"wp","href":"https:\/\/api.w.org\/{rel}","templated":true}]}}