{"id":3736259,"date":"2026-03-07T01:44:01","date_gmt":"2026-03-07T00:44:01","guid":{"rendered":"https:\/\/streetmarkets.fr\/app\/produit\/v-90-o-t-leather-pour-hommes-242-m-green\/"},"modified":"2026-05-11T02:54:58","modified_gmt":"2026-05-11T00:54:58","slug":"v-90-o-t-leather-pour-hommes-242-m-green","status":"publish","type":"product","link":"https:\/\/streetmarkets.fr\/app\/produit\/v-90-o-t-leather-pour-hommes-242-m-green\/","title":{"rendered":"V-90 O.T. Leather pour Homme (242 \/ M \/ GREEN)"},"content":{"rendered":"<p>Les sneakers Veja V-90 sont dot\u00e9es d&#8217;une tige en cuir Organically Traced avec des empi\u00e8cements en su\u00e8de, d&#8217;un col de cheville rembourr\u00e9 et d&#8217;une semelle ext\u00e9rieure en caoutchouc d&#8217;Amazonie.<\/p>\n<ul>\n<li>Taille normalement<\/li>\n<li>Mod\u00e8le\u00a0: VD2003384<\/li>\n<li>Couleur\u00a0: Blanc Cyprus<\/li>\n<\/ul>\n","protected":false},"excerpt":{"rendered":"<p>Les sneakers Veja V-90 sont dot\u00e9es d&#8217;une tige en cuir Organically Traced avec des empi\u00e8cements en su\u00e8de, d&#8217;un col de cheville rembourr\u00e9 et d&#8217;une semelle ext\u00e9rieure en caoutchouc d&#8217;Amazonie. Taille normalement Mod\u00e8le\u00a0: VD2003384 Couleur\u00a0: Blanc Cyprus<\/p>\n","protected":false},"featured_media":4119018,"comment_status":"open","ping_status":"closed","template":"","meta":[],"product_brand":[2528],"product_cat":[],"product_tag":[],"acf":[],"_links":{"self":[{"href":"https:\/\/streetmarkets.fr\/app\/wp-json\/wp\/v2\/product\/3736259"}],"collection":[{"href":"https:\/\/streetmarkets.fr\/app\/wp-json\/wp\/v2\/product"}],"about":[{"href":"https:\/\/streetmarkets.fr\/app\/wp-json\/wp\/v2\/types\/product"}],"replies":[{"embeddable":true,"href":"https:\/\/streetmarkets.fr\/app\/wp-json\/wp\/v2\/comments?post=3736259"}],"wp:featuredmedia":[{"embeddable":true,"href":"https:\/\/streetmarkets.fr\/app\/wp-json\/wp\/v2\/media\/4119018"}],"wp:attachment":[{"href":"https:\/\/streetmarkets.fr\/app\/wp-json\/wp\/v2\/media?parent=3736259"}],"wp:term":[{"taxonomy":"product_brand","embeddable":true,"href":"https:\/\/streetmarkets.fr\/app\/wp-json\/wp\/v2\/product_brand?post=3736259"},{"taxonomy":"product_cat","embeddable":true,"href":"https:\/\/streetmarkets.fr\/app\/wp-json\/wp\/v2\/product_cat?post=3736259"},{"taxonomy":"product_tag","embeddable":true,"href":"https:\/\/streetmarkets.fr\/app\/wp-json\/wp\/v2\/product_tag?post=3736259"}],"curies":[{"name":"wp","href":"https:\/\/api.w.org\/{rel}","templated":true}]}}