{"id":3730867,"date":"2026-03-07T01:04:54","date_gmt":"2026-03-07T00:04:54","guid":{"rendered":"https:\/\/streetmarkets.fr\/app\/produit\/nouveau-bellepiece-blouse-leone-light-pink\/"},"modified":"2026-05-02T02:04:52","modified_gmt":"2026-05-02T00:04:52","slug":"nouveau-bellepiece-blouse-leone-light-pink","status":"publish","type":"product","link":"https:\/\/streetmarkets.fr\/app\/produit\/nouveau-bellepiece-blouse-leone-light-pink\/","title":{"rendered":"Nouveau ! BELLEPIECE Blouse Leone Light Pink"},"content":{"rendered":"<p data-rte-preserve-empty=\"true\">Blouse en coton ray\u00e9, coupe ample, boutonn\u00e9e sur toute la hauteur, manches trois quarts resserr\u00e9es, emmanchure large, petit col et poche plaqu\u00e9e devant. <\/p>\n<p data-rte-preserve-empty=\"true\">D\u00e9tail : 100% coton <\/p>\n","protected":false},"excerpt":{"rendered":"<p>Blouse en coton ray\u00e9, coupe ample, boutonn\u00e9e sur toute la hauteur, manches trois quarts resserr\u00e9es, emmanchure large, petit col et poche plaqu\u00e9e devant. D\u00e9tail : 100% coton<\/p>\n","protected":false},"featured_media":3730868,"comment_status":"open","ping_status":"closed","template":"","meta":[],"product_brand":[],"product_cat":[],"product_tag":[],"acf":[],"_links":{"self":[{"href":"https:\/\/streetmarkets.fr\/app\/wp-json\/wp\/v2\/product\/3730867"}],"collection":[{"href":"https:\/\/streetmarkets.fr\/app\/wp-json\/wp\/v2\/product"}],"about":[{"href":"https:\/\/streetmarkets.fr\/app\/wp-json\/wp\/v2\/types\/product"}],"replies":[{"embeddable":true,"href":"https:\/\/streetmarkets.fr\/app\/wp-json\/wp\/v2\/comments?post=3730867"}],"wp:featuredmedia":[{"embeddable":true,"href":"https:\/\/streetmarkets.fr\/app\/wp-json\/wp\/v2\/media\/3730868"}],"wp:attachment":[{"href":"https:\/\/streetmarkets.fr\/app\/wp-json\/wp\/v2\/media?parent=3730867"}],"wp:term":[{"taxonomy":"product_brand","embeddable":true,"href":"https:\/\/streetmarkets.fr\/app\/wp-json\/wp\/v2\/product_brand?post=3730867"},{"taxonomy":"product_cat","embeddable":true,"href":"https:\/\/streetmarkets.fr\/app\/wp-json\/wp\/v2\/product_cat?post=3730867"},{"taxonomy":"product_tag","embeddable":true,"href":"https:\/\/streetmarkets.fr\/app\/wp-json\/wp\/v2\/product_tag?post=3730867"}],"curies":[{"name":"wp","href":"https:\/\/api.w.org\/{rel}","templated":true}]}}