{"id":3730514,"date":"2026-03-07T00:20:15","date_gmt":"2026-03-06T23:20:15","guid":{"rendered":"https:\/\/streetmarkets.fr\/app\/produit\/sac-banane-custine-xl-printemps-2026\/"},"modified":"2026-05-11T01:17:55","modified_gmt":"2026-05-10T23:17:55","slug":"sac-banane-custine-xl-printemps-2026","status":"publish","type":"product","link":"https:\/\/streetmarkets.fr\/app\/produit\/sac-banane-custine-xl-printemps-2026\/","title":{"rendered":"Sac Banane Custine XL &#8211; Printemps 2026"},"content":{"rendered":"<p class=\"p1\"><a href=\"\/collections\/rive-droite-paris\" title=\"Collection Rive Droite Paris\"><strong>Collection Rive Droite Paris<\/strong><\/a><\/p>\n<div style=\"text-align: left\">\n<p>L&#8217;iconique sac Custine XL <span>s\u2019habille cette saison d&#8217;un serg\u00e9 de coton recycl\u00e9 et organique et se pare de rayures color\u00e9es pour une allure athl\u00e9tique chic.<\/span><\/p>\n<p>On l&#8217;adore pour son c\u00f4t\u00e9 pratique et sa anse ajustable. Son compartiment principal peut accueillir tous les objets essentiels de la vie quotidienne.<\/p>\n<p>Sa doublure int\u00e9rieure noire, rouge ou verte est confectionn\u00e9e \u00e0 partir de surstock de l&#8217;industrie textile. Elle se ferme par un zip YKK<span aria-label=\"\u00ae\" role=\"img\">\u00ae<\/span><span>\u00a0<\/span>argent\u00e9.<\/p>\n<\/div>\n<ul>\n<li style=\"list-style-type: none\">\n<ul>\n<li>\n<strong>Composition<\/strong><span>\u00a0<\/span>:<span> Canva de coton recycl\u00e9 &#8211; 50% Coton recycl\u00e9 &amp; 50% Coton organique.<\/span>\n<\/li>\n<li>\n<strong>Emballage : <\/strong>Ce produit est emball\u00e9 avec soin dans un pochon en coton r\u00e9utilisable avec un lien coulissant.<\/li>\n<li>\n<strong>Doublure<\/strong><span>\u00a0<\/span>:  <span>100% polycoton upcycl\u00e9 issus de fin de stock de tissus de l&#8217;industrie textile &#8211; Noire, Rouge ou Verte.<\/span>\n<\/li>\n<li>\n<strong>Dimensions<\/strong><span>\u00a0<\/span><span>:\u00a0\u00a0L32 x H24 x P7cm. Tour de taille maximum 112cm. Tour de taille minimum 62cm.<\/span>\n<\/li>\n<li><span><strong>Capacit\u00e9<\/strong> : 2 L.<\/span><\/li>\n<li>\n<strong>Conseils d&#8217;entretien<\/strong><span>\u00a0<\/span><span>: Lavage seul en machine \u00e0 froid, programme fragile. Repasser sur l&#8217;envers.<\/span><strong style=\"font-family: -apple-system, BlinkMacSystemFont, 'San Francisco', 'Segoe UI', Roboto, 'Helvetica Neue', sans-serif;font-size: 0.875rem\"><\/strong>\n<\/li>\n<\/ul>\n<\/li>\n<\/ul>\n","protected":false},"excerpt":{"rendered":"<p>Collection Rive Droite Paris L&#8217;iconique sac Custine XL s\u2019habille cette saison d&#8217;un serg\u00e9 de coton recycl\u00e9 et organique et se pare de rayures color\u00e9es pour une allure athl\u00e9tique chic. On l&#8217;adore pour son c\u00f4t\u00e9 pratique et sa anse ajustable. Son compartiment principal peut accueillir tous les objets essentiels de la vie quotidienne. Sa doublure int\u00e9rieure [&hellip;]<\/p>\n","protected":false},"featured_media":3730515,"comment_status":"open","ping_status":"closed","template":"","meta":[],"product_brand":[],"product_cat":[],"product_tag":[],"acf":[],"_links":{"self":[{"href":"https:\/\/streetmarkets.fr\/app\/wp-json\/wp\/v2\/product\/3730514"}],"collection":[{"href":"https:\/\/streetmarkets.fr\/app\/wp-json\/wp\/v2\/product"}],"about":[{"href":"https:\/\/streetmarkets.fr\/app\/wp-json\/wp\/v2\/types\/product"}],"replies":[{"embeddable":true,"href":"https:\/\/streetmarkets.fr\/app\/wp-json\/wp\/v2\/comments?post=3730514"}],"wp:featuredmedia":[{"embeddable":true,"href":"https:\/\/streetmarkets.fr\/app\/wp-json\/wp\/v2\/media\/3730515"}],"wp:attachment":[{"href":"https:\/\/streetmarkets.fr\/app\/wp-json\/wp\/v2\/media?parent=3730514"}],"wp:term":[{"taxonomy":"product_brand","embeddable":true,"href":"https:\/\/streetmarkets.fr\/app\/wp-json\/wp\/v2\/product_brand?post=3730514"},{"taxonomy":"product_cat","embeddable":true,"href":"https:\/\/streetmarkets.fr\/app\/wp-json\/wp\/v2\/product_cat?post=3730514"},{"taxonomy":"product_tag","embeddable":true,"href":"https:\/\/streetmarkets.fr\/app\/wp-json\/wp\/v2\/product_tag?post=3730514"}],"curies":[{"name":"wp","href":"https:\/\/api.w.org\/{rel}","templated":true}]}}