{"id":3730379,"date":"2026-03-07T00:19:58","date_gmt":"2026-03-06T23:19:58","guid":{"rendered":"https:\/\/streetmarkets.fr\/app\/produit\/carre-bandana-soie-love-anis-lilac\/"},"modified":"2026-05-06T01:18:36","modified_gmt":"2026-05-05T23:18:36","slug":"carre-bandana-soie-love-anis-lilac","status":"publish","type":"product","link":"https:\/\/streetmarkets.fr\/app\/produit\/carre-bandana-soie-love-anis-lilac\/","title":{"rendered":"Carr\u00e9 Bandana Soie LOVE &#8211; Anis\/Lilac"},"content":{"rendered":"<p><strong><a href=\"https:\/\/frenchtouche.com\/collections\/de-novembre\" title=\"Collection De Novembre\">Collection De Novembre<\/a><\/strong><\/p>\n<p>LOVE, un bandana en soie qui utilise un proc\u00e9d\u00e9 de teinture artisanal pour cr\u00e9er ses jolis motifs coeurs.<\/p>\n<div>Fabriqu\u00e9 dans un luxueux serg\u00e9 de soie. Roulott\u00e9 main.<\/div>\n<div><\/div>\n<p>Coloris Anis &amp; Lilac.<\/p>\n<p>100% Twill de soie.<\/p>\n<p>Dimension : 55 x 55 cm<\/p>\n<p><span>Confectionn\u00e9 artisanalement en Inde, dans le respect des valeurs \u00e9thiques, sociales et environnementales de la marque.\u00a0Judith Bourdin, la cr\u00e9atrice, collabore depuis plus de 10 ans avec des artisans et coop\u00e9ratives de la r\u00e9gion du Gujarat et du Cachemire riches de nombreux savoir-faire ancestraux.<\/span><\/p>\n<p>Conseils d&#8217;entretien : lavage \u00e0 sec et repassage doux.<\/p>\n","protected":false},"excerpt":{"rendered":"<p>Collection De Novembre LOVE, un bandana en soie qui utilise un proc\u00e9d\u00e9 de teinture artisanal pour cr\u00e9er ses jolis motifs coeurs. Fabriqu\u00e9 dans un luxueux serg\u00e9 de soie. Roulott\u00e9 main. Coloris Anis &amp; Lilac. 100% Twill de soie. Dimension : 55 x 55 cm Confectionn\u00e9 artisanalement en Inde, dans le respect des valeurs \u00e9thiques, sociales [&hellip;]<\/p>\n","protected":false},"featured_media":3730380,"comment_status":"open","ping_status":"closed","template":"","meta":[],"product_brand":[],"product_cat":[],"product_tag":[],"acf":[],"_links":{"self":[{"href":"https:\/\/streetmarkets.fr\/app\/wp-json\/wp\/v2\/product\/3730379"}],"collection":[{"href":"https:\/\/streetmarkets.fr\/app\/wp-json\/wp\/v2\/product"}],"about":[{"href":"https:\/\/streetmarkets.fr\/app\/wp-json\/wp\/v2\/types\/product"}],"replies":[{"embeddable":true,"href":"https:\/\/streetmarkets.fr\/app\/wp-json\/wp\/v2\/comments?post=3730379"}],"wp:featuredmedia":[{"embeddable":true,"href":"https:\/\/streetmarkets.fr\/app\/wp-json\/wp\/v2\/media\/3730380"}],"wp:attachment":[{"href":"https:\/\/streetmarkets.fr\/app\/wp-json\/wp\/v2\/media?parent=3730379"}],"wp:term":[{"taxonomy":"product_brand","embeddable":true,"href":"https:\/\/streetmarkets.fr\/app\/wp-json\/wp\/v2\/product_brand?post=3730379"},{"taxonomy":"product_cat","embeddable":true,"href":"https:\/\/streetmarkets.fr\/app\/wp-json\/wp\/v2\/product_cat?post=3730379"},{"taxonomy":"product_tag","embeddable":true,"href":"https:\/\/streetmarkets.fr\/app\/wp-json\/wp\/v2\/product_tag?post=3730379"}],"curies":[{"name":"wp","href":"https:\/\/api.w.org\/{rel}","templated":true}]}}