{"id":3730315,"date":"2026-03-07T00:19:54","date_gmt":"2026-03-06T23:19:54","guid":{"rendered":"https:\/\/streetmarkets.fr\/app\/produit\/broche-oisillon-bleu\/"},"modified":"2026-04-08T01:18:19","modified_gmt":"2026-04-07T23:18:19","slug":"broche-oisillon-bleu","status":"publish","type":"product","link":"https:\/\/streetmarkets.fr\/app\/produit\/broche-oisillon-bleu\/","title":{"rendered":"Broche Oisillon Bleu"},"content":{"rendered":"<p><a href=\"\/collections\/macon-lesquoy\" title=\"Collection Macon &amp; Lesquoy\"><strong>Collection Macon &amp; Lesquoy<\/strong><\/a><\/p>\n<p><span>Taille de la broche : environ 2,1 x 2,9<\/span><span>\u00a0<\/span><span>cm<\/span><span><br \/><\/span><br \/><span><\/span><span>Dessin\u00e9es et brod\u00e9es \u00e0 la main avec soin dans\u00a0leur atelier au Pakistan,\u00a0les broches Macon &amp; Lesquoy sont l&#8217;accessoire indispensable de l\u2019\u00e9l\u00e9gance&#8230;<br \/>Jusque dans leur coffret en carton et velours !<br \/>Porteuses de messages et d\u2019attention, elles savent s\u00e9duire en toutes occasions.<br \/>D\u00e9cal\u00e9es, elles seront la touche d&#8217;originalit\u00e9 dans un monde au garde \u00e0 vous.<\/span><\/p>\n<p><span>Les broderies des broches sont cr\u00e9\u00e9es et dessin\u00e9es sp\u00e9cialement par les cr\u00e9atrices M&amp;L. Elles sont enti\u00e8rement r\u00e9alis\u00e9es \u00e0 la main, en fil de cannetille, selon une technique indo-pakistanaise tr\u00e8s ancienne. C&#8217;est pour cela qu&#8217;en 2009,\u00a0elles\u00a0ont recrut\u00e9\u00a0des brodeurs au Pakistan o\u00f9\u00a0elles\u00a0ont construit\u00a0leur atelier d&#8217;artisanat.<\/span><\/p>\n<p><span>Les\u00a0broches sont fragiles. \u00c9vitez les frottements et l&#8217;eau ! Pour les garder longtemps, rangez-les soigneusement dans leur joli coffret cartonn\u00e9.<\/span><\/p>\n","protected":false},"excerpt":{"rendered":"<p>Collection Macon &amp; Lesquoy Taille de la broche : environ 2,1 x 2,9\u00a0cmDessin\u00e9es et brod\u00e9es \u00e0 la main avec soin dans\u00a0leur atelier au Pakistan,\u00a0les broches Macon &amp; Lesquoy sont l&#8217;accessoire indispensable de l\u2019\u00e9l\u00e9gance&#8230;Jusque dans leur coffret en carton et velours !Porteuses de messages et d\u2019attention, elles savent s\u00e9duire en toutes occasions.D\u00e9cal\u00e9es, elles seront la touche [&hellip;]<\/p>\n","protected":false},"featured_media":3730316,"comment_status":"open","ping_status":"closed","template":"","meta":[],"product_brand":[],"product_cat":[],"product_tag":[],"acf":[],"_links":{"self":[{"href":"https:\/\/streetmarkets.fr\/app\/wp-json\/wp\/v2\/product\/3730315"}],"collection":[{"href":"https:\/\/streetmarkets.fr\/app\/wp-json\/wp\/v2\/product"}],"about":[{"href":"https:\/\/streetmarkets.fr\/app\/wp-json\/wp\/v2\/types\/product"}],"replies":[{"embeddable":true,"href":"https:\/\/streetmarkets.fr\/app\/wp-json\/wp\/v2\/comments?post=3730315"}],"wp:featuredmedia":[{"embeddable":true,"href":"https:\/\/streetmarkets.fr\/app\/wp-json\/wp\/v2\/media\/3730316"}],"wp:attachment":[{"href":"https:\/\/streetmarkets.fr\/app\/wp-json\/wp\/v2\/media?parent=3730315"}],"wp:term":[{"taxonomy":"product_brand","embeddable":true,"href":"https:\/\/streetmarkets.fr\/app\/wp-json\/wp\/v2\/product_brand?post=3730315"},{"taxonomy":"product_cat","embeddable":true,"href":"https:\/\/streetmarkets.fr\/app\/wp-json\/wp\/v2\/product_cat?post=3730315"},{"taxonomy":"product_tag","embeddable":true,"href":"https:\/\/streetmarkets.fr\/app\/wp-json\/wp\/v2\/product_tag?post=3730315"}],"curies":[{"name":"wp","href":"https:\/\/api.w.org\/{rel}","templated":true}]}}