{"id":3730169,"date":"2026-03-07T00:13:54","date_gmt":"2026-03-06T23:13:54","guid":{"rendered":"https:\/\/streetmarkets.fr\/app\/produit\/echarpe-laine-et-soie-757-navy-blue\/"},"modified":"2026-05-16T01:13:29","modified_gmt":"2026-05-15T23:13:29","slug":"echarpe-laine-et-soie-757-navy-blue","status":"publish","type":"product","link":"https:\/\/streetmarkets.fr\/app\/produit\/echarpe-laine-et-soie-757-navy-blue\/","title":{"rendered":"Echarpe Laine et Soie 757 Navy Blue"},"content":{"rendered":"<p><!--\n@page { margin: 2cm }\n\t\tP { margin-bottom: 0.21cm }\n--><\/p>\n<p><a title=\"Collection Moismont\" href=\"\/collections\/moismont\"><strong>Collection Moismont<\/strong><\/a><\/p>\n<p data-mce-fragment=\"1\">Echarpe Design N\u00b0757 Navy Blue<\/p>\n<div class=\"product-single__description rte\">\n <span data-mce-fragment=\"1\"> <span>L&#8217;\u00e9charpe N\u00b0757 est un rectangle de 90&#215;180 cm, fait main. Elle est compos\u00e9e de 85% laine et 15% soie, avec un d\u00e9grad\u00e9 de trois couleurs obtenu gr\u00e2ce \u00e0 la technique du dip dye, et un &#8220;M&#8221; rouge brod\u00e9.<\/span><\/span>\n<\/div>\n<div class=\"product-single__description rte\">\n<span data-mce-fragment=\"1\"><\/span>\n<\/div>\n<div class=\"product-single__description rte\">90&#215;180 cm<br \/>85% Laine et 15% Soie<\/div>\n<div class=\"product-single__description rte\">Dessin\u00e9e en France<br \/>Fabriqu\u00e9e artisanalement en\u00a0Inde<\/p>\n<p>L&#8217;\u00e9charpe peut comporter quelques irr\u00e9gularit\u00e9s qui font tout le charme de sa conception artisanale.<\/p><\/div>\n<div class=\"product-single__description rte\">\n<br \/>Conseils\u00a0d&#8217;entretien :<br \/>La laine est une fibre d\u00e9licate qui n\u00e9cessite d\u2019\u00eatre entretenue avec soin. Pour pr\u00e9server la beaut\u00e9 de votre \u00e9tole nous vous recommandons de l&#8217;\u00e9tendre apr\u00e8s usage afin de l&#8217;a\u00e9rer. Conservez-la d\u00e9nou\u00e9e et \u00e0 plat pour \u00e9viter de la froisser. Le repassage est d\u00e9conseill\u00e9.<\/div>\n<div class=\"product-single__description rte\"><\/div>\n","protected":false},"excerpt":{"rendered":"<p>Collection Moismont Echarpe Design N\u00b0757 Navy Blue L&#8217;\u00e9charpe N\u00b0757 est un rectangle de 90&#215;180 cm, fait main. Elle est compos\u00e9e de 85% laine et 15% soie, avec un d\u00e9grad\u00e9 de trois couleurs obtenu gr\u00e2ce \u00e0 la technique du dip dye, et un &#8220;M&#8221; rouge brod\u00e9. 90&#215;180 cm85% Laine et 15% Soie Dessin\u00e9e en FranceFabriqu\u00e9e artisanalement [&hellip;]<\/p>\n","protected":false},"featured_media":3730170,"comment_status":"open","ping_status":"closed","template":"","meta":[],"product_brand":[],"product_cat":[],"product_tag":[],"acf":[],"_links":{"self":[{"href":"https:\/\/streetmarkets.fr\/app\/wp-json\/wp\/v2\/product\/3730169"}],"collection":[{"href":"https:\/\/streetmarkets.fr\/app\/wp-json\/wp\/v2\/product"}],"about":[{"href":"https:\/\/streetmarkets.fr\/app\/wp-json\/wp\/v2\/types\/product"}],"replies":[{"embeddable":true,"href":"https:\/\/streetmarkets.fr\/app\/wp-json\/wp\/v2\/comments?post=3730169"}],"wp:featuredmedia":[{"embeddable":true,"href":"https:\/\/streetmarkets.fr\/app\/wp-json\/wp\/v2\/media\/3730170"}],"wp:attachment":[{"href":"https:\/\/streetmarkets.fr\/app\/wp-json\/wp\/v2\/media?parent=3730169"}],"wp:term":[{"taxonomy":"product_brand","embeddable":true,"href":"https:\/\/streetmarkets.fr\/app\/wp-json\/wp\/v2\/product_brand?post=3730169"},{"taxonomy":"product_cat","embeddable":true,"href":"https:\/\/streetmarkets.fr\/app\/wp-json\/wp\/v2\/product_cat?post=3730169"},{"taxonomy":"product_tag","embeddable":true,"href":"https:\/\/streetmarkets.fr\/app\/wp-json\/wp\/v2\/product_tag?post=3730169"}],"curies":[{"name":"wp","href":"https:\/\/api.w.org\/{rel}","templated":true}]}}