{"id":3730085,"date":"2026-03-06T06:37:37","date_gmt":"2026-03-06T05:37:37","guid":{"rendered":"https:\/\/streetmarkets.fr\/app\/produit\/poncho-cachemire-madluv-poncho-bicolore\/"},"modified":"2026-05-11T07:37:45","modified_gmt":"2026-05-11T05:37:45","slug":"poncho-cachemire-madluv-poncho-bicolore","status":"publish","type":"product","link":"https:\/\/streetmarkets.fr\/app\/produit\/poncho-cachemire-madluv-poncho-bicolore\/","title":{"rendered":"Poncho Cachemire Madluv Poncho Bicolore"},"content":{"rendered":"<p>PONCHO BICOLOR- L&#8217;\u00e9clair de couleur sur cachemirePoncho col rond et sans manches, d&#8217;une fluidit\u00e9 a\u00e9rienne.Mod\u00e8le bicolore structur\u00e9, marqu\u00e9 par un \u00e9clair de couleur contrast\u00e9 au bas du v\u00eatement.Coloris : Vert C\u00e9ladon &amp; Camel.Composition :100 % cachemire-\u00a0Taille UniqueLa livraison est offerte pour la France M\u00e9tropolitaine !<\/p>\n","protected":false},"excerpt":{"rendered":"<p>PONCHO BICOLOR- L&#8217;\u00e9clair de couleur sur cachemirePoncho col rond et sans manches, d&#8217;une fluidit\u00e9 a\u00e9rienne.Mod\u00e8le bicolore structur\u00e9, marqu\u00e9 par un \u00e9clair de couleur contrast\u00e9 au bas du v\u00eatement.Coloris : Vert C\u00e9ladon &amp; Camel.Composition :100 % cachemire-\u00a0Taille UniqueLa livraison est offerte pour la France M\u00e9tropolitaine !<\/p>\n","protected":false},"featured_media":3730086,"comment_status":"open","ping_status":"closed","template":"","meta":[],"product_brand":[],"product_cat":[],"product_tag":[],"acf":[],"_links":{"self":[{"href":"https:\/\/streetmarkets.fr\/app\/wp-json\/wp\/v2\/product\/3730085"}],"collection":[{"href":"https:\/\/streetmarkets.fr\/app\/wp-json\/wp\/v2\/product"}],"about":[{"href":"https:\/\/streetmarkets.fr\/app\/wp-json\/wp\/v2\/types\/product"}],"replies":[{"embeddable":true,"href":"https:\/\/streetmarkets.fr\/app\/wp-json\/wp\/v2\/comments?post=3730085"}],"wp:featuredmedia":[{"embeddable":true,"href":"https:\/\/streetmarkets.fr\/app\/wp-json\/wp\/v2\/media\/3730086"}],"wp:attachment":[{"href":"https:\/\/streetmarkets.fr\/app\/wp-json\/wp\/v2\/media?parent=3730085"}],"wp:term":[{"taxonomy":"product_brand","embeddable":true,"href":"https:\/\/streetmarkets.fr\/app\/wp-json\/wp\/v2\/product_brand?post=3730085"},{"taxonomy":"product_cat","embeddable":true,"href":"https:\/\/streetmarkets.fr\/app\/wp-json\/wp\/v2\/product_cat?post=3730085"},{"taxonomy":"product_tag","embeddable":true,"href":"https:\/\/streetmarkets.fr\/app\/wp-json\/wp\/v2\/product_tag?post=3730085"}],"curies":[{"name":"wp","href":"https:\/\/api.w.org\/{rel}","templated":true}]}}