{"id":3724434,"date":"2026-03-05T02:34:20","date_gmt":"2026-03-05T01:34:20","guid":{"rendered":"https:\/\/streetmarkets.fr\/app\/produit\/jf-rey-j820\/"},"modified":"2026-05-04T03:33:40","modified_gmt":"2026-05-04T01:33:40","slug":"jf-rey-j820","status":"publish","type":"product","link":"https:\/\/streetmarkets.fr\/app\/produit\/jf-rey-j820\/","title":{"rendered":"JF Rey &#8211; J820"},"content":{"rendered":"<p>Monture solaire fine en m\u00e9tal couleur bronze, caract\u00e9ristique du design minimaliste des ann\u00e9es 90. Elle pr\u00e9sente une forme rectangulaire \u00e9troite avec des verres l\u00e9g\u00e8rement teint\u00e9s orange, soulignant une silhouette l\u00e9g\u00e8re et \u00e9pur\u00e9e. Un mod\u00e8le discret et \u00e9l\u00e9gant, repr\u00e9sentatif de l\u2019esth\u00e9tique sobre et moderne de cette p\u00e9riode.<br \/>Fabriqu\u00e9es \u00e0 la main dans le Jura, ces lunettes t\u00e9moignent du savoir-faire fran\u00e7ais traditionnel et de l&#8217;attention port\u00e9e \u00e0 chaque d\u00e9tail.<\/p>\n<div id=\"accordion\">\n<div class=\"card\" style=\"border-top: 1px solid #d3d3d3;border-left: none;border-right: none;border-bottom: 1px solid #d3d3d3\">\n<div id=\"collapseOne\" class=\"collapse\">\n<div class=\"card-body\" style=\"margin-top: -10px\">\n<p style=\"margin-bottom: -3px;font-size: 15px\"><b><br \/>Marque :\u00a0<\/b>JF Rey<\/p>\n<p style=\"margin-bottom: -3px;font-size: 15px\"><b>Forme :\u00a0<\/b>rectangulaire<\/p>\n<p style=\"margin-bottom: -3px;font-size: 15px\"><b>Couleur : <\/b>\u00a0Bronze<\/p>\n<p style=\"margin-bottom: -3px;font-size: 15px\"><b>Verres :<\/b> Orange<\/p>\n<p style=\"margin-bottom: -15px;font-size: 15px\"><b>Fabrication :\u00a0<\/b>France &#8211; Jura<\/p>\n<p><\/p>\n<p style=\"margin-bottom: -5px;font-size: 15px\"><b><span style=\"font-size: 15px\">Etat :\u00a0<\/span><\/b><span style=\"font-size: 15px\">Tr\u00e8s bon \u00e9tat<\/span><\/p>\n<p><\/p>\n<p style=\"margin-bottom: -5px;font-style: italic;font-size: 15px\">Toutes nos lunettes passent entre les mains de nos opticiens, qui r\u00e9habilitent et ajustent les montures pour un confort optimal.<\/p>\n<\/div>\n<\/div>\n<\/div>\n<div class=\"card\" style=\"border: none;border-bottom: 1px solid #d3d3d3\">\n<button style=\"color: black;background-color: initial;box-shadow: none;font-size: 20px;text-transform: uppercase;border: none\" class=\"card-header collapsed card-link\" data-toggle=\"collapse\" data-target=\"#collapseTwo\"> <b class=\"header-title float-left\" style=\"font-family: Oswald;font-size: 15px;font-style: normal;font-variant: normal;font-weight: 400;line-height: 18.2px;text-align: justify;color: #766456;letter-spacing: 1px\"> Guide des tailles<\/b> <i class=\"fas fa-angle-right float-right\" style=\"position: absolute;right: 10px;color: #766456\"><\/i> <\/button><\/p>\n<div id=\"collapseTwo\" class=\"collapse\">\n<div class=\"card-body\" style=\"margin-top: -10px\">\n<img decoding=\"async\" src=\"https:\/\/cdn.shopify.com\/s\/files\/1\/0602\/6009\/0089\/files\/mesurerectanglePNG.png?v=1636987570\" border=\"0\"> <\/p>\n<p style=\"font-size: 15px;margin-bottom: -5px\"><b>A <\/b>\u00a0&#8211; Face : 130 mm <br \/><b>B <\/b>\u00a0&#8211; Pont\/Nez : 10 mm <br \/><b>C <\/b>\u00a0&#8211; Calibre : 27 mm<\/p>\n<\/div>\n<\/div>\n<\/div>\n<div class=\"card\" style=\"border: none;border-bottom: 1px solid #d3d3d3\">\n<button style=\"color: black;background-color: initial;box-shadow: none;font-size: 20px;text-transform: uppercase;border: none\" class=\"card-header collapsed card-link\" data-toggle=\"collapse\" data-target=\"#collapseThree\"> <b class=\"header-title float-left\" style=\"font-family: Oswald;font-size: 15px;font-style: normal;font-variant: normal;font-weight: 400;line-height: 18.2px;text-align: justify;color: #766456;letter-spacing: 1px\"> Entretien <\/b> <i class=\"fas fa-angle-right float-right\" style=\"position: absolute;right: 10px;color: #766456\"><\/i> <\/button><\/p>\n<div id=\"collapseThree\" class=\"collapse\">\n<div class=\"card-body\" style=\"margin-top: -10px\">\n<p style=\"font-size: 15px\">&#8211; Nettoyez vos lunettes avec de l&#8217;eau froide (jamais chaude) et du savon liquide et essuyez les avec une microfibre.<\/p>\n<p style=\"font-size: 15px\">&#8211; Rangez vos lunettes dans leur \u00e9tui et ne jamais les poser sur les verres.<\/p>\n<p style=\"font-size: 15px;margin-bottom: -5px\">&#8211; Ne laissez jamais vos lunettes pr\u00e8s d&#8217;une source de chaleur<\/p>\n<\/div>\n<\/div>\n<\/div>\n<\/div>\n<p style=\"font-style: italic;font-size: 15px;margin-top: 10px\">Chaque paire est livr\u00e9e dans son \u00e9tui Seconde Vue fabriqu\u00e9 en Italie<br \/>Seconde Vue est une entreprise certifi\u00e9e B Corp\u00a0<\/p>\n","protected":false},"excerpt":{"rendered":"<p>Monture solaire fine en m\u00e9tal couleur bronze, caract\u00e9ristique du design minimaliste des ann\u00e9es 90. Elle pr\u00e9sente une forme rectangulaire \u00e9troite avec des verres l\u00e9g\u00e8rement teint\u00e9s orange, soulignant une silhouette l\u00e9g\u00e8re et \u00e9pur\u00e9e. Un mod\u00e8le discret et \u00e9l\u00e9gant, repr\u00e9sentatif de l\u2019esth\u00e9tique sobre et moderne de cette p\u00e9riode.Fabriqu\u00e9es \u00e0 la main dans le Jura, ces lunettes t\u00e9moignent [&hellip;]<\/p>\n","protected":false},"featured_media":3724435,"comment_status":"open","ping_status":"closed","template":"","meta":[],"product_brand":[],"product_cat":[],"product_tag":[],"acf":[],"_links":{"self":[{"href":"https:\/\/streetmarkets.fr\/app\/wp-json\/wp\/v2\/product\/3724434"}],"collection":[{"href":"https:\/\/streetmarkets.fr\/app\/wp-json\/wp\/v2\/product"}],"about":[{"href":"https:\/\/streetmarkets.fr\/app\/wp-json\/wp\/v2\/types\/product"}],"replies":[{"embeddable":true,"href":"https:\/\/streetmarkets.fr\/app\/wp-json\/wp\/v2\/comments?post=3724434"}],"wp:featuredmedia":[{"embeddable":true,"href":"https:\/\/streetmarkets.fr\/app\/wp-json\/wp\/v2\/media\/3724435"}],"wp:attachment":[{"href":"https:\/\/streetmarkets.fr\/app\/wp-json\/wp\/v2\/media?parent=3724434"}],"wp:term":[{"taxonomy":"product_brand","embeddable":true,"href":"https:\/\/streetmarkets.fr\/app\/wp-json\/wp\/v2\/product_brand?post=3724434"},{"taxonomy":"product_cat","embeddable":true,"href":"https:\/\/streetmarkets.fr\/app\/wp-json\/wp\/v2\/product_cat?post=3724434"},{"taxonomy":"product_tag","embeddable":true,"href":"https:\/\/streetmarkets.fr\/app\/wp-json\/wp\/v2\/product_tag?post=3724434"}],"curies":[{"name":"wp","href":"https:\/\/api.w.org\/{rel}","templated":true}]}}