{"id":3716869,"date":"2026-03-04T06:37:31","date_gmt":"2026-03-04T05:37:31","guid":{"rendered":"https:\/\/streetmarkets.fr\/app\/produit\/pull-cachemire-madluv-paradis-bicolore\/"},"modified":"2026-05-13T07:37:49","modified_gmt":"2026-05-13T05:37:49","slug":"pull-cachemire-madluv-paradis-bicolore","status":"publish","type":"product","link":"https:\/\/streetmarkets.fr\/app\/produit\/pull-cachemire-madluv-paradis-bicolore\/","title":{"rendered":"Pull Cachemire Madluv Paradis Bicolore"},"content":{"rendered":"<p>PARADIS BICOLORE- Pull bicolore aux d\u00e9tails contrast\u00e9sPull col rond, manches raglan longues.D\u00e9tails contrast\u00e9s au col, aux poignets et \u00e0 l&#8217;ourletpour un \u00e9clat vif.Coloris : CamelExiste en trois coloris : Vert C\u00e9ladon \/ Gris clair \/ Camel100% cachemire- Taille UniqueLa livraison est offerte pour la France M\u00e9tropolitaine !<\/p>\n","protected":false},"excerpt":{"rendered":"<p>PARADIS BICOLORE- Pull bicolore aux d\u00e9tails contrast\u00e9sPull col rond, manches raglan longues.D\u00e9tails contrast\u00e9s au col, aux poignets et \u00e0 l&#8217;ourletpour un \u00e9clat vif.Coloris : CamelExiste en trois coloris : Vert C\u00e9ladon \/ Gris clair \/ Camel100% cachemire- Taille UniqueLa livraison est offerte pour la France M\u00e9tropolitaine !<\/p>\n","protected":false},"featured_media":3716870,"comment_status":"open","ping_status":"closed","template":"","meta":[],"product_brand":[],"product_cat":[],"product_tag":[],"acf":[],"_links":{"self":[{"href":"https:\/\/streetmarkets.fr\/app\/wp-json\/wp\/v2\/product\/3716869"}],"collection":[{"href":"https:\/\/streetmarkets.fr\/app\/wp-json\/wp\/v2\/product"}],"about":[{"href":"https:\/\/streetmarkets.fr\/app\/wp-json\/wp\/v2\/types\/product"}],"replies":[{"embeddable":true,"href":"https:\/\/streetmarkets.fr\/app\/wp-json\/wp\/v2\/comments?post=3716869"}],"wp:featuredmedia":[{"embeddable":true,"href":"https:\/\/streetmarkets.fr\/app\/wp-json\/wp\/v2\/media\/3716870"}],"wp:attachment":[{"href":"https:\/\/streetmarkets.fr\/app\/wp-json\/wp\/v2\/media?parent=3716869"}],"wp:term":[{"taxonomy":"product_brand","embeddable":true,"href":"https:\/\/streetmarkets.fr\/app\/wp-json\/wp\/v2\/product_brand?post=3716869"},{"taxonomy":"product_cat","embeddable":true,"href":"https:\/\/streetmarkets.fr\/app\/wp-json\/wp\/v2\/product_cat?post=3716869"},{"taxonomy":"product_tag","embeddable":true,"href":"https:\/\/streetmarkets.fr\/app\/wp-json\/wp\/v2\/product_tag?post=3716869"}],"curies":[{"name":"wp","href":"https:\/\/api.w.org\/{rel}","templated":true}]}}